{"id":47,"date":"2021-09-27T08:19:56","date_gmt":"2021-09-27T08:19:56","guid":{"rendered":"https:\/\/lazale.com\/?page_id=47"},"modified":"2023-06-27T08:47:35","modified_gmt":"2023-06-27T08:47:35","slug":"blog-sitemap","status":"publish","type":"page","link":"https:\/\/lazale.com\/da\/blog-sitemap\/","title":{"rendered":"Blog sitemap"},"content":{"rendered":"<p>Her finder du alle de artikler om Str\u00e6km\u00e6rker, som vi har skrevet p\u00e5 vores blog. Tag dig tid til at se dig omkring, der vil ogs\u00e5 v\u00e6re noget sp\u00e6ndende for dig.<\/p>\n\n\n<div class=\"wsp-container\"><h2 class=\"wsp-posts-title\">Posts by category<\/h2>\n<ul class=\"wsp-posts-list\">\n\t<li><strong class=\"wsp-category-title\">Category: <a href=\"https:\/\/lazale.com\/da\/category\/dehnungsstreifen\/\">Str\u00e6km\u00e6rker<\/a><\/strong>\n<ul class=\"wsp-posts-list\">\t\t<li class=\"wsp-post\"><a href=\"https:\/\/lazale.com\/da\/straekmaerker-pubertaet\/\">Str\u00e6km\u00e6rker i puberteten: Forst\u00e5else, forebyggelse og behandling<\/a><\/li>\n\t\t<li class=\"wsp-post\"><a href=\"https:\/\/lazale.com\/da\/husrad-anti-straekmaerker\/\">Naturlige hjemmemidler mod Str\u00e6km\u00e6rker<\/a><\/li>\n\t\t<li class=\"wsp-post\"><a href=\"https:\/\/lazale.com\/da\/straekmaerker\/\">Str\u00e6km\u00e6rker: \u00c5rsager, behandling og forebyggelse<\/a><\/li>\n<\/ul><\/li>\n\t<li><strong class=\"wsp-category-title\">Category: <a href=\"https:\/\/lazale.com\/da\/category\/schwangerschaftsstreifen\/\">Str\u00e6km\u00e6rker Gravid<\/a><\/strong>\n<ul class=\"wsp-posts-list\">\t\t<li class=\"wsp-post\"><a href=\"https:\/\/lazale.com\/da\/straekmaerker-graviditet\/\">Tips til at forebygge Str\u00e6km\u00e6rker under Graviditeten<\/a><\/li>\n\t\t<li class=\"wsp-post\"><a href=\"https:\/\/lazale.com\/da\/graviditetsstriber\/\">Str\u00e6km\u00e6rker: \u00c5rsager, forebyggelse og effektive behandlinger<\/a><\/li>\n<\/ul><\/li>\n<\/ul>\n<\/div>","protected":false},"excerpt":{"rendered":"<p>Her finder du alle de artikler om Str\u00e6km\u00e6rker, som vi har skrevet p\u00e5 vores blog. Tag dig tid til at se dig omkring, der vil ogs\u00e5 v\u00e6re noget sp\u00e6ndende for dig.<\/p>","protected":false},"author":1,"featured_media":0,"parent":0,"menu_order":0,"comment_status":"closed","ping_status":"closed","template":"","meta":{"_uag_custom_page_level_css":"","advgb_blocks_editor_width":"","advgb_blocks_columns_visual_guide":"","site-sidebar-layout":"default","site-content-layout":"default","ast-site-content-layout":"default","site-content-style":"default","site-sidebar-style":"default","ast-global-header-display":"","ast-banner-title-visibility":"","ast-main-header-display":"","ast-hfb-above-header-display":"","ast-hfb-below-header-display":"","ast-hfb-mobile-header-display":"","site-post-title":"","ast-breadcrumbs-content":"","ast-featured-img":"","footer-sml-layout":"","ast-disable-related-posts":"","theme-transparent-header-meta":"default","adv-header-id-meta":"","stick-header-meta":"default","header-above-stick-meta":"","header-main-stick-meta":"","header-below-stick-meta":"","astra-migrate-meta-layouts":"default","ast-page-background-enabled":"default","ast-page-background-meta":{"desktop":{"background-color":"","background-image":"","background-repeat":"repeat","background-position":"center center","background-size":"auto","background-attachment":"scroll","background-type":"","background-media":"","overlay-type":"","overlay-color":"","overlay-opacity":"","overlay-gradient":""},"tablet":{"background-color":"","background-image":"","background-repeat":"repeat","background-position":"center center","background-size":"auto","background-attachment":"scroll","background-type":"","background-media":"","overlay-type":"","overlay-color":"","overlay-opacity":"","overlay-gradient":""},"mobile":{"background-color":"","background-image":"","background-repeat":"repeat","background-position":"center center","background-size":"auto","background-attachment":"scroll","background-type":"","background-media":"","overlay-type":"","overlay-color":"","overlay-opacity":"","overlay-gradient":""}},"ast-content-background-meta":{"desktop":{"background-color":"var(--ast-global-color-5)","background-image":"","background-repeat":"repeat","background-position":"center center","background-size":"auto","background-attachment":"scroll","background-type":"","background-media":"","overlay-type":"","overlay-color":"","overlay-opacity":"","overlay-gradient":""},"tablet":{"background-color":"var(--ast-global-color-5)","background-image":"","background-repeat":"repeat","background-position":"center center","background-size":"auto","background-attachment":"scroll","background-type":"","background-media":"","overlay-type":"","overlay-color":"","overlay-opacity":"","overlay-gradient":""},"mobile":{"background-color":"var(--ast-global-color-5)","background-image":"","background-repeat":"repeat","background-position":"center center","background-size":"auto","background-attachment":"scroll","background-type":"","background-media":"","overlay-type":"","overlay-color":"","overlay-opacity":"","overlay-gradient":""}},"footnotes":""},"class_list":["post-47","page","type-page","status-publish","hentry"],"yoast_head":"<!-- This site is optimized with the Yoast SEO Premium plugin v23.7 (Yoast SEO v26.6) - https:\/\/yoast.com\/wordpress\/plugins\/seo\/ -->\n<title>Blog-Sitemap - Lazale<\/title>\n<meta name=\"robots\" content=\"noindex, follow\" \/>\n<meta property=\"og:locale\" content=\"da_DK\" \/>\n<meta property=\"og:type\" content=\"article\" \/>\n<meta property=\"og:title\" content=\"Blog-Sitemap\" \/>\n<meta property=\"og:description\" content=\"Hier finden Sie alle Beitr\u00e4ge rund um das Dehnungsstreifen die wir in unserem Blog geschrieben haben. Schauen Sie sich in Ruhe um, es wird auch f\u00fcr Sie etwas Spannendes dabei sein.\" \/>\n<meta property=\"og:url\" content=\"https:\/\/lazale.com\/da\/blog-sitemap\/\" \/>\n<meta property=\"og:site_name\" content=\"Lazale\" \/>\n<meta property=\"article:modified_time\" content=\"2023-06-27T08:47:35+00:00\" \/>\n<meta name=\"twitter:card\" content=\"summary_large_image\" \/>\n<meta name=\"twitter:label1\" content=\"Estimeret l\u00e6setid\" \/>\n\t<meta name=\"twitter:data1\" content=\"1 minut\" \/>\n<script type=\"application\/ld+json\" class=\"yoast-schema-graph\">{\"@context\":\"https:\/\/schema.org\",\"@graph\":[{\"@type\":\"WebPage\",\"@id\":\"https:\/\/lazale.com\/cs\/blog-sitemap\/\",\"url\":\"https:\/\/lazale.com\/cs\/blog-sitemap\/\",\"name\":\"Blog-Sitemap - Lazale\",\"isPartOf\":{\"@id\":\"https:\/\/lazale.com\/pt\/#website\"},\"datePublished\":\"2021-09-27T08:19:56+00:00\",\"dateModified\":\"2023-06-27T08:47:35+00:00\",\"breadcrumb\":{\"@id\":\"https:\/\/lazale.com\/cs\/blog-sitemap\/#breadcrumb\"},\"inLanguage\":\"da-DK\",\"potentialAction\":[{\"@type\":\"ReadAction\",\"target\":[\"https:\/\/lazale.com\/cs\/blog-sitemap\/\"]}]},{\"@type\":\"BreadcrumbList\",\"@id\":\"https:\/\/lazale.com\/cs\/blog-sitemap\/#breadcrumb\",\"itemListElement\":[{\"@type\":\"ListItem\",\"position\":1,\"name\":\"Home\",\"item\":\"https:\/\/lazale.com\/\"},{\"@type\":\"ListItem\",\"position\":2,\"name\":\"Blog-Sitemap\"}]},{\"@type\":\"WebSite\",\"@id\":\"https:\/\/lazale.com\/pt\/#website\",\"url\":\"https:\/\/lazale.com\/pt\/\",\"name\":\"Lazale\",\"description\":\"Dehnungsstreifen Creme\",\"publisher\":{\"@id\":\"https:\/\/lazale.com\/pt\/#organization\"},\"potentialAction\":[{\"@type\":\"SearchAction\",\"target\":{\"@type\":\"EntryPoint\",\"urlTemplate\":\"https:\/\/lazale.com\/pt\/?s={search_term_string}\"},\"query-input\":{\"@type\":\"PropertyValueSpecification\",\"valueRequired\":true,\"valueName\":\"search_term_string\"}}],\"inLanguage\":\"da-DK\"},{\"@type\":\"Organization\",\"@id\":\"https:\/\/lazale.com\/pt\/#organization\",\"name\":\"Lazale\",\"url\":\"https:\/\/lazale.com\/pt\/\",\"logo\":{\"@type\":\"ImageObject\",\"inLanguage\":\"da-DK\",\"@id\":\"https:\/\/lazale.com\/pt\/#\/schema\/logo\/image\/\",\"url\":\"https:\/\/lazale.com\/wp-content\/uploads\/2021\/09\/cropped-LAZALE-LOGO.png\",\"contentUrl\":\"https:\/\/lazale.com\/wp-content\/uploads\/2021\/09\/cropped-LAZALE-LOGO.png\",\"width\":243,\"height\":78,\"caption\":\"Lazale\"},\"image\":{\"@id\":\"https:\/\/lazale.com\/pt\/#\/schema\/logo\/image\/\"}}]}<\/script>\n<!-- \/ Yoast SEO Premium plugin. -->","yoast_head_json":{"title":"Blog-Sitemap - Lazale","robots":{"index":"noindex","follow":"follow"},"og_locale":"da_DK","og_type":"article","og_title":"Blog-Sitemap","og_description":"Hier finden Sie alle Beitr\u00e4ge rund um das Dehnungsstreifen die wir in unserem Blog geschrieben haben. Schauen Sie sich in Ruhe um, es wird auch f\u00fcr Sie etwas Spannendes dabei sein.","og_url":"https:\/\/lazale.com\/da\/blog-sitemap\/","og_site_name":"Lazale","article_modified_time":"2023-06-27T08:47:35+00:00","twitter_card":"summary_large_image","twitter_misc":{"Estimeret l\u00e6setid":"1 minut"},"schema":{"@context":"https:\/\/schema.org","@graph":[{"@type":"WebPage","@id":"https:\/\/lazale.com\/cs\/blog-sitemap\/","url":"https:\/\/lazale.com\/cs\/blog-sitemap\/","name":"Blog-Sitemap - Lazale","isPartOf":{"@id":"https:\/\/lazale.com\/pt\/#website"},"datePublished":"2021-09-27T08:19:56+00:00","dateModified":"2023-06-27T08:47:35+00:00","breadcrumb":{"@id":"https:\/\/lazale.com\/cs\/blog-sitemap\/#breadcrumb"},"inLanguage":"da-DK","potentialAction":[{"@type":"ReadAction","target":["https:\/\/lazale.com\/cs\/blog-sitemap\/"]}]},{"@type":"BreadcrumbList","@id":"https:\/\/lazale.com\/cs\/blog-sitemap\/#breadcrumb","itemListElement":[{"@type":"ListItem","position":1,"name":"Home","item":"https:\/\/lazale.com\/"},{"@type":"ListItem","position":2,"name":"Blog-Sitemap"}]},{"@type":"WebSite","@id":"https:\/\/lazale.com\/pt\/#website","url":"https:\/\/lazale.com\/pt\/","name":"Lazale","description":"Creme mod Str\u00e6km\u00e6rker","publisher":{"@id":"https:\/\/lazale.com\/pt\/#organization"},"potentialAction":[{"@type":"SearchAction","target":{"@type":"EntryPoint","urlTemplate":"https:\/\/lazale.com\/pt\/?s={search_term_string}"},"query-input":{"@type":"PropertyValueSpecification","valueRequired":true,"valueName":"search_term_string"}}],"inLanguage":"da-DK"},{"@type":"Organization","@id":"https:\/\/lazale.com\/pt\/#organization","name":"Lazale","url":"https:\/\/lazale.com\/pt\/","logo":{"@type":"ImageObject","inLanguage":"da-DK","@id":"https:\/\/lazale.com\/pt\/#\/schema\/logo\/image\/","url":"https:\/\/lazale.com\/wp-content\/uploads\/2021\/09\/cropped-LAZALE-LOGO.png","contentUrl":"https:\/\/lazale.com\/wp-content\/uploads\/2021\/09\/cropped-LAZALE-LOGO.png","width":243,"height":78,"caption":"Lazale"},"image":{"@id":"https:\/\/lazale.com\/pt\/#\/schema\/logo\/image\/"}}]}},"uagb_featured_image_src":{"full":false,"thumbnail":false,"medium":false,"medium_large":false,"large":false,"1536x1536":false,"2048x2048":false,"trp-custom-language-flag":false,"woocommerce_thumbnail":false,"woocommerce_single":false,"woocommerce_gallery_thumbnail":false},"uagb_author_info":{"display_name":"Kerem085","author_link":"https:\/\/lazale.com\/da\/author\/kerem085\/"},"uagb_comment_info":0,"uagb_excerpt":"Hier finden Sie alle Beitr\u00e4ge rund um das Dehnungsstreifen die wir in unserem Blog geschrieben haben. Schauen Sie sich in Ruhe um, es wird auch f\u00fcr Sie etwas Spannendes dabei sein.","coauthors":[],"author_meta":{"author_link":"https:\/\/lazale.com\/da\/author\/kerem085\/","display_name":"Kerem085"},"relative_dates":{"created":"Udgivet 5 \u00e5r siden","modified":"Opdateret 3 \u00e5r siden"},"absolute_dates":{"created":"Udgivet september 27, 2021","modified":"Opdateret juni 27, 2023"},"absolute_dates_time":{"created":"Udgivet september 27, 2021 8:19 am","modified":"Opdateret juni 27, 2023 8:47 am"},"featured_img_caption":"","featured_img":false,"series_order":"","_links":{"self":[{"href":"https:\/\/lazale.com\/da\/wp-json\/wp\/v2\/pages\/47","targetHints":{"allow":["GET"]}}],"collection":[{"href":"https:\/\/lazale.com\/da\/wp-json\/wp\/v2\/pages"}],"about":[{"href":"https:\/\/lazale.com\/da\/wp-json\/wp\/v2\/types\/page"}],"author":[{"embeddable":true,"href":"https:\/\/lazale.com\/da\/wp-json\/wp\/v2\/users\/1"}],"replies":[{"embeddable":true,"href":"https:\/\/lazale.com\/da\/wp-json\/wp\/v2\/comments?post=47"}],"version-history":[{"count":1,"href":"https:\/\/lazale.com\/da\/wp-json\/wp\/v2\/pages\/47\/revisions"}],"predecessor-version":[{"id":48,"href":"https:\/\/lazale.com\/da\/wp-json\/wp\/v2\/pages\/47\/revisions\/48"}],"wp:attachment":[{"href":"https:\/\/lazale.com\/da\/wp-json\/wp\/v2\/media?parent=47"}],"curies":[{"name":"wp","href":"https:\/\/api.w.org\/{rel}","templated":true}]}}