{"id":15,"date":"2021-09-27T05:24:00","date_gmt":"2021-09-27T05:24:00","guid":{"rendered":"https:\/\/lazale.com\/?page_id=15"},"modified":"2025-06-30T08:23:37","modified_gmt":"2025-06-30T06:23:37","slug":"widerrufsrecht","status":"publish","type":"page","link":"https:\/\/lazale.com\/es\/widerrufsrecht\/","title":{"rendered":"Derecho de desistimiento"},"content":{"rendered":"<p><strong>Derecho de desistimiento de los consumidores<\/strong><\/p>\n\n\n\n<p>Un consumidor es toda persona f\u00edsica que celebra un negocio jur\u00eddico con fines que no pueden atribuirse predominantemente ni a su actividad comercial ni a su actividad profesional independiente.<\/p>\n\n\n\n<p><strong>Pol\u00edtica de cancelaci\u00f3n Lazale<\/strong><\/p>\n\n\n\n<p><strong>Derecho de desistimiento<\/strong><\/p>\n\n\n\n<p>Tiene usted derecho a desistir del presente contrato en un plazo de catorce d\u00edas. El plazo de desistimiento es de catorce d\u00edas a partir del d\u00eda en que usted o un tercero designado por usted, que no sea el transportista, haya tomado posesi\u00f3n de los bienes, siempre que usted haya pedido uno o varios bienes como parte de un \u00fanico pedido y \u00e9stos sean o vayan a ser entregados de manera uniforme.<\/p>\n\n\n\n<p>Salvo que las partes hayan acordado otra cosa, el derecho de desistimiento no se aplica a los siguientes contratos:<\/p>\n\n\n\n<p>Contratos para el suministro de bienes que puedan estropearse r\u00e1pidamente o cuya fecha de caducidad se sobrepasar\u00eda r\u00e1pidamente,<\/p>\n\n\n\n<p>Contratos de entrega de mercanc\u00edas precintadas que no son aptas para ser devueltas por razones de protecci\u00f3n de la salud o de higiene si su precinto ha sido retirado despu\u00e9s de la entrega.<\/p>\n\n\n\n<p>Para ejercer su derecho de desistimiento, debe informarnos de su decisi\u00f3n de rescindir este contrato mediante una declaraci\u00f3n clara (por ejemplo, una carta enviada por correo postal, fax o correo electr\u00f3nico). Para ello, puede utilizar el modelo de formulario de desistimiento adjunto, que, no obstante, no es obligatorio.<\/p>\n\n\n\n<p>Para cumplir el plazo de cancelaci\u00f3n, basta con que env\u00ede la notificaci\u00f3n del ejercicio del derecho de cancelaci\u00f3n antes de que finalice el plazo de cancelaci\u00f3n.<\/p>\n\n\n\n<p>La revocaci\u00f3n se dirigir\u00e1 a<\/p>\n\n\n\n<p>Lazru Cosmetics Trading L.L.C<br>NGI Building, Office 902-34<br>Port Saeed, Dubai, UAE<br>Register No. 1619334<br>USt-IdNr. DE351395187<br>PO Box \u2013 12887<\/p>\n\n\n\n<p>EU Responsible:<br>Sypura GmbH<br>Leopoldstr. 31<br>80802 Munich<br>Germany<\/p>\n\n\n\n<p><strong>Direcci\u00f3n de entrega abajo.<\/strong><\/p>\n\n\n\n<p><strong>Consecuencias de la revocaci\u00f3n<\/strong><\/p>\n\n\n\n<p>Si rescinde el presente contrato, deberemos reembolsarle todos los pagos que hayamos recibido de usted, incluidos los gastos de entrega (con excepci\u00f3n de los gastos adicionales resultantes del hecho de que usted haya elegido un tipo de entrega distinto de la entrega est\u00e1ndar m\u00e1s barata ofrecida por nosotros), sin demora y a m\u00e1s tardar en un plazo de catorce d\u00edas a partir del d\u00eda en que hayamos recibido la notificaci\u00f3n de su rescisi\u00f3n del presente contrato. Para este reembolso, utilizaremos el mismo medio de pago que usted utiliz\u00f3 para la transacci\u00f3n original, a menos que se acuerde expresamente otra cosa con usted; en ning\u00fan caso se le cobrar\u00e1 por este reembolso.<\/p>\n\n\n\n<p>Podremos denegar el reembolso hasta que hayamos recibido la mercanc\u00eda o hasta que usted haya presentado una prueba de que ha devuelto la mercanc\u00eda, seg\u00fan qu\u00e9 condici\u00f3n se cumpla primero.<\/p>\n\n\n\n<p><strong>Devuelve<\/strong><\/p>\n\n\n\n<p>Debe devolvernos o entregarnos los bienes sin demora y, en cualquier caso, a m\u00e1s tardar en el plazo de catorce d\u00edas a partir del d\u00eda en que nos notifique la rescisi\u00f3n del presente contrato. El plazo se cumple si nos env\u00eda los bienes antes de que finalice el plazo de catorce d\u00edas.<\/p>\n\n\n\n<p>Usted correr\u00e1 con los gastos directos de devoluci\u00f3n de la mercanc\u00eda.<\/p>\n\n\n\n<p>S\u00f3lo tiene que pagar la p\u00e9rdida de valor de la mercanc\u00eda si dicha p\u00e9rdida de valor se debe a una manipulaci\u00f3n de la mercanc\u00eda que no sea necesaria para comprobar la calidad, las caracter\u00edsticas y el funcionamiento de la mercanc\u00eda.<\/p>\n\n\n\n<hr class=\"wp-block-separator has-css-opacity\"\/>\n\n\n\n<p><strong>Modelo de formulario de cancelaci\u00f3n<\/strong><\/p>\n\n\n\n<p>Si desea rescindir el contrato, rellene y env\u00ede este formulario.<br><strong>El derecho de desistimiento queda excluido para los art\u00edculos de higiene usados.<\/strong><\/p>\n\n\n\n<p>1. Colver a:<\/p>\n\n\n\n<p>VDS - Servicio de Env\u00edos y Datos <br>c\/o Alaiko GmbH <br>Siemensstra\u00dfe 14<br>D-37412 Herzberg am Harz<br>Germany<br><br>Correo electr\u00f3nico: info@lazale.com<\/p>\n\n\n\n<p>2. Por la presente revoco\/revocamos el contrato celebrado por m\u00ed\/nosotros para la adquisici\u00f3n de los siguientes bienes\/la prestaci\u00f3n de los siguientes servicios<br>Servicio (adjunte copia de la factura si es necesario)<br>N\u00famero de pedido: ..........................................<br>Cantidad \/ nombre de la mercanc\u00eda: ...........................<br>Precio de compra: ...................................................<br>\u00bfYa usado? El derecho de desistimiento queda excluido para los art\u00edculos de higiene usados.<\/p>\n\n\n\n<p>3. Pedido en: ........................<\/p>\n\n\n\n<p>4. Motivo: .............................................<\/p>\n\n\n\n<p>5. Recibido en: ........................<\/p>\n\n\n\n<p>6. Nombre, direcci\u00f3n del consumidor: ......<br>N\u00famero de cliente: ........................................<br>Nombre y apellidos: .................................<br>Calle: .......................................................<br>C\u00f3digo postal y ciudad: ..................................................<\/p>\n\n\n\n<p>7. Lugar, fecha y firma del cliente:<br>&#8230;&#8230;&#8230;&#8230;&#8230;&#8230;&#8230;&#8230;&#8230;&#8230;&#8230;&#8230;&#8230;&#8230;&#8230;&#8230;&#8230;.<\/p>","protected":false},"excerpt":{"rendered":"<p>Widerrufsrecht f\u00fcr Verbraucher Verbraucher ist jede nat\u00fcrliche Person, die ein Rechtsgesch\u00e4ft zu Zwecken abschlie\u00dft, die \u00fcberwiegend weder ihrer gewerblichen noch ihrer selbstst\u00e4ndigen beruflichen T\u00e4tigkeit zugerechnet werden kann. Widerrufsbelehrung Lazale Widerrufsrecht Sie haben das Recht, binnen vierzehn Tagen diesen Vertrag zu widerrufen. Die Widerrufsfrist betr\u00e4gt vierzehn Tage ab dem Tag, an dem Sie oder ein von [&hellip;]<\/p>","protected":false},"author":1,"featured_media":0,"parent":0,"menu_order":0,"comment_status":"closed","ping_status":"closed","template":"","meta":{"_uag_custom_page_level_css":"","advgb_blocks_editor_width":"","advgb_blocks_columns_visual_guide":"","site-sidebar-layout":"default","site-content-layout":"default","ast-site-content-layout":"default","site-content-style":"default","site-sidebar-style":"default","ast-global-header-display":"","ast-banner-title-visibility":"","ast-main-header-display":"","ast-hfb-above-header-display":"","ast-hfb-below-header-display":"","ast-hfb-mobile-header-display":"","site-post-title":"","ast-breadcrumbs-content":"","ast-featured-img":"","footer-sml-layout":"","ast-disable-related-posts":"","theme-transparent-header-meta":"default","adv-header-id-meta":"","stick-header-meta":"default","header-above-stick-meta":"","header-main-stick-meta":"","header-below-stick-meta":"","astra-migrate-meta-layouts":"set","ast-page-background-enabled":"default","ast-page-background-meta":{"desktop":{"background-color":"","background-image":"","background-repeat":"repeat","background-position":"center center","background-size":"auto","background-attachment":"scroll","background-type":"","background-media":"","overlay-type":"","overlay-color":"","overlay-opacity":"","overlay-gradient":""},"tablet":{"background-color":"","background-image":"","background-repeat":"repeat","background-position":"center center","background-size":"auto","background-attachment":"scroll","background-type":"","background-media":"","overlay-type":"","overlay-color":"","overlay-opacity":"","overlay-gradient":""},"mobile":{"background-color":"","background-image":"","background-repeat":"repeat","background-position":"center center","background-size":"auto","background-attachment":"scroll","background-type":"","background-media":"","overlay-type":"","overlay-color":"","overlay-opacity":"","overlay-gradient":""}},"ast-content-background-meta":{"desktop":{"background-color":"var(--ast-global-color-5)","background-image":"","background-repeat":"repeat","background-position":"center center","background-size":"auto","background-attachment":"scroll","background-type":"","background-media":"","overlay-type":"","overlay-color":"","overlay-opacity":"","overlay-gradient":""},"tablet":{"background-color":"var(--ast-global-color-5)","background-image":"","background-repeat":"repeat","background-position":"center center","background-size":"auto","background-attachment":"scroll","background-type":"","background-media":"","overlay-type":"","overlay-color":"","overlay-opacity":"","overlay-gradient":""},"mobile":{"background-color":"var(--ast-global-color-5)","background-image":"","background-repeat":"repeat","background-position":"center center","background-size":"auto","background-attachment":"scroll","background-type":"","background-media":"","overlay-type":"","overlay-color":"","overlay-opacity":"","overlay-gradient":""}},"footnotes":""},"class_list":["post-15","page","type-page","status-publish","hentry"],"yoast_head":"<!-- This site is optimized with the Yoast SEO Premium plugin v23.7 (Yoast SEO v26.6) - https:\/\/yoast.com\/wordpress\/plugins\/seo\/ -->\n<title>Widerrufsrecht - Lazale<\/title>\n<meta name=\"robots\" content=\"noindex, nofollow\" \/>\n<meta property=\"og:locale\" content=\"es_ES\" \/>\n<meta property=\"og:type\" content=\"article\" \/>\n<meta property=\"og:title\" content=\"Widerrufsrecht\" \/>\n<meta property=\"og:description\" content=\"Widerrufsrecht f\u00fcr Verbraucher Verbraucher ist jede nat\u00fcrliche Person, die ein Rechtsgesch\u00e4ft zu Zwecken abschlie\u00dft, die \u00fcberwiegend weder ihrer gewerblichen noch ihrer selbstst\u00e4ndigen beruflichen T\u00e4tigkeit zugerechnet werden kann. Widerrufsbelehrung Lazale Widerrufsrecht Sie haben das Recht, binnen vierzehn Tagen diesen Vertrag zu widerrufen. Die Widerrufsfrist betr\u00e4gt vierzehn Tage ab dem Tag, an dem Sie oder ein von [&hellip;]\" \/>\n<meta property=\"og:url\" content=\"https:\/\/lazale.com\/es\/angrerett\/\" \/>\n<meta property=\"og:site_name\" content=\"Lazale\" \/>\n<meta property=\"article:modified_time\" content=\"2025-06-30T06:23:37+00:00\" \/>\n<meta name=\"twitter:card\" content=\"summary_large_image\" \/>\n<meta name=\"twitter:label1\" content=\"Tiempo de lectura\" \/>\n\t<meta name=\"twitter:data1\" content=\"4 minutos\" \/>\n<script type=\"application\/ld+json\" class=\"yoast-schema-graph\">{\"@context\":\"https:\/\/schema.org\",\"@graph\":[{\"@type\":\"WebPage\",\"@id\":\"https:\/\/lazale.com\/nb\/angrerett\/\",\"url\":\"https:\/\/lazale.com\/nb\/angrerett\/\",\"name\":\"Widerrufsrecht - Lazale\",\"isPartOf\":{\"@id\":\"https:\/\/lazale.com\/pt\/#website\"},\"datePublished\":\"2021-09-27T05:24:00+00:00\",\"dateModified\":\"2025-06-30T06:23:37+00:00\",\"breadcrumb\":{\"@id\":\"https:\/\/lazale.com\/nb\/angrerett\/#breadcrumb\"},\"inLanguage\":\"es\",\"potentialAction\":[{\"@type\":\"ReadAction\",\"target\":[\"https:\/\/lazale.com\/nb\/angrerett\/\"]}]},{\"@type\":\"BreadcrumbList\",\"@id\":\"https:\/\/lazale.com\/nb\/angrerett\/#breadcrumb\",\"itemListElement\":[{\"@type\":\"ListItem\",\"position\":1,\"name\":\"Home\",\"item\":\"https:\/\/lazale.com\/\"},{\"@type\":\"ListItem\",\"position\":2,\"name\":\"Widerrufsrecht\"}]},{\"@type\":\"WebSite\",\"@id\":\"https:\/\/lazale.com\/pt\/#website\",\"url\":\"https:\/\/lazale.com\/pt\/\",\"name\":\"Lazale\",\"description\":\"Dehnungsstreifen Creme\",\"publisher\":{\"@id\":\"https:\/\/lazale.com\/pt\/#organization\"},\"potentialAction\":[{\"@type\":\"SearchAction\",\"target\":{\"@type\":\"EntryPoint\",\"urlTemplate\":\"https:\/\/lazale.com\/pt\/?s={search_term_string}\"},\"query-input\":{\"@type\":\"PropertyValueSpecification\",\"valueRequired\":true,\"valueName\":\"search_term_string\"}}],\"inLanguage\":\"es\"},{\"@type\":\"Organization\",\"@id\":\"https:\/\/lazale.com\/pt\/#organization\",\"name\":\"Lazale\",\"url\":\"https:\/\/lazale.com\/pt\/\",\"logo\":{\"@type\":\"ImageObject\",\"inLanguage\":\"es\",\"@id\":\"https:\/\/lazale.com\/pt\/#\/schema\/logo\/image\/\",\"url\":\"https:\/\/lazale.com\/wp-content\/uploads\/2021\/09\/cropped-LAZALE-LOGO.png\",\"contentUrl\":\"https:\/\/lazale.com\/wp-content\/uploads\/2021\/09\/cropped-LAZALE-LOGO.png\",\"width\":243,\"height\":78,\"caption\":\"Lazale\"},\"image\":{\"@id\":\"https:\/\/lazale.com\/pt\/#\/schema\/logo\/image\/\"}}]}<\/script>\n<!-- \/ Yoast SEO Premium plugin. -->","yoast_head_json":{"title":"Derecho de desistimiento - Lazale","robots":{"index":"noindex","follow":"nofollow"},"og_locale":"es_ES","og_type":"article","og_title":"Widerrufsrecht","og_description":"Widerrufsrecht f\u00fcr Verbraucher Verbraucher ist jede nat\u00fcrliche Person, die ein Rechtsgesch\u00e4ft zu Zwecken abschlie\u00dft, die \u00fcberwiegend weder ihrer gewerblichen noch ihrer selbstst\u00e4ndigen beruflichen T\u00e4tigkeit zugerechnet werden kann. Widerrufsbelehrung Lazale Widerrufsrecht Sie haben das Recht, binnen vierzehn Tagen diesen Vertrag zu widerrufen. Die Widerrufsfrist betr\u00e4gt vierzehn Tage ab dem Tag, an dem Sie oder ein von [&hellip;]","og_url":"https:\/\/lazale.com\/es\/angrerett\/","og_site_name":"Lazale","article_modified_time":"2025-06-30T06:23:37+00:00","twitter_card":"summary_large_image","twitter_misc":{"Tiempo de lectura":"4 minutos"},"schema":{"@context":"https:\/\/schema.org","@graph":[{"@type":"WebPage","@id":"https:\/\/lazale.com\/nb\/angrerett\/","url":"https:\/\/lazale.com\/nb\/angrerett\/","name":"Derecho de desistimiento - Lazale","isPartOf":{"@id":"https:\/\/lazale.com\/pt\/#website"},"datePublished":"2021-09-27T05:24:00+00:00","dateModified":"2025-06-30T06:23:37+00:00","breadcrumb":{"@id":"https:\/\/lazale.com\/nb\/angrerett\/#breadcrumb"},"inLanguage":"es","potentialAction":[{"@type":"ReadAction","target":["https:\/\/lazale.com\/nb\/angrerett\/"]}]},{"@type":"BreadcrumbList","@id":"https:\/\/lazale.com\/nb\/angrerett\/#breadcrumb","itemListElement":[{"@type":"ListItem","position":1,"name":"Home","item":"https:\/\/lazale.com\/"},{"@type":"ListItem","position":2,"name":"Widerrufsrecht"}]},{"@type":"WebSite","@id":"https:\/\/lazale.com\/pt\/#website","url":"https:\/\/lazale.com\/pt\/","name":"Lazale","description":"Crema Antiestrias","publisher":{"@id":"https:\/\/lazale.com\/pt\/#organization"},"potentialAction":[{"@type":"SearchAction","target":{"@type":"EntryPoint","urlTemplate":"https:\/\/lazale.com\/pt\/?s={search_term_string}"},"query-input":{"@type":"PropertyValueSpecification","valueRequired":true,"valueName":"search_term_string"}}],"inLanguage":"es"},{"@type":"Organization","@id":"https:\/\/lazale.com\/pt\/#organization","name":"Lazale","url":"https:\/\/lazale.com\/pt\/","logo":{"@type":"ImageObject","inLanguage":"es","@id":"https:\/\/lazale.com\/pt\/#\/schema\/logo\/image\/","url":"https:\/\/lazale.com\/wp-content\/uploads\/2021\/09\/cropped-LAZALE-LOGO.png","contentUrl":"https:\/\/lazale.com\/wp-content\/uploads\/2021\/09\/cropped-LAZALE-LOGO.png","width":243,"height":78,"caption":"Lazale"},"image":{"@id":"https:\/\/lazale.com\/pt\/#\/schema\/logo\/image\/"}}]}},"uagb_featured_image_src":{"full":false,"thumbnail":false,"medium":false,"medium_large":false,"large":false,"1536x1536":false,"2048x2048":false,"trp-custom-language-flag":false,"woocommerce_thumbnail":false,"woocommerce_single":false,"woocommerce_gallery_thumbnail":false},"uagb_author_info":{"display_name":"Kerem085","author_link":"https:\/\/lazale.com\/es\/author\/kerem085\/"},"uagb_comment_info":0,"uagb_excerpt":"Widerrufsrecht f\u00fcr Verbraucher Verbraucher ist jede nat\u00fcrliche Person, die ein Rechtsgesch\u00e4ft zu Zwecken abschlie\u00dft, die \u00fcberwiegend weder ihrer gewerblichen noch ihrer selbstst\u00e4ndigen beruflichen T\u00e4tigkeit zugerechnet werden kann. Widerrufsbelehrung Lazale Widerrufsrecht Sie haben das Recht, binnen vierzehn Tagen diesen Vertrag zu widerrufen. Die Widerrufsfrist betr\u00e4gt vierzehn Tage ab dem Tag, an dem Sie oder ein von&hellip;","coauthors":[],"author_meta":{"author_link":"https:\/\/lazale.com\/es\/author\/kerem085\/","display_name":"Kerem085"},"relative_dates":{"created":"Publicado 5 a\u00f1os hace","modified":"Actualizado 10 meses hace"},"absolute_dates":{"created":"Publicado el septiembre 27, 2021","modified":"Actualizado el junio 30, 2025"},"absolute_dates_time":{"created":"Publicado el septiembre 27, 2021 5:24 am","modified":"Actualizado el junio 30, 2025 8:23 am"},"featured_img_caption":"","featured_img":false,"series_order":"","_links":{"self":[{"href":"https:\/\/lazale.com\/es\/wp-json\/wp\/v2\/pages\/15","targetHints":{"allow":["GET"]}}],"collection":[{"href":"https:\/\/lazale.com\/es\/wp-json\/wp\/v2\/pages"}],"about":[{"href":"https:\/\/lazale.com\/es\/wp-json\/wp\/v2\/types\/page"}],"author":[{"embeddable":true,"href":"https:\/\/lazale.com\/es\/wp-json\/wp\/v2\/users\/1"}],"replies":[{"embeddable":true,"href":"https:\/\/lazale.com\/es\/wp-json\/wp\/v2\/comments?post=15"}],"version-history":[{"count":11,"href":"https:\/\/lazale.com\/es\/wp-json\/wp\/v2\/pages\/15\/revisions"}],"predecessor-version":[{"id":3468,"href":"https:\/\/lazale.com\/es\/wp-json\/wp\/v2\/pages\/15\/revisions\/3468"}],"wp:attachment":[{"href":"https:\/\/lazale.com\/es\/wp-json\/wp\/v2\/media?parent=15"}],"curies":[{"name":"wp","href":"https:\/\/api.w.org\/{rel}","templated":true}]}}