{"id":66,"date":"2021-09-27T15:32:52","date_gmt":"2021-09-27T15:32:52","guid":{"rendered":"https:\/\/lazale.com\/?page_id=66"},"modified":"2023-08-08T07:17:00","modified_gmt":"2023-08-08T07:17:00","slug":"erfahrungen","status":"publish","type":"page","link":"https:\/\/lazale.com\/es\/erfahrungen\/","title":{"rendered":"Experiencias"},"content":{"rendered":"<div class=\"wp-block-cover alignfull is-light has-custom-content-position is-position-bottom-center advgb-dyn-581f68b6\" style=\"min-height:303px;aspect-ratio:unset;\"><span aria-hidden=\"true\" class=\"wp-block-cover__background has-background-dim-20 has-background-dim\"><\/span><img loading=\"lazy\" decoding=\"async\" width=\"1597\" height=\"825\" class=\"wp-block-cover__image-background wp-image-283\" alt=\"Experiencias de Lazale\" src=\"https:\/\/lazale.com\/wp-content\/uploads\/2023\/06\/Lazale-1.jpg\" style=\"object-position:55% 51%\" data-object-fit=\"cover\" data-object-position=\"55% 51%\" srcset=\"https:\/\/lazale.com\/wp-content\/uploads\/2023\/06\/Lazale-1.jpg 1597w, https:\/\/lazale.com\/wp-content\/uploads\/2023\/06\/Lazale-1-300x155.jpg 300w, https:\/\/lazale.com\/wp-content\/uploads\/2023\/06\/Lazale-1-1024x529.jpg 1024w, https:\/\/lazale.com\/wp-content\/uploads\/2023\/06\/Lazale-1-768x397.jpg 768w, https:\/\/lazale.com\/wp-content\/uploads\/2023\/06\/Lazale-1-1536x793.jpg 1536w, https:\/\/lazale.com\/wp-content\/uploads\/2023\/06\/Lazale-1-600x310.jpg 600w\" sizes=\"auto, (max-width: 1597px) 100vw, 1597px\" \/><div class=\"wp-block-cover__inner-container is-layout-flow wp-block-cover-is-layout-flow\">\n<h1 class=\"wp-block-heading has-text-align-center has-ast-global-color-5-color has-text-color advgb-dyn-feaf56d9\" id=\"h-lazale-erfahrungen\">Experiencias Lazale<\/h1>\n\n\n\n<p class=\"has-text-align-center has-ast-global-color-5-color has-text-color\">Antes \/ Despu\u00e9s<\/p>\n<\/div><\/div>\n\n\n\n<div style=\"height:49px\" aria-hidden=\"true\" class=\"wp-block-spacer advgb-dyn-4bcfb21b\"><\/div>\n\n\n\n<p><em><strong>Antes \/ Despu\u00e9s<\/strong>&nbsp;Im\u00e1genes abajo.<\/em><\/p>\n\n\n\n<p>Experiencia Lazale: La transparencia es importante para nosotros. Por eso pedimos a nuestros clientes que hagan fotos del antes y el despu\u00e9s y compartan sus experiencias con nosotros.<\/p>\n\n\n\n<p>Nos complace que nuestra Crema Antiestrias haya ayudado a muchas personas a recuperar una mayor confianza en su piel. Los comentarios positivos de nuestros clientes son una confirmaci\u00f3n de nuestro trabajo y un incentivo para seguir ofreciendo productos innovadores para el cuidado de la piel.<\/p>\n\n\n\n<p>Comparte con nosotros tu foto del antes y el despu\u00e9s: info@lazale.com<\/p>\n\n\n\n<p>Tenga en cuenta que los resultados individuales pueden variar.<\/p>\n\n\n\n<hr class=\"wp-block-separator has-text-color has-black-color has-css-opacity has-black-background-color has-background is-style-wide advgb-dyn-e75d8f65\"\/>\n\n\n\n<figure class=\"wp-block-image aligncenter size-large is-resized\"><img loading=\"lazy\" decoding=\"async\" src=\"https:\/\/lazale.com\/wp-content\/uploads\/2023\/08\/Lazale-04-1024x950.jpg\" alt=\"Estrias\" class=\"wp-image-479\" width=\"395\" height=\"366\" srcset=\"https:\/\/lazale.com\/wp-content\/uploads\/2023\/08\/Lazale-04-1024x950.jpg 1024w, https:\/\/lazale.com\/wp-content\/uploads\/2023\/08\/Lazale-04-300x278.jpg 300w, https:\/\/lazale.com\/wp-content\/uploads\/2023\/08\/Lazale-04-768x713.jpg 768w, https:\/\/lazale.com\/wp-content\/uploads\/2023\/08\/Lazale-04-1536x1425.jpg 1536w, https:\/\/lazale.com\/wp-content\/uploads\/2023\/08\/Lazale-04-13x12.jpg 13w, https:\/\/lazale.com\/wp-content\/uploads\/2023\/08\/Lazale-04-600x557.jpg 600w, https:\/\/lazale.com\/wp-content\/uploads\/2023\/08\/Lazale-04.jpg 1647w\" sizes=\"auto, (max-width: 395px) 100vw, 395px\" \/><\/figure>\n\n\n\n<figure class=\"wp-block-image aligncenter size-large is-resized\"><img loading=\"lazy\" decoding=\"async\" src=\"https:\/\/lazale.com\/wp-content\/uploads\/2023\/08\/Lazale-01-1024x950.jpg\" alt=\"Lazale\" class=\"wp-image-477\" width=\"395\" height=\"366\" srcset=\"https:\/\/lazale.com\/wp-content\/uploads\/2023\/08\/Lazale-01-1024x950.jpg 1024w, https:\/\/lazale.com\/wp-content\/uploads\/2023\/08\/Lazale-01-300x278.jpg 300w, https:\/\/lazale.com\/wp-content\/uploads\/2023\/08\/Lazale-01-768x713.jpg 768w, https:\/\/lazale.com\/wp-content\/uploads\/2023\/08\/Lazale-01-1536x1425.jpg 1536w, https:\/\/lazale.com\/wp-content\/uploads\/2023\/08\/Lazale-01-13x12.jpg 13w, https:\/\/lazale.com\/wp-content\/uploads\/2023\/08\/Lazale-01-600x557.jpg 600w, https:\/\/lazale.com\/wp-content\/uploads\/2023\/08\/Lazale-01.jpg 1647w\" sizes=\"auto, (max-width: 395px) 100vw, 395px\" \/><\/figure>\n\n\n\n<figure class=\"wp-block-image aligncenter size-large is-resized\"><img loading=\"lazy\" decoding=\"async\" src=\"https:\/\/lazale.com\/wp-content\/uploads\/2023\/08\/Lazale-02-1024x950.jpg\" alt=\"Estrias\" class=\"wp-image-476\" width=\"395\" height=\"366\" srcset=\"https:\/\/lazale.com\/wp-content\/uploads\/2023\/08\/Lazale-02-1024x950.jpg 1024w, https:\/\/lazale.com\/wp-content\/uploads\/2023\/08\/Lazale-02-300x278.jpg 300w, https:\/\/lazale.com\/wp-content\/uploads\/2023\/08\/Lazale-02-768x713.jpg 768w, https:\/\/lazale.com\/wp-content\/uploads\/2023\/08\/Lazale-02-1536x1425.jpg 1536w, https:\/\/lazale.com\/wp-content\/uploads\/2023\/08\/Lazale-02-13x12.jpg 13w, https:\/\/lazale.com\/wp-content\/uploads\/2023\/08\/Lazale-02-600x557.jpg 600w, https:\/\/lazale.com\/wp-content\/uploads\/2023\/08\/Lazale-02.jpg 1647w\" sizes=\"auto, (max-width: 395px) 100vw, 395px\" \/><\/figure>\n\n\n\n<figure class=\"wp-block-image aligncenter size-large is-resized\"><img loading=\"lazy\" decoding=\"async\" src=\"https:\/\/lazale.com\/wp-content\/uploads\/2023\/08\/Lazale-03-1024x950.jpg\" alt=\"Lazale\" class=\"wp-image-475\" width=\"395\" height=\"366\" srcset=\"https:\/\/lazale.com\/wp-content\/uploads\/2023\/08\/Lazale-03-1024x950.jpg 1024w, https:\/\/lazale.com\/wp-content\/uploads\/2023\/08\/Lazale-03-300x278.jpg 300w, https:\/\/lazale.com\/wp-content\/uploads\/2023\/08\/Lazale-03-768x713.jpg 768w, https:\/\/lazale.com\/wp-content\/uploads\/2023\/08\/Lazale-03-1536x1425.jpg 1536w, https:\/\/lazale.com\/wp-content\/uploads\/2023\/08\/Lazale-03-13x12.jpg 13w, https:\/\/lazale.com\/wp-content\/uploads\/2023\/08\/Lazale-03-600x557.jpg 600w, https:\/\/lazale.com\/wp-content\/uploads\/2023\/08\/Lazale-03.jpg 1647w\" sizes=\"auto, (max-width: 395px) 100vw, 395px\" \/><\/figure>\n\n\n\n<figure class=\"wp-block-image aligncenter size-large is-resized\"><img loading=\"lazy\" decoding=\"async\" src=\"https:\/\/lazale.com\/wp-content\/uploads\/2023\/08\/Lazale-05-1024x950.jpg\" alt=\"Lazale\" class=\"wp-image-483\" width=\"395\" height=\"366\" srcset=\"https:\/\/lazale.com\/wp-content\/uploads\/2023\/08\/Lazale-05-1024x950.jpg 1024w, https:\/\/lazale.com\/wp-content\/uploads\/2023\/08\/Lazale-05-300x278.jpg 300w, https:\/\/lazale.com\/wp-content\/uploads\/2023\/08\/Lazale-05-768x713.jpg 768w, https:\/\/lazale.com\/wp-content\/uploads\/2023\/08\/Lazale-05-1536x1425.jpg 1536w, https:\/\/lazale.com\/wp-content\/uploads\/2023\/08\/Lazale-05-13x12.jpg 13w, https:\/\/lazale.com\/wp-content\/uploads\/2023\/08\/Lazale-05-600x557.jpg 600w, https:\/\/lazale.com\/wp-content\/uploads\/2023\/08\/Lazale-05.jpg 1647w\" sizes=\"auto, (max-width: 395px) 100vw, 395px\" \/><\/figure>\n\n\n\n<figure class=\"wp-block-image aligncenter size-large is-resized\"><img loading=\"lazy\" decoding=\"async\" src=\"https:\/\/lazale.com\/wp-content\/uploads\/2023\/08\/Lazale-06-1024x950.jpg\" alt=\"Estrias Embarazo\" class=\"wp-image-484\" width=\"395\" height=\"366\" srcset=\"https:\/\/lazale.com\/wp-content\/uploads\/2023\/08\/Lazale-06-1024x950.jpg 1024w, https:\/\/lazale.com\/wp-content\/uploads\/2023\/08\/Lazale-06-300x278.jpg 300w, https:\/\/lazale.com\/wp-content\/uploads\/2023\/08\/Lazale-06-768x713.jpg 768w, https:\/\/lazale.com\/wp-content\/uploads\/2023\/08\/Lazale-06-1536x1425.jpg 1536w, https:\/\/lazale.com\/wp-content\/uploads\/2023\/08\/Lazale-06-13x12.jpg 13w, https:\/\/lazale.com\/wp-content\/uploads\/2023\/08\/Lazale-06-600x557.jpg 600w, https:\/\/lazale.com\/wp-content\/uploads\/2023\/08\/Lazale-06.jpg 1647w\" sizes=\"auto, (max-width: 395px) 100vw, 395px\" \/><\/figure>\n\n\n\n<h2 class=\"wp-block-heading has-text-align-center advgb-dyn-039f38d7\" id=\"h-mehr-zu-lazale\">M\u00e1s sobre Lazale<\/h2>\n\n\n\n<p class=\"has-text-align-center\">M\u00e1s informaci\u00f3n<br>Lazale Crema Antiestrias<\/p>\n\n\n\n<div class=\"wp-block-buttons is-horizontal is-content-justification-center is-layout-flex wp-container-core-buttons-is-layout-03627597 wp-block-buttons-is-layout-flex advgb-dyn-5e5a4c85\">\n<div class=\"wp-block-button advgb-dyn-a0e4b209\"><a class=\"wp-block-button__link has-background wp-element-button\" href=\"https:\/\/lazale.com\/es\/\" style=\"background-color:#48a3aa\">M\u00e1s informaci\u00f3n<\/a><\/div>\n<\/div>\n\n\n\n<div style=\"height:45px\" aria-hidden=\"true\" class=\"wp-block-spacer\"><\/div>","protected":false},"excerpt":{"rendered":"<p>Vorher\/Nachher&nbsp;Bilder weiter unten. Lazale Erfahrungen: Transparenz ist uns wichtig. Daher bitten wir unsere Kunden, Vorher\/Nachher-Bilder zu machen und ihre Erfahrungen mit uns zu teilen. Wir freuen uns, dass unsere Dehnungsstreifen Creme vielen Menschen geholfen hat, wieder mehr Selbstvertrauen in ihre Haut zu gewinnen. Die positiven R\u00fcckmeldungen unserer Kunden sind f\u00fcr uns eine Best\u00e4tigung unserer Arbeit [&hellip;]<\/p>","protected":false},"author":1,"featured_media":0,"parent":0,"menu_order":0,"comment_status":"closed","ping_status":"closed","template":"","meta":{"_uag_custom_page_level_css":"","advgb_blocks_editor_width":"","advgb_blocks_columns_visual_guide":"","site-sidebar-layout":"default","site-content-layout":"default","ast-site-content-layout":"default","site-content-style":"default","site-sidebar-style":"default","ast-global-header-display":"","ast-banner-title-visibility":"","ast-main-header-display":"","ast-hfb-above-header-display":"","ast-hfb-below-header-display":"","ast-hfb-mobile-header-display":"","site-post-title":"disabled","ast-breadcrumbs-content":"","ast-featured-img":"","footer-sml-layout":"","ast-disable-related-posts":"","theme-transparent-header-meta":"default","adv-header-id-meta":"","stick-header-meta":"default","header-above-stick-meta":"","header-main-stick-meta":"","header-below-stick-meta":"","astra-migrate-meta-layouts":"default","ast-page-background-enabled":"default","ast-page-background-meta":{"desktop":{"background-color":"","background-image":"","background-repeat":"repeat","background-position":"center center","background-size":"auto","background-attachment":"scroll","background-type":"","background-media":"","overlay-type":"","overlay-color":"","overlay-opacity":"","overlay-gradient":""},"tablet":{"background-color":"","background-image":"","background-repeat":"repeat","background-position":"center center","background-size":"auto","background-attachment":"scroll","background-type":"","background-media":"","overlay-type":"","overlay-color":"","overlay-opacity":"","overlay-gradient":""},"mobile":{"background-color":"","background-image":"","background-repeat":"repeat","background-position":"center center","background-size":"auto","background-attachment":"scroll","background-type":"","background-media":"","overlay-type":"","overlay-color":"","overlay-opacity":"","overlay-gradient":""}},"ast-content-background-meta":{"desktop":{"background-color":"var(--ast-global-color-5)","background-image":"","background-repeat":"repeat","background-position":"center center","background-size":"auto","background-attachment":"scroll","background-type":"","background-media":"","overlay-type":"","overlay-color":"","overlay-opacity":"","overlay-gradient":""},"tablet":{"background-color":"var(--ast-global-color-5)","background-image":"","background-repeat":"repeat","background-position":"center center","background-size":"auto","background-attachment":"scroll","background-type":"","background-media":"","overlay-type":"","overlay-color":"","overlay-opacity":"","overlay-gradient":""},"mobile":{"background-color":"var(--ast-global-color-5)","background-image":"","background-repeat":"repeat","background-position":"center center","background-size":"auto","background-attachment":"scroll","background-type":"","background-media":"","overlay-type":"","overlay-color":"","overlay-opacity":"","overlay-gradient":""}},"footnotes":""},"class_list":["post-66","page","type-page","status-publish","hentry"],"yoast_head":"<!-- This site is optimized with the Yoast SEO Premium plugin v23.7 (Yoast SEO v26.6) - https:\/\/yoast.com\/wordpress\/plugins\/seo\/ -->\n<title>Lazale Erfahrungen: Vorher\/Nachher Bilder Dehnungsstreifen<\/title>\n<meta name=\"description\" content=\"Lazale Erfahrungen mit Vorher-Nachher Bilder. Kann wirklich eine Dehnungsstreifen oder Schwangerschaftsstreifen Creme wirken?\" \/>\n<meta name=\"robots\" content=\"index, follow, max-snippet:-1, max-image-preview:large, max-video-preview:-1\" \/>\n<link rel=\"canonical\" href=\"https:\/\/lazale.com\/es\/erfahrungen\/\" \/>\n<meta property=\"og:locale\" content=\"es_ES\" \/>\n<meta property=\"og:type\" content=\"article\" \/>\n<meta property=\"og:title\" content=\"Erfahrungen\" \/>\n<meta property=\"og:description\" content=\"Lazale Erfahrungen mit Vorher-Nachher Bilder. Kann wirklich eine Dehnungsstreifen oder Schwangerschaftsstreifen Creme wirken?\" \/>\n<meta property=\"og:url\" content=\"https:\/\/lazale.com\/es\/erfahrungen\/\" \/>\n<meta property=\"og:site_name\" content=\"Lazale\" \/>\n<meta property=\"article:modified_time\" content=\"2023-08-08T07:17:00+00:00\" \/>\n<meta property=\"og:image\" content=\"https:\/\/lazale.com\/wp-content\/uploads\/2023\/06\/Lazale-1.jpg\" \/>\n<meta name=\"twitter:card\" content=\"summary_large_image\" \/>\n<meta name=\"twitter:label1\" content=\"Tiempo de lectura\" \/>\n\t<meta name=\"twitter:data1\" content=\"2 minutos\" \/>\n<script type=\"application\/ld+json\" class=\"yoast-schema-graph\">{\"@context\":\"https:\/\/schema.org\",\"@graph\":[{\"@type\":\"WebPage\",\"@id\":\"https:\/\/lazale.com\/fr\/erfahrungen\/\",\"url\":\"https:\/\/lazale.com\/fr\/erfahrungen\/\",\"name\":\"Lazale Erfahrungen: Vorher\/Nachher Bilder Dehnungsstreifen\",\"isPartOf\":{\"@id\":\"https:\/\/lazale.com\/pt\/#website\"},\"primaryImageOfPage\":{\"@id\":\"https:\/\/lazale.com\/fr\/erfahrungen\/#primaryimage\"},\"image\":{\"@id\":\"https:\/\/lazale.com\/fr\/erfahrungen\/#primaryimage\"},\"thumbnailUrl\":\"https:\/\/lazale.com\/wp-content\/uploads\/2023\/06\/Lazale-1.jpg\",\"datePublished\":\"2021-09-27T15:32:52+00:00\",\"dateModified\":\"2023-08-08T07:17:00+00:00\",\"description\":\"Lazale Erfahrungen mit Vorher-Nachher Bilder. Kann wirklich eine Dehnungsstreifen oder Schwangerschaftsstreifen Creme wirken?\",\"breadcrumb\":{\"@id\":\"https:\/\/lazale.com\/fr\/erfahrungen\/#breadcrumb\"},\"inLanguage\":\"es\",\"potentialAction\":[{\"@type\":\"ReadAction\",\"target\":[\"https:\/\/lazale.com\/fr\/erfahrungen\/\"]}]},{\"@type\":\"ImageObject\",\"inLanguage\":\"es\",\"@id\":\"https:\/\/lazale.com\/fr\/erfahrungen\/#primaryimage\",\"url\":\"https:\/\/lazale.com\/wp-content\/uploads\/2023\/06\/Lazale-1.jpg\",\"contentUrl\":\"https:\/\/lazale.com\/wp-content\/uploads\/2023\/06\/Lazale-1.jpg\"},{\"@type\":\"BreadcrumbList\",\"@id\":\"https:\/\/lazale.com\/fr\/erfahrungen\/#breadcrumb\",\"itemListElement\":[{\"@type\":\"ListItem\",\"position\":1,\"name\":\"Home\",\"item\":\"https:\/\/lazale.com\/\"},{\"@type\":\"ListItem\",\"position\":2,\"name\":\"Erfahrungen\"}]},{\"@type\":\"WebSite\",\"@id\":\"https:\/\/lazale.com\/pt\/#website\",\"url\":\"https:\/\/lazale.com\/pt\/\",\"name\":\"Lazale\",\"description\":\"Dehnungsstreifen Creme\",\"publisher\":{\"@id\":\"https:\/\/lazale.com\/pt\/#organization\"},\"potentialAction\":[{\"@type\":\"SearchAction\",\"target\":{\"@type\":\"EntryPoint\",\"urlTemplate\":\"https:\/\/lazale.com\/pt\/?s={search_term_string}\"},\"query-input\":{\"@type\":\"PropertyValueSpecification\",\"valueRequired\":true,\"valueName\":\"search_term_string\"}}],\"inLanguage\":\"es\"},{\"@type\":\"Organization\",\"@id\":\"https:\/\/lazale.com\/pt\/#organization\",\"name\":\"Lazale\",\"url\":\"https:\/\/lazale.com\/pt\/\",\"logo\":{\"@type\":\"ImageObject\",\"inLanguage\":\"es\",\"@id\":\"https:\/\/lazale.com\/pt\/#\/schema\/logo\/image\/\",\"url\":\"https:\/\/lazale.com\/wp-content\/uploads\/2021\/09\/cropped-LAZALE-LOGO.png\",\"contentUrl\":\"https:\/\/lazale.com\/wp-content\/uploads\/2021\/09\/cropped-LAZALE-LOGO.png\",\"width\":243,\"height\":78,\"caption\":\"Lazale\"},\"image\":{\"@id\":\"https:\/\/lazale.com\/pt\/#\/schema\/logo\/image\/\"}}]}<\/script>\n<!-- \/ Yoast SEO Premium plugin. -->","yoast_head_json":{"title":"Experiencia Lazale: Fotos antes y despu\u00e9s estr\u00edas","description":"Experiencia de Lazale con fotos del antes y el despu\u00e9s. Puede realmente funcionar una Crema Antiestrias?","robots":{"index":"index","follow":"follow","max-snippet":"max-snippet:-1","max-image-preview":"max-image-preview:large","max-video-preview":"max-video-preview:-1"},"canonical":"https:\/\/lazale.com\/es\/erfahrungen\/","og_locale":"es_ES","og_type":"article","og_title":"Erfahrungen","og_description":"Lazale Erfahrungen mit Vorher-Nachher Bilder. Kann wirklich eine Dehnungsstreifen oder Schwangerschaftsstreifen Creme wirken?","og_url":"https:\/\/lazale.com\/es\/erfahrungen\/","og_site_name":"Lazale","article_modified_time":"2023-08-08T07:17:00+00:00","og_image":[{"url":"https:\/\/lazale.com\/wp-content\/uploads\/2023\/06\/Lazale-1.jpg","type":"","width":"","height":""}],"twitter_card":"summary_large_image","twitter_misc":{"Tiempo de lectura":"2 minutos"},"schema":{"@context":"https:\/\/schema.org","@graph":[{"@type":"WebPage","@id":"https:\/\/lazale.com\/fr\/erfahrungen\/","url":"https:\/\/lazale.com\/fr\/erfahrungen\/","name":"Experiencia Lazale: Fotos antes y despu\u00e9s estr\u00edas","isPartOf":{"@id":"https:\/\/lazale.com\/pt\/#website"},"primaryImageOfPage":{"@id":"https:\/\/lazale.com\/fr\/erfahrungen\/#primaryimage"},"image":{"@id":"https:\/\/lazale.com\/fr\/erfahrungen\/#primaryimage"},"thumbnailUrl":"https:\/\/lazale.com\/wp-content\/uploads\/2023\/06\/Lazale-1.jpg","datePublished":"2021-09-27T15:32:52+00:00","dateModified":"2023-08-08T07:17:00+00:00","description":"Experiencia de Lazale con fotos del antes y el despu\u00e9s. Puede realmente funcionar una Crema Antiestrias?","breadcrumb":{"@id":"https:\/\/lazale.com\/fr\/erfahrungen\/#breadcrumb"},"inLanguage":"es","potentialAction":[{"@type":"ReadAction","target":["https:\/\/lazale.com\/fr\/erfahrungen\/"]}]},{"@type":"ImageObject","inLanguage":"es","@id":"https:\/\/lazale.com\/fr\/erfahrungen\/#primaryimage","url":"https:\/\/lazale.com\/wp-content\/uploads\/2023\/06\/Lazale-1.jpg","contentUrl":"https:\/\/lazale.com\/wp-content\/uploads\/2023\/06\/Lazale-1.jpg"},{"@type":"BreadcrumbList","@id":"https:\/\/lazale.com\/fr\/erfahrungen\/#breadcrumb","itemListElement":[{"@type":"ListItem","position":1,"name":"Home","item":"https:\/\/lazale.com\/"},{"@type":"ListItem","position":2,"name":"Erfahrungen"}]},{"@type":"WebSite","@id":"https:\/\/lazale.com\/pt\/#website","url":"https:\/\/lazale.com\/pt\/","name":"Lazale","description":"Crema Antiestrias","publisher":{"@id":"https:\/\/lazale.com\/pt\/#organization"},"potentialAction":[{"@type":"SearchAction","target":{"@type":"EntryPoint","urlTemplate":"https:\/\/lazale.com\/pt\/?s={search_term_string}"},"query-input":{"@type":"PropertyValueSpecification","valueRequired":true,"valueName":"search_term_string"}}],"inLanguage":"es"},{"@type":"Organization","@id":"https:\/\/lazale.com\/pt\/#organization","name":"Lazale","url":"https:\/\/lazale.com\/pt\/","logo":{"@type":"ImageObject","inLanguage":"es","@id":"https:\/\/lazale.com\/pt\/#\/schema\/logo\/image\/","url":"https:\/\/lazale.com\/wp-content\/uploads\/2021\/09\/cropped-LAZALE-LOGO.png","contentUrl":"https:\/\/lazale.com\/wp-content\/uploads\/2021\/09\/cropped-LAZALE-LOGO.png","width":243,"height":78,"caption":"Lazale"},"image":{"@id":"https:\/\/lazale.com\/pt\/#\/schema\/logo\/image\/"}}]}},"uagb_featured_image_src":{"full":false,"thumbnail":false,"medium":false,"medium_large":false,"large":false,"1536x1536":false,"2048x2048":false,"trp-custom-language-flag":false,"woocommerce_thumbnail":false,"woocommerce_single":false,"woocommerce_gallery_thumbnail":false},"uagb_author_info":{"display_name":"Kerem085","author_link":"https:\/\/lazale.com\/es\/author\/kerem085\/"},"uagb_comment_info":0,"uagb_excerpt":"Vorher\/Nachher&nbsp;Bilder weiter unten. Lazale Erfahrungen: Transparenz ist uns wichtig. Daher bitten wir unsere Kunden, Vorher\/Nachher-Bilder zu machen und ihre Erfahrungen mit uns zu teilen. Wir freuen uns, dass unsere Dehnungsstreifen Creme vielen Menschen geholfen hat, wieder mehr Selbstvertrauen in ihre Haut zu gewinnen. Die positiven R\u00fcckmeldungen unserer Kunden sind f\u00fcr uns eine Best\u00e4tigung unserer Arbeit&hellip;","coauthors":[],"author_meta":{"author_link":"https:\/\/lazale.com\/es\/author\/kerem085\/","display_name":"Kerem085"},"relative_dates":{"created":"Publicado 5 a\u00f1os hace","modified":"Actualizado 3 a\u00f1os hace"},"absolute_dates":{"created":"Publicado el septiembre 27, 2021","modified":"Actualizado el agosto 8, 2023"},"absolute_dates_time":{"created":"Publicado el septiembre 27, 2021 3:32 pm","modified":"Actualizado el agosto 8, 2023 7:17 am"},"featured_img_caption":"","featured_img":false,"series_order":"","_links":{"self":[{"href":"https:\/\/lazale.com\/es\/wp-json\/wp\/v2\/pages\/66","targetHints":{"allow":["GET"]}}],"collection":[{"href":"https:\/\/lazale.com\/es\/wp-json\/wp\/v2\/pages"}],"about":[{"href":"https:\/\/lazale.com\/es\/wp-json\/wp\/v2\/types\/page"}],"author":[{"embeddable":true,"href":"https:\/\/lazale.com\/es\/wp-json\/wp\/v2\/users\/1"}],"replies":[{"embeddable":true,"href":"https:\/\/lazale.com\/es\/wp-json\/wp\/v2\/comments?post=66"}],"version-history":[{"count":16,"href":"https:\/\/lazale.com\/es\/wp-json\/wp\/v2\/pages\/66\/revisions"}],"predecessor-version":[{"id":486,"href":"https:\/\/lazale.com\/es\/wp-json\/wp\/v2\/pages\/66\/revisions\/486"}],"wp:attachment":[{"href":"https:\/\/lazale.com\/es\/wp-json\/wp\/v2\/media?parent=66"}],"curies":[{"name":"wp","href":"https:\/\/api.w.org\/{rel}","templated":true}]}}