{"id":15,"date":"2021-09-27T05:24:00","date_gmt":"2021-09-27T05:24:00","guid":{"rendered":"https:\/\/lazale.com\/?page_id=15"},"modified":"2025-06-30T08:23:37","modified_gmt":"2025-06-30T06:23:37","slug":"widerrufsrecht","status":"publish","type":"page","link":"https:\/\/lazale.com\/et\/widerrufsrecht\/","title":{"rendered":"Taganemis\u00f5igus"},"content":{"rendered":"<p><strong>Tarbijate taganemis\u00f5igus<\/strong><\/p>\n\n\n\n<p>Tarbija on iga f\u00fc\u00fcsiline isik, kes s\u00f5lmib \u00f5igusliku tehingu eesm\u00e4rgil, mida ei saa valdavalt seostada tema \u00e4ritegevuse ega iseseisva kutsetegevusega.<\/p>\n\n\n\n<p><strong>T\u00fchistamispoliitika Lazale<\/strong><\/p>\n\n\n\n<p><strong>Taganemis\u00f5igus<\/strong><\/p>\n\n\n\n<p>Teil on \u00f5igus k\u00e4esolev leping neljateistk\u00fcmne p\u00e4eva jooksul t\u00fchistada. Taganemisperiood on neliteist p\u00e4eva alates p\u00e4evast, mil teie v\u00f5i teie poolt nimetatud kolmas isik, kes ei ole vedaja, on v\u00f5tnud kauba enda valdusesse, tingimusel, et te olete tellinud \u00fche v\u00f5i mitu kaupa \u00fche tellimuse raames ja need tarnitakse v\u00f5i tarnitakse \u00fchtselt.<\/p>\n\n\n\n<p>Kui pooled ei ole kokku leppinud teisiti, ei kohaldata t\u00fchistamis\u00f5igust j\u00e4rgmiste lepingute suhtes:<\/p>\n\n\n\n<p>Lepingud, mis k\u00e4sitlevad kaupade tarnimist, mis v\u00f5ivad kiiresti rikneda v\u00f5i mille aegumist\u00e4htaeg oleks kiiresti \u00fcletatud,<\/p>\n\n\n\n<p>Pitseeritud kaupade tarnelepingud, mis ei ole tervisekaitse v\u00f5i h\u00fcgieeni t\u00f5ttu tagastamiseks sobivad, kui pitser on p\u00e4rast tarnimist eemaldatud.<\/p>\n\n\n\n<p>Taganemis\u00f5iguse kasutamiseks peate te meid teavitama oma otsusest lepingust taganeda selge deklaratsiooni abil (nt posti, faksi v\u00f5i e-posti teel saadetud kiri). Selleks v\u00f5ite kasutada lisatud taganemisvormi n\u00e4idist, mis ei ole siiski kohustuslik.<\/p>\n\n\n\n<p>T\u00fchistamisperioodist kinnipidamiseks piisab, kui saadate teate t\u00fchistamis\u00f5iguse kasutamisest enne t\u00fchistamisperioodi l\u00f5ppu.<\/p>\n\n\n\n<p>Tagasiv\u00f5tmine adresseeritakse j\u00e4rgmisele aadressile<\/p>\n\n\n\n<p>Lazru Cosmetics Trading L.L.C<br>NGI Building, Office 902-34<br>Port Saeed, Dubai, UAE<br>Register No. 1619334<br>USt-IdNr. DE351395187<br>PO Box \u2013 12887<\/p>\n\n\n\n<p>EU Responsible:<br>Sypura GmbH<br>Leopoldstr. 31<br>80802 Munich<br>Germany<\/p>\n\n\n\n<p><strong>Allpool olev tarneaadress.<\/strong><\/p>\n\n\n\n<p><strong>T\u00fchistamise tagaj\u00e4rjed<\/strong><\/p>\n\n\n\n<p>Kui te taganete k\u00e4esolevast lepingust, peame teile viivitamatult ja hiljemalt neljateistk\u00fcmne p\u00e4eva jooksul alates p\u00e4evast, mil me saime teate teie taganemisest, tagasi maksma k\u00f5ik teie poolt saadud maksed, sealhulgas tarnekulud (v\u00e4lja arvatud lisakulud, mis tulenevad sellest, et te valisite muu tarnet\u00fc\u00fcbi kui meie poolt pakutav odavaim standardtarne). Selle tagasimakse tegemiseks kasutame sama makseviisi, mida kasutasite algse tehingu puhul, kui teiega ei ole selges\u00f5naliselt kokku lepitud teisiti; mingil juhul ei v\u00f5eta teilt selle tagasimakse eest tasu.<\/p>\n\n\n\n<p>Me v\u00f5ime keelduda tagasimaksmisest, kuni oleme kauba tagasi saanud v\u00f5i kuni olete esitanud t\u00f5endi, et olete kauba tagastanud, olenevalt sellest, kumb neist on varasem.<\/p>\n\n\n\n<p><strong>Tagastab<\/strong><\/p>\n\n\n\n<p>Te peate kauba viivitamatult ja igal juhul hiljemalt neljateistk\u00fcmne p\u00e4eva jooksul alates p\u00e4evast, mil te teatate meile lepingu t\u00fchistamisest, tagastama v\u00f5i meile \u00fcle andma. T\u00e4htaeg on t\u00e4idetud, kui te saadate kauba enne neljateistk\u00fcmne p\u00e4eva m\u00f6\u00f6dumist.<\/p>\n\n\n\n<p>Te kannate kauba tagastamisega seotud otsesed kulud.<\/p>\n\n\n\n<p>Te peate maksma kauba v\u00e4\u00e4rtuse v\u00e4henemise eest ainult siis, kui see v\u00e4henemine tuleneb kauba k\u00e4itlemisest, mis ei ole vajalik kauba kvaliteedi, omaduste ja toimimise kontrollimiseks.<\/p>\n\n\n\n<hr class=\"wp-block-separator has-css-opacity\"\/>\n\n\n\n<p><strong>T\u00fchistamisvormi n\u00e4idis<\/strong><\/p>\n\n\n\n<p>Kui soovite lepingu t\u00fchistada, t\u00e4itke ja tagastage see vorm.<br><strong>Taganemis\u00f5igus on v\u00e4listatud kasutatud h\u00fcgieenitoodete puhul.<\/strong><\/p>\n\n\n\n<p>1. Tagasi:<\/p>\n\n\n\n<p>VDS - laevandus- ja andmeteenindus <br>c\/o Alaiko GmbH <br>Siemensstra\u00dfe 14<br>D-37412 Herzberg am Harz<br>Germany<br><br>E-post: info@lazale.com<\/p>\n\n\n\n<p>2. K\u00e4esolevaga t\u00fchistan\/ t\u00fchistame minu\/meie poolt s\u00f5lmitud lepingu j\u00e4rgmiste kaupade ostmiseks \/ j\u00e4rgmiste teenuste osutamiseks.<br>Teenus (vajadusel lisada arve koopia)<br>Tellimuse number: ..........................................<br>Kauba kogus \/ nimetus: ...........................<br>Ostuhind: ...................................................<br>Juba kasutatud? Kasutatud h\u00fcgieenitoodete puhul on taganemis\u00f5igus v\u00e4listatud.<\/p>\n\n\n\n<p>3. Tellitud: ........................<\/p>\n\n\n\n<p>4. P\u00f5hjus: .............................................<\/p>\n\n\n\n<p>5. Vastu v\u00f5etud: ........................<\/p>\n\n\n\n<p>6. Tarbija nimi, aadress: ......<br>Kliendinumber: ........................................<br>Ees- ja perekonnanimi: .................................<br>T\u00e4nav: .......................................................<br>Postiindeks ja linn: ..................................................<\/p>\n\n\n\n<p>7. Koht, kuup\u00e4ev ja allkiri kliendile:<br>&#8230;&#8230;&#8230;&#8230;&#8230;&#8230;&#8230;&#8230;&#8230;&#8230;&#8230;&#8230;&#8230;&#8230;&#8230;&#8230;&#8230;.<\/p>","protected":false},"excerpt":{"rendered":"<p>Widerrufsrecht f\u00fcr Verbraucher Verbraucher ist jede nat\u00fcrliche Person, die ein Rechtsgesch\u00e4ft zu Zwecken abschlie\u00dft, die \u00fcberwiegend weder ihrer gewerblichen noch ihrer selbstst\u00e4ndigen beruflichen T\u00e4tigkeit zugerechnet werden kann. Widerrufsbelehrung Lazale Widerrufsrecht Sie haben das Recht, binnen vierzehn Tagen diesen Vertrag zu widerrufen. Die Widerrufsfrist betr\u00e4gt vierzehn Tage ab dem Tag, an dem Sie oder ein von [&hellip;]<\/p>","protected":false},"author":1,"featured_media":0,"parent":0,"menu_order":0,"comment_status":"closed","ping_status":"closed","template":"","meta":{"_uag_custom_page_level_css":"","advgb_blocks_editor_width":"","advgb_blocks_columns_visual_guide":"","site-sidebar-layout":"default","site-content-layout":"default","ast-site-content-layout":"default","site-content-style":"default","site-sidebar-style":"default","ast-global-header-display":"","ast-banner-title-visibility":"","ast-main-header-display":"","ast-hfb-above-header-display":"","ast-hfb-below-header-display":"","ast-hfb-mobile-header-display":"","site-post-title":"","ast-breadcrumbs-content":"","ast-featured-img":"","footer-sml-layout":"","ast-disable-related-posts":"","theme-transparent-header-meta":"default","adv-header-id-meta":"","stick-header-meta":"default","header-above-stick-meta":"","header-main-stick-meta":"","header-below-stick-meta":"","astra-migrate-meta-layouts":"set","ast-page-background-enabled":"default","ast-page-background-meta":{"desktop":{"background-color":"","background-image":"","background-repeat":"repeat","background-position":"center center","background-size":"auto","background-attachment":"scroll","background-type":"","background-media":"","overlay-type":"","overlay-color":"","overlay-opacity":"","overlay-gradient":""},"tablet":{"background-color":"","background-image":"","background-repeat":"repeat","background-position":"center center","background-size":"auto","background-attachment":"scroll","background-type":"","background-media":"","overlay-type":"","overlay-color":"","overlay-opacity":"","overlay-gradient":""},"mobile":{"background-color":"","background-image":"","background-repeat":"repeat","background-position":"center center","background-size":"auto","background-attachment":"scroll","background-type":"","background-media":"","overlay-type":"","overlay-color":"","overlay-opacity":"","overlay-gradient":""}},"ast-content-background-meta":{"desktop":{"background-color":"var(--ast-global-color-5)","background-image":"","background-repeat":"repeat","background-position":"center center","background-size":"auto","background-attachment":"scroll","background-type":"","background-media":"","overlay-type":"","overlay-color":"","overlay-opacity":"","overlay-gradient":""},"tablet":{"background-color":"var(--ast-global-color-5)","background-image":"","background-repeat":"repeat","background-position":"center center","background-size":"auto","background-attachment":"scroll","background-type":"","background-media":"","overlay-type":"","overlay-color":"","overlay-opacity":"","overlay-gradient":""},"mobile":{"background-color":"var(--ast-global-color-5)","background-image":"","background-repeat":"repeat","background-position":"center center","background-size":"auto","background-attachment":"scroll","background-type":"","background-media":"","overlay-type":"","overlay-color":"","overlay-opacity":"","overlay-gradient":""}},"footnotes":""},"class_list":["post-15","page","type-page","status-publish","hentry"],"yoast_head":"<!-- This site is optimized with the Yoast SEO Premium plugin v23.7 (Yoast SEO v26.6) - https:\/\/yoast.com\/wordpress\/plugins\/seo\/ -->\n<title>Widerrufsrecht - Lazale<\/title>\n<meta name=\"robots\" content=\"noindex, nofollow\" \/>\n<meta property=\"og:locale\" content=\"et_EE\" \/>\n<meta property=\"og:type\" content=\"article\" \/>\n<meta property=\"og:title\" content=\"Widerrufsrecht\" \/>\n<meta property=\"og:description\" content=\"Widerrufsrecht f\u00fcr Verbraucher Verbraucher ist jede nat\u00fcrliche Person, die ein Rechtsgesch\u00e4ft zu Zwecken abschlie\u00dft, die \u00fcberwiegend weder ihrer gewerblichen noch ihrer selbstst\u00e4ndigen beruflichen T\u00e4tigkeit zugerechnet werden kann. Widerrufsbelehrung Lazale Widerrufsrecht Sie haben das Recht, binnen vierzehn Tagen diesen Vertrag zu widerrufen. Die Widerrufsfrist betr\u00e4gt vierzehn Tage ab dem Tag, an dem Sie oder ein von [&hellip;]\" \/>\n<meta property=\"og:url\" content=\"https:\/\/lazale.com\/et\/angrerett\/\" \/>\n<meta property=\"og:site_name\" content=\"Lazale\" \/>\n<meta property=\"article:modified_time\" content=\"2025-06-30T06:23:37+00:00\" \/>\n<meta name=\"twitter:card\" content=\"summary_large_image\" \/>\n<meta name=\"twitter:label1\" content=\"Est. reading time\" \/>\n\t<meta name=\"twitter:data1\" content=\"4 minutit\" \/>\n<script type=\"application\/ld+json\" class=\"yoast-schema-graph\">{\"@context\":\"https:\/\/schema.org\",\"@graph\":[{\"@type\":\"WebPage\",\"@id\":\"https:\/\/lazale.com\/nb\/angrerett\/\",\"url\":\"https:\/\/lazale.com\/nb\/angrerett\/\",\"name\":\"Widerrufsrecht - Lazale\",\"isPartOf\":{\"@id\":\"https:\/\/lazale.com\/pt\/#website\"},\"datePublished\":\"2021-09-27T05:24:00+00:00\",\"dateModified\":\"2025-06-30T06:23:37+00:00\",\"breadcrumb\":{\"@id\":\"https:\/\/lazale.com\/nb\/angrerett\/#breadcrumb\"},\"inLanguage\":\"et\",\"potentialAction\":[{\"@type\":\"ReadAction\",\"target\":[\"https:\/\/lazale.com\/nb\/angrerett\/\"]}]},{\"@type\":\"BreadcrumbList\",\"@id\":\"https:\/\/lazale.com\/nb\/angrerett\/#breadcrumb\",\"itemListElement\":[{\"@type\":\"ListItem\",\"position\":1,\"name\":\"Home\",\"item\":\"https:\/\/lazale.com\/\"},{\"@type\":\"ListItem\",\"position\":2,\"name\":\"Widerrufsrecht\"}]},{\"@type\":\"WebSite\",\"@id\":\"https:\/\/lazale.com\/pt\/#website\",\"url\":\"https:\/\/lazale.com\/pt\/\",\"name\":\"Lazale\",\"description\":\"Dehnungsstreifen Creme\",\"publisher\":{\"@id\":\"https:\/\/lazale.com\/pt\/#organization\"},\"potentialAction\":[{\"@type\":\"SearchAction\",\"target\":{\"@type\":\"EntryPoint\",\"urlTemplate\":\"https:\/\/lazale.com\/pt\/?s={search_term_string}\"},\"query-input\":{\"@type\":\"PropertyValueSpecification\",\"valueRequired\":true,\"valueName\":\"search_term_string\"}}],\"inLanguage\":\"et\"},{\"@type\":\"Organization\",\"@id\":\"https:\/\/lazale.com\/pt\/#organization\",\"name\":\"Lazale\",\"url\":\"https:\/\/lazale.com\/pt\/\",\"logo\":{\"@type\":\"ImageObject\",\"inLanguage\":\"et\",\"@id\":\"https:\/\/lazale.com\/pt\/#\/schema\/logo\/image\/\",\"url\":\"https:\/\/lazale.com\/wp-content\/uploads\/2021\/09\/cropped-LAZALE-LOGO.png\",\"contentUrl\":\"https:\/\/lazale.com\/wp-content\/uploads\/2021\/09\/cropped-LAZALE-LOGO.png\",\"width\":243,\"height\":78,\"caption\":\"Lazale\"},\"image\":{\"@id\":\"https:\/\/lazale.com\/pt\/#\/schema\/logo\/image\/\"}}]}<\/script>\n<!-- \/ Yoast SEO Premium plugin. -->","yoast_head_json":{"title":"Taganemis\u00f5igus - Lazale","robots":{"index":"noindex","follow":"nofollow"},"og_locale":"et_EE","og_type":"article","og_title":"Widerrufsrecht","og_description":"Widerrufsrecht f\u00fcr Verbraucher Verbraucher ist jede nat\u00fcrliche Person, die ein Rechtsgesch\u00e4ft zu Zwecken abschlie\u00dft, die \u00fcberwiegend weder ihrer gewerblichen noch ihrer selbstst\u00e4ndigen beruflichen T\u00e4tigkeit zugerechnet werden kann. Widerrufsbelehrung Lazale Widerrufsrecht Sie haben das Recht, binnen vierzehn Tagen diesen Vertrag zu widerrufen. Die Widerrufsfrist betr\u00e4gt vierzehn Tage ab dem Tag, an dem Sie oder ein von [&hellip;]","og_url":"https:\/\/lazale.com\/et\/angrerett\/","og_site_name":"Lazale","article_modified_time":"2025-06-30T06:23:37+00:00","twitter_card":"summary_large_image","twitter_misc":{"Est. reading time":"4 minutit"},"schema":{"@context":"https:\/\/schema.org","@graph":[{"@type":"WebPage","@id":"https:\/\/lazale.com\/nb\/angrerett\/","url":"https:\/\/lazale.com\/nb\/angrerett\/","name":"Taganemis\u00f5igus - Lazale","isPartOf":{"@id":"https:\/\/lazale.com\/pt\/#website"},"datePublished":"2021-09-27T05:24:00+00:00","dateModified":"2025-06-30T06:23:37+00:00","breadcrumb":{"@id":"https:\/\/lazale.com\/nb\/angrerett\/#breadcrumb"},"inLanguage":"et","potentialAction":[{"@type":"ReadAction","target":["https:\/\/lazale.com\/nb\/angrerett\/"]}]},{"@type":"BreadcrumbList","@id":"https:\/\/lazale.com\/nb\/angrerett\/#breadcrumb","itemListElement":[{"@type":"ListItem","position":1,"name":"Home","item":"https:\/\/lazale.com\/"},{"@type":"ListItem","position":2,"name":"Widerrufsrecht"}]},{"@type":"WebSite","@id":"https:\/\/lazale.com\/pt\/#website","url":"https:\/\/lazale.com\/pt\/","name":"Lazale","description":"Venitusm\u00e4rkide kreem","publisher":{"@id":"https:\/\/lazale.com\/pt\/#organization"},"potentialAction":[{"@type":"SearchAction","target":{"@type":"EntryPoint","urlTemplate":"https:\/\/lazale.com\/pt\/?s={search_term_string}"},"query-input":{"@type":"PropertyValueSpecification","valueRequired":true,"valueName":"search_term_string"}}],"inLanguage":"et"},{"@type":"Organization","@id":"https:\/\/lazale.com\/pt\/#organization","name":"Lazale","url":"https:\/\/lazale.com\/pt\/","logo":{"@type":"ImageObject","inLanguage":"et","@id":"https:\/\/lazale.com\/pt\/#\/schema\/logo\/image\/","url":"https:\/\/lazale.com\/wp-content\/uploads\/2021\/09\/cropped-LAZALE-LOGO.png","contentUrl":"https:\/\/lazale.com\/wp-content\/uploads\/2021\/09\/cropped-LAZALE-LOGO.png","width":243,"height":78,"caption":"Lazale"},"image":{"@id":"https:\/\/lazale.com\/pt\/#\/schema\/logo\/image\/"}}]}},"uagb_featured_image_src":{"full":false,"thumbnail":false,"medium":false,"medium_large":false,"large":false,"1536x1536":false,"2048x2048":false,"trp-custom-language-flag":false,"woocommerce_thumbnail":false,"woocommerce_single":false,"woocommerce_gallery_thumbnail":false},"uagb_author_info":{"display_name":"Kerem085","author_link":"https:\/\/lazale.com\/et\/author\/kerem085\/"},"uagb_comment_info":0,"uagb_excerpt":"Widerrufsrecht f\u00fcr Verbraucher Verbraucher ist jede nat\u00fcrliche Person, die ein Rechtsgesch\u00e4ft zu Zwecken abschlie\u00dft, die \u00fcberwiegend weder ihrer gewerblichen noch ihrer selbstst\u00e4ndigen beruflichen T\u00e4tigkeit zugerechnet werden kann. Widerrufsbelehrung Lazale Widerrufsrecht Sie haben das Recht, binnen vierzehn Tagen diesen Vertrag zu widerrufen. Die Widerrufsfrist betr\u00e4gt vierzehn Tage ab dem Tag, an dem Sie oder ein von&hellip;","coauthors":[],"author_meta":{"author_link":"https:\/\/lazale.com\/et\/author\/kerem085\/","display_name":"Kerem085"},"relative_dates":{"created":"Posted 5 aastat ago","modified":"Updated 9 kuud ago"},"absolute_dates":{"created":"Posted on september 27, 2021","modified":"Updated on juuni 30, 2025"},"absolute_dates_time":{"created":"Posted on september 27, 2021 5:24 e.l.","modified":"Updated on juuni 30, 2025 8:23 e.l."},"featured_img_caption":"","featured_img":false,"series_order":"","_links":{"self":[{"href":"https:\/\/lazale.com\/et\/wp-json\/wp\/v2\/pages\/15","targetHints":{"allow":["GET"]}}],"collection":[{"href":"https:\/\/lazale.com\/et\/wp-json\/wp\/v2\/pages"}],"about":[{"href":"https:\/\/lazale.com\/et\/wp-json\/wp\/v2\/types\/page"}],"author":[{"embeddable":true,"href":"https:\/\/lazale.com\/et\/wp-json\/wp\/v2\/users\/1"}],"replies":[{"embeddable":true,"href":"https:\/\/lazale.com\/et\/wp-json\/wp\/v2\/comments?post=15"}],"version-history":[{"count":11,"href":"https:\/\/lazale.com\/et\/wp-json\/wp\/v2\/pages\/15\/revisions"}],"predecessor-version":[{"id":3468,"href":"https:\/\/lazale.com\/et\/wp-json\/wp\/v2\/pages\/15\/revisions\/3468"}],"wp:attachment":[{"href":"https:\/\/lazale.com\/et\/wp-json\/wp\/v2\/media?parent=15"}],"curies":[{"name":"wp","href":"https:\/\/api.w.org\/{rel}","templated":true}]}}