{"id":16,"date":"2021-09-27T05:24:00","date_gmt":"2021-09-27T05:24:00","guid":{"rendered":"https:\/\/lazale.com\/?page_id=16"},"modified":"2024-04-23T11:08:46","modified_gmt":"2024-04-23T09:08:46","slug":"versandarten","status":"publish","type":"page","link":"https:\/\/lazale.com\/et\/versandarten\/","title":{"rendered":"Laevandusmeetodid"},"content":{"rendered":"<p><strong>VEOTINGIMUSED<\/strong><\/p>\n\n\n\n<p>Kaupu tarnitakse nii kogu Euroopasse kui ka v\u00e4ljapoole Euroopat.<\/p>\n\n\n\n<p>Me saadame CO2-neutraalselt DHL GOGREENiga.<\/p>\n\n\n\n<figure class=\"wp-block-image size-large is-resized\"><img decoding=\"async\" src=\"https:\/\/laduti.de\/wp-content\/uploads\/2021\/07\/dhl_gogreen.png\" alt=\"\" class=\"wp-image-69115\" style=\"width:124px;height:69px\"\/><\/figure>\n\n\n\n<p><\/p>\n\n\n\n<p><strong><strong>L\u00c4HETAMISKULUD<\/strong>\u00a0<\/strong>(sh seadusega etten\u00e4htud k\u00e4ibemaks)<\/p>\n\n\n\n<p><strong>ELi-sisesed tarned: <\/strong><\/p>\n\n\n\n<p>5 \u20ac<\/p>\n\n\n\n<p><strong>Tarned v\u00e4ljapoole ELi:<\/strong> <\/p>\n\n\n\n<p>Klient peab ise maksma tollimaksud ja impordimaksud, s\u00f5ltuvalt kauba v\u00e4\u00e4rtusest.<\/p>\n\n\n\n<p><strong>Mitte-EL<\/strong>:<\/p>\n\n\n\n<p>\u0160veits: 6 CHF<\/p>\n\n\n\n<p>\u00dchendkuningriik: 5 GBP <\/p>\n\n\n\n<p>Norra: 150 NOK<\/p>\n\n\n\n<p><br><strong>TARNET\u00c4HTAJAD<\/strong><\/p>\n\n\n\n<p>Kui vastavas pakkumises ei ole m\u00e4rgitud muud t\u00e4htaega, toimub kauba kohaletoimetamine Saksamaal (Saksamaa) 2-3 p\u00e4eva jooksul, v\u00e4lismaale tarnimisel 3-5 p\u00e4eva jooksul p\u00e4rast lepingu s\u00f5lmimist (kokkulepitud ettemaksu korral p\u00e4rast teie maksekorralduse saamist).<br>Pange t\u00e4hele, et p\u00fchap\u00e4eviti ja riigip\u00fchadel ei toimu kohaletoimetamist.<br>Kui olete tellinud erineva tarneajaga tooteid, saadame kaubad \u00fche saadetisena, kui me ei ole teiega teisiti kokku leppinud. Sellisel juhul m\u00e4\u00e4ratakse tarneaeg selle kauba j\u00e4rgi, mille tarneaeg on pikim, mille olete tellinud.<\/p>","protected":false},"excerpt":{"rendered":"<p>VERSANDBEDINGUNGEN Die Lieferung der Ware erfolgt europaweit als auch ausserhalb Europas. Wir versenden&nbsp;CO2-neutral mit DHL GOGREEN. VERSANDKOSTEN\u00a0(inklusive gesetzliche Mehrwertsteuer) Lieferungen innerhalb EU: 5 \u20ac Lieferungen ausserhalb EU: Der Kunde hat die Zollgeb\u00fchren &amp; Einfuhrsteuer selbst zu tragen, abh\u00e4ngig vom Warenwert. Non-EU: Schweiz: 6 CHF United Kingdom: 5 GBP Norwegen: 150 NOK LIEFERFRISTEN Soweit im jeweiligen [&hellip;]<\/p>","protected":false},"author":1,"featured_media":0,"parent":0,"menu_order":0,"comment_status":"closed","ping_status":"closed","template":"","meta":{"_uag_custom_page_level_css":"","advgb_blocks_editor_width":"","advgb_blocks_columns_visual_guide":"","site-sidebar-layout":"default","site-content-layout":"","ast-site-content-layout":"default","site-content-style":"default","site-sidebar-style":"default","ast-global-header-display":"","ast-banner-title-visibility":"","ast-main-header-display":"","ast-hfb-above-header-display":"","ast-hfb-below-header-display":"","ast-hfb-mobile-header-display":"","site-post-title":"","ast-breadcrumbs-content":"","ast-featured-img":"","footer-sml-layout":"","ast-disable-related-posts":"","theme-transparent-header-meta":"","adv-header-id-meta":"","stick-header-meta":"","header-above-stick-meta":"","header-main-stick-meta":"","header-below-stick-meta":"","astra-migrate-meta-layouts":"set","ast-page-background-enabled":"default","ast-page-background-meta":{"desktop":{"background-color":"","background-image":"","background-repeat":"repeat","background-position":"center center","background-size":"auto","background-attachment":"scroll","background-type":"","background-media":"","overlay-type":"","overlay-color":"","overlay-opacity":"","overlay-gradient":""},"tablet":{"background-color":"","background-image":"","background-repeat":"repeat","background-position":"center center","background-size":"auto","background-attachment":"scroll","background-type":"","background-media":"","overlay-type":"","overlay-color":"","overlay-opacity":"","overlay-gradient":""},"mobile":{"background-color":"","background-image":"","background-repeat":"repeat","background-position":"center center","background-size":"auto","background-attachment":"scroll","background-type":"","background-media":"","overlay-type":"","overlay-color":"","overlay-opacity":"","overlay-gradient":""}},"ast-content-background-meta":{"desktop":{"background-color":"var(--ast-global-color-5)","background-image":"","background-repeat":"repeat","background-position":"center center","background-size":"auto","background-attachment":"scroll","background-type":"","background-media":"","overlay-type":"","overlay-color":"","overlay-opacity":"","overlay-gradient":""},"tablet":{"background-color":"var(--ast-global-color-5)","background-image":"","background-repeat":"repeat","background-position":"center center","background-size":"auto","background-attachment":"scroll","background-type":"","background-media":"","overlay-type":"","overlay-color":"","overlay-opacity":"","overlay-gradient":""},"mobile":{"background-color":"var(--ast-global-color-5)","background-image":"","background-repeat":"repeat","background-position":"center center","background-size":"auto","background-attachment":"scroll","background-type":"","background-media":"","overlay-type":"","overlay-color":"","overlay-opacity":"","overlay-gradient":""}},"footnotes":""},"class_list":["post-16","page","type-page","status-publish","hentry"],"yoast_head":"<!-- This site is optimized with the Yoast SEO Premium plugin v23.7 (Yoast SEO v26.6) - https:\/\/yoast.com\/wordpress\/plugins\/seo\/ -->\n<title>Versandarten - Lazale<\/title>\n<meta name=\"robots\" content=\"noindex, nofollow\" \/>\n<meta property=\"og:locale\" content=\"et_EE\" \/>\n<meta property=\"og:type\" content=\"article\" \/>\n<meta property=\"og:title\" content=\"Versandarten\" \/>\n<meta property=\"og:description\" content=\"VERSANDBEDINGUNGEN Die Lieferung der Ware erfolgt europaweit als auch ausserhalb Europas. Wir versenden&nbsp;CO2-neutral mit DHL GOGREEN. VERSANDKOSTEN\u00a0(inklusive gesetzliche Mehrwertsteuer) Lieferungen innerhalb EU: 5 \u20ac Lieferungen ausserhalb EU: Der Kunde hat die Zollgeb\u00fchren &amp; Einfuhrsteuer selbst zu tragen, abh\u00e4ngig vom Warenwert. Non-EU: Schweiz: 6 CHF United Kingdom: 5 GBP Norwegen: 150 NOK LIEFERFRISTEN Soweit im jeweiligen [&hellip;]\" \/>\n<meta property=\"og:url\" content=\"https:\/\/lazale.com\/et\/versandarten\/\" \/>\n<meta property=\"og:site_name\" content=\"Lazale\" \/>\n<meta property=\"article:modified_time\" content=\"2024-04-23T09:08:46+00:00\" \/>\n<meta property=\"og:image\" content=\"https:\/\/laduti.de\/wp-content\/uploads\/2021\/07\/dhl_gogreen.png\" \/>\n<meta name=\"twitter:card\" content=\"summary_large_image\" \/>\n<meta name=\"twitter:label1\" content=\"Est. reading time\" \/>\n\t<meta name=\"twitter:data1\" content=\"2 minutit\" \/>\n<script type=\"application\/ld+json\" class=\"yoast-schema-graph\">{\"@context\":\"https:\/\/schema.org\",\"@graph\":[{\"@type\":\"WebPage\",\"@id\":\"https:\/\/lazale.com\/it\/versandarten\/\",\"url\":\"https:\/\/lazale.com\/it\/versandarten\/\",\"name\":\"Versandarten - Lazale\",\"isPartOf\":{\"@id\":\"https:\/\/lazale.com\/pt\/#website\"},\"primaryImageOfPage\":{\"@id\":\"https:\/\/lazale.com\/it\/versandarten\/#primaryimage\"},\"image\":{\"@id\":\"https:\/\/lazale.com\/it\/versandarten\/#primaryimage\"},\"thumbnailUrl\":\"https:\/\/laduti.de\/wp-content\/uploads\/2021\/07\/dhl_gogreen.png\",\"datePublished\":\"2021-09-27T05:24:00+00:00\",\"dateModified\":\"2024-04-23T09:08:46+00:00\",\"breadcrumb\":{\"@id\":\"https:\/\/lazale.com\/it\/versandarten\/#breadcrumb\"},\"inLanguage\":\"et\",\"potentialAction\":[{\"@type\":\"ReadAction\",\"target\":[\"https:\/\/lazale.com\/it\/versandarten\/\"]}]},{\"@type\":\"ImageObject\",\"inLanguage\":\"et\",\"@id\":\"https:\/\/lazale.com\/it\/versandarten\/#primaryimage\",\"url\":\"https:\/\/laduti.de\/wp-content\/uploads\/2021\/07\/dhl_gogreen.png\",\"contentUrl\":\"https:\/\/laduti.de\/wp-content\/uploads\/2021\/07\/dhl_gogreen.png\"},{\"@type\":\"BreadcrumbList\",\"@id\":\"https:\/\/lazale.com\/it\/versandarten\/#breadcrumb\",\"itemListElement\":[{\"@type\":\"ListItem\",\"position\":1,\"name\":\"Home\",\"item\":\"https:\/\/lazale.com\/\"},{\"@type\":\"ListItem\",\"position\":2,\"name\":\"Versandarten\"}]},{\"@type\":\"WebSite\",\"@id\":\"https:\/\/lazale.com\/pt\/#website\",\"url\":\"https:\/\/lazale.com\/pt\/\",\"name\":\"Lazale\",\"description\":\"Dehnungsstreifen Creme\",\"publisher\":{\"@id\":\"https:\/\/lazale.com\/pt\/#organization\"},\"potentialAction\":[{\"@type\":\"SearchAction\",\"target\":{\"@type\":\"EntryPoint\",\"urlTemplate\":\"https:\/\/lazale.com\/pt\/?s={search_term_string}\"},\"query-input\":{\"@type\":\"PropertyValueSpecification\",\"valueRequired\":true,\"valueName\":\"search_term_string\"}}],\"inLanguage\":\"et\"},{\"@type\":\"Organization\",\"@id\":\"https:\/\/lazale.com\/pt\/#organization\",\"name\":\"Lazale\",\"url\":\"https:\/\/lazale.com\/pt\/\",\"logo\":{\"@type\":\"ImageObject\",\"inLanguage\":\"et\",\"@id\":\"https:\/\/lazale.com\/pt\/#\/schema\/logo\/image\/\",\"url\":\"https:\/\/lazale.com\/wp-content\/uploads\/2021\/09\/cropped-LAZALE-LOGO.png\",\"contentUrl\":\"https:\/\/lazale.com\/wp-content\/uploads\/2021\/09\/cropped-LAZALE-LOGO.png\",\"width\":243,\"height\":78,\"caption\":\"Lazale\"},\"image\":{\"@id\":\"https:\/\/lazale.com\/pt\/#\/schema\/logo\/image\/\"}}]}<\/script>\n<!-- \/ Yoast SEO Premium plugin. -->","yoast_head_json":{"title":"Laevandusmeetodid - Lazale","robots":{"index":"noindex","follow":"nofollow"},"og_locale":"et_EE","og_type":"article","og_title":"Versandarten","og_description":"VERSANDBEDINGUNGEN Die Lieferung der Ware erfolgt europaweit als auch ausserhalb Europas. Wir versenden&nbsp;CO2-neutral mit DHL GOGREEN. VERSANDKOSTEN\u00a0(inklusive gesetzliche Mehrwertsteuer) Lieferungen innerhalb EU: 5 \u20ac Lieferungen ausserhalb EU: Der Kunde hat die Zollgeb\u00fchren &amp; Einfuhrsteuer selbst zu tragen, abh\u00e4ngig vom Warenwert. Non-EU: Schweiz: 6 CHF United Kingdom: 5 GBP Norwegen: 150 NOK LIEFERFRISTEN Soweit im jeweiligen [&hellip;]","og_url":"https:\/\/lazale.com\/et\/versandarten\/","og_site_name":"Lazale","article_modified_time":"2024-04-23T09:08:46+00:00","og_image":[{"url":"https:\/\/laduti.de\/wp-content\/uploads\/2021\/07\/dhl_gogreen.png","type":"","width":"","height":""}],"twitter_card":"summary_large_image","twitter_misc":{"Est. reading time":"2 minutit"},"schema":{"@context":"https:\/\/schema.org","@graph":[{"@type":"WebPage","@id":"https:\/\/lazale.com\/it\/versandarten\/","url":"https:\/\/lazale.com\/it\/versandarten\/","name":"Laevandusmeetodid - Lazale","isPartOf":{"@id":"https:\/\/lazale.com\/pt\/#website"},"primaryImageOfPage":{"@id":"https:\/\/lazale.com\/it\/versandarten\/#primaryimage"},"image":{"@id":"https:\/\/lazale.com\/it\/versandarten\/#primaryimage"},"thumbnailUrl":"https:\/\/laduti.de\/wp-content\/uploads\/2021\/07\/dhl_gogreen.png","datePublished":"2021-09-27T05:24:00+00:00","dateModified":"2024-04-23T09:08:46+00:00","breadcrumb":{"@id":"https:\/\/lazale.com\/it\/versandarten\/#breadcrumb"},"inLanguage":"et","potentialAction":[{"@type":"ReadAction","target":["https:\/\/lazale.com\/it\/versandarten\/"]}]},{"@type":"ImageObject","inLanguage":"et","@id":"https:\/\/lazale.com\/it\/versandarten\/#primaryimage","url":"https:\/\/laduti.de\/wp-content\/uploads\/2021\/07\/dhl_gogreen.png","contentUrl":"https:\/\/laduti.de\/wp-content\/uploads\/2021\/07\/dhl_gogreen.png"},{"@type":"BreadcrumbList","@id":"https:\/\/lazale.com\/it\/versandarten\/#breadcrumb","itemListElement":[{"@type":"ListItem","position":1,"name":"Home","item":"https:\/\/lazale.com\/"},{"@type":"ListItem","position":2,"name":"Versandarten"}]},{"@type":"WebSite","@id":"https:\/\/lazale.com\/pt\/#website","url":"https:\/\/lazale.com\/pt\/","name":"Lazale","description":"Venitusm\u00e4rkide kreem","publisher":{"@id":"https:\/\/lazale.com\/pt\/#organization"},"potentialAction":[{"@type":"SearchAction","target":{"@type":"EntryPoint","urlTemplate":"https:\/\/lazale.com\/pt\/?s={search_term_string}"},"query-input":{"@type":"PropertyValueSpecification","valueRequired":true,"valueName":"search_term_string"}}],"inLanguage":"et"},{"@type":"Organization","@id":"https:\/\/lazale.com\/pt\/#organization","name":"Lazale","url":"https:\/\/lazale.com\/pt\/","logo":{"@type":"ImageObject","inLanguage":"et","@id":"https:\/\/lazale.com\/pt\/#\/schema\/logo\/image\/","url":"https:\/\/lazale.com\/wp-content\/uploads\/2021\/09\/cropped-LAZALE-LOGO.png","contentUrl":"https:\/\/lazale.com\/wp-content\/uploads\/2021\/09\/cropped-LAZALE-LOGO.png","width":243,"height":78,"caption":"Lazale"},"image":{"@id":"https:\/\/lazale.com\/pt\/#\/schema\/logo\/image\/"}}]}},"uagb_featured_image_src":{"full":false,"thumbnail":false,"medium":false,"medium_large":false,"large":false,"1536x1536":false,"2048x2048":false,"trp-custom-language-flag":false,"woocommerce_thumbnail":false,"woocommerce_single":false,"woocommerce_gallery_thumbnail":false},"uagb_author_info":{"display_name":"Kerem085","author_link":"https:\/\/lazale.com\/et\/author\/kerem085\/"},"uagb_comment_info":0,"uagb_excerpt":"VERSANDBEDINGUNGEN Die Lieferung der Ware erfolgt europaweit als auch ausserhalb Europas. Wir versenden&nbsp;CO2-neutral mit DHL GOGREEN. VERSANDKOSTEN\u00a0(inklusive gesetzliche Mehrwertsteuer) Lieferungen innerhalb EU: 5 \u20ac Lieferungen ausserhalb EU: Der Kunde hat die Zollgeb\u00fchren &amp; Einfuhrsteuer selbst zu tragen, abh\u00e4ngig vom Warenwert. Non-EU: Schweiz: 6 CHF United Kingdom: 5 GBP Norwegen: 150 NOK LIEFERFRISTEN Soweit im jeweiligen&hellip;","coauthors":[],"author_meta":{"author_link":"https:\/\/lazale.com\/et\/author\/kerem085\/","display_name":"Kerem085"},"relative_dates":{"created":"Posted 5 aastat ago","modified":"Updated 2 aastat ago"},"absolute_dates":{"created":"Posted on september 27, 2021","modified":"Updated on aprill 23, 2024"},"absolute_dates_time":{"created":"Posted on september 27, 2021 5:24 e.l.","modified":"Updated on aprill 23, 2024 11:08 e.l."},"featured_img_caption":"","featured_img":false,"series_order":"","_links":{"self":[{"href":"https:\/\/lazale.com\/et\/wp-json\/wp\/v2\/pages\/16","targetHints":{"allow":["GET"]}}],"collection":[{"href":"https:\/\/lazale.com\/et\/wp-json\/wp\/v2\/pages"}],"about":[{"href":"https:\/\/lazale.com\/et\/wp-json\/wp\/v2\/types\/page"}],"author":[{"embeddable":true,"href":"https:\/\/lazale.com\/et\/wp-json\/wp\/v2\/users\/1"}],"replies":[{"embeddable":true,"href":"https:\/\/lazale.com\/et\/wp-json\/wp\/v2\/comments?post=16"}],"version-history":[{"count":10,"href":"https:\/\/lazale.com\/et\/wp-json\/wp\/v2\/pages\/16\/revisions"}],"predecessor-version":[{"id":1169,"href":"https:\/\/lazale.com\/et\/wp-json\/wp\/v2\/pages\/16\/revisions\/1169"}],"wp:attachment":[{"href":"https:\/\/lazale.com\/et\/wp-json\/wp\/v2\/media?parent=16"}],"curies":[{"name":"wp","href":"https:\/\/api.w.org\/{rel}","templated":true}]}}