{"id":13,"date":"2021-09-27T05:24:00","date_gmt":"2021-09-27T05:24:00","guid":{"rendered":"https:\/\/lazale.com\/?page_id=13"},"modified":"2025-06-30T07:59:14","modified_gmt":"2025-06-30T05:59:14","slug":"impressum","status":"publish","type":"page","link":"https:\/\/lazale.com\/it\/impressum\/","title":{"rendered":"Impronta"},"content":{"rendered":"<p><strong>Dichiarazione di non responsabilit\u00e0<br><\/strong>I contenuti di questo sito web sono stati creati con la massima cura possibile. Tuttavia, Lazale non si assume alcuna responsabilit\u00e0 per la correttezza, la completezza e l'attualit\u00e0 dei contenuti forniti. L'utilizzo dei contenuti del sito \u00e8 a rischio e pericolo dell'utente.<\/p>\n\n\n\n<p>1. Collegamenti esterni:<br>Nel caso di link esterni a siti web di terzi (\"link esterni\"), questi siti sono soggetti alla responsabilit\u00e0 dei rispettivi gestori. Al momento della creazione dei link esterni, il provider ha verificato che i contenuti esterni non presentassero violazioni di legge. In quel momento non sono state riscontrate violazioni di legge. L'offerente non ha alcuna influenza sulla struttura e sui contenuti attuali e futuri delle pagine collegate. L'inserimento di link esterni non implica che l'offerente adotti come propri i contenuti che si celano dietro il riferimento o il link. Non \u00e8 ragionevole per l'offerente monitorare costantemente i link esterni senza indicazioni concrete di violazioni legali. Tuttavia, nel caso in cui si venga a conoscenza di violazioni legali, tali link esterni verranno immediatamente cancellati.<\/p>\n\n\n\n<p>2. Diritti d'autore e diritti accessori | \u00a9 copyright:<br>I contenuti pubblicati su questo sito web sono soggetti alle leggi tedesche sul copyright e sui diritti d'autore accessori. Qualsiasi utilizzo non consentito dalle leggi tedesche sul diritto d'autore e sui diritti accessori richiede il previo consenso scritto del fornitore o del rispettivo titolare dei diritti. Ci\u00f2 vale in particolare per la copia, la modifica, la traduzione, la memorizzazione, l'elaborazione o la riproduzione di contenuti in banche dati o altri supporti e sistemi elettronici. La riproduzione o la trasmissione non autorizzata di singoli contenuti o di pagine complete non \u00e8 consentita ed \u00e8 punibile per legge. \u00c8 consentita solo la produzione di copie e download per uso personale, privato e non commerciale. La visualizzazione di questo sito web in frame esterni \u00e8 consentita solo previa autorizzazione scritta.<\/p>\n\n\n\n<p>3. Protezione dei dati<br>Visitando il sito web del fornitore, possono essere memorizzate informazioni sull'accesso (data, ora, pagina visualizzata). Questi dati non appartengono ai dati personali, ma sono anonimizzati. Vengono valutati esclusivamente a fini statistici. Non vengono trasmessi a terzi per scopi commerciali o non commerciali. L'offerente fa espressamente presente che la trasmissione dei dati su Internet (ad esempio la comunicazione via e-mail) \u00e8 soggetta a vulnerabilit\u00e0 di sicurezza e non pu\u00f2 essere completamente protetta dall'accesso di terzi.<\/p>\n\n\n\n<p>L'utilizzo dei dati di contatto dell'imprinting per la pubblicit\u00e0 commerciale \u00e8 espressamente vietato, a meno che il fornitore non abbia dato il proprio consenso scritto o non esista gi\u00e0 un rapporto commerciale. Il fornitore e tutte le persone citate in questo sito web si oppongono a qualsiasi uso commerciale e divulgazione dei loro dati.<\/p>\n\n\n\n<p>4. Condizioni speciali di utilizzo<br>Se le condizioni speciali per i singoli utilizzi di questo sito web si discostano dai numeri da 1 a 4 sopra citati, ci\u00f2 sar\u00e0 espressamente indicato nel punto appropriato. In questo caso, le condizioni speciali di utilizzo si applicano al singolo caso.<\/p>\n\n\n\n<p>LAZALE \u00e8 un marchio della:<\/p>\n\n\n\n<p>Lazru Cosmetics Trading L.L.C<br>NGI Building, Office 902-34<br>Port Saeed, Dubai, UAE<br>Register No. 1619334<br>USt-IdNr. DE351395187<br>PO Box \u2013 12887<\/p>\n\n\n\n<p><strong>Risoluzione alternativa delle controversie:<\/strong><\/p>\n\n\n\n<p>La Commissione europea mette a disposizione una piattaforma per la risoluzione extragiudiziale delle controversie online (piattaforma ODR), accessibile all'indirizzo&nbsp;<a href=\"https:\/\/ec.europa.eu\/odr\" target=\"_blank\" rel=\"noreferrer noopener\">https:\/\/ec.europa.eu\/odr<\/a>.<\/p>","protected":false},"excerpt":{"rendered":"<p>HaftungsausschlussDie Inhalte dieser Website werden mit gr\u00f6\u00dftm\u00f6glicher Sorgfalt erstellt. Lazale \u00fcbernimmt jedoch keine Gew\u00e4hr f\u00fcr die Richtigkeit, Vollst\u00e4ndigkeit und Aktualit\u00e4t der bereitgestellten Inhalte. Die Nutzung der Inhalte der Website erfolgt auf eigene Gefahr des Nutzers. 1. Externe Links:Bei externen Verkn\u00fcpfungen zu Websites Dritter (\u201eexterne Links\u201c). unterliegen diese Websites der Haftung der jeweiligen Betreiber. Der Anbieter [&hellip;]<\/p>","protected":false},"author":1,"featured_media":0,"parent":0,"menu_order":0,"comment_status":"closed","ping_status":"closed","template":"","meta":{"_uag_custom_page_level_css":"","advgb_blocks_editor_width":"","advgb_blocks_columns_visual_guide":"","site-sidebar-layout":"default","site-content-layout":"default","ast-site-content-layout":"default","site-content-style":"default","site-sidebar-style":"default","ast-global-header-display":"","ast-banner-title-visibility":"","ast-main-header-display":"","ast-hfb-above-header-display":"","ast-hfb-below-header-display":"","ast-hfb-mobile-header-display":"","site-post-title":"","ast-breadcrumbs-content":"","ast-featured-img":"","footer-sml-layout":"","ast-disable-related-posts":"","theme-transparent-header-meta":"default","adv-header-id-meta":"","stick-header-meta":"default","header-above-stick-meta":"","header-main-stick-meta":"","header-below-stick-meta":"","astra-migrate-meta-layouts":"set","ast-page-background-enabled":"default","ast-page-background-meta":{"desktop":{"background-color":"","background-image":"","background-repeat":"repeat","background-position":"center center","background-size":"auto","background-attachment":"scroll","background-type":"","background-media":"","overlay-type":"","overlay-color":"","overlay-opacity":"","overlay-gradient":""},"tablet":{"background-color":"","background-image":"","background-repeat":"repeat","background-position":"center center","background-size":"auto","background-attachment":"scroll","background-type":"","background-media":"","overlay-type":"","overlay-color":"","overlay-opacity":"","overlay-gradient":""},"mobile":{"background-color":"","background-image":"","background-repeat":"repeat","background-position":"center center","background-size":"auto","background-attachment":"scroll","background-type":"","background-media":"","overlay-type":"","overlay-color":"","overlay-opacity":"","overlay-gradient":""}},"ast-content-background-meta":{"desktop":{"background-color":"var(--ast-global-color-5)","background-image":"","background-repeat":"repeat","background-position":"center center","background-size":"auto","background-attachment":"scroll","background-type":"","background-media":"","overlay-type":"","overlay-color":"","overlay-opacity":"","overlay-gradient":""},"tablet":{"background-color":"var(--ast-global-color-5)","background-image":"","background-repeat":"repeat","background-position":"center center","background-size":"auto","background-attachment":"scroll","background-type":"","background-media":"","overlay-type":"","overlay-color":"","overlay-opacity":"","overlay-gradient":""},"mobile":{"background-color":"var(--ast-global-color-5)","background-image":"","background-repeat":"repeat","background-position":"center center","background-size":"auto","background-attachment":"scroll","background-type":"","background-media":"","overlay-type":"","overlay-color":"","overlay-opacity":"","overlay-gradient":""}},"footnotes":""},"class_list":["post-13","page","type-page","status-publish","hentry"],"yoast_head":"<!-- This site is optimized with the Yoast SEO Premium plugin v23.7 (Yoast SEO v26.6) - https:\/\/yoast.com\/wordpress\/plugins\/seo\/ -->\n<title>Impressum - Lazale<\/title>\n<meta name=\"robots\" content=\"noindex, nofollow\" \/>\n<meta property=\"og:locale\" content=\"it_IT\" \/>\n<meta property=\"og:type\" content=\"article\" \/>\n<meta property=\"og:title\" content=\"Impressum\" \/>\n<meta property=\"og:description\" content=\"HaftungsausschlussDie Inhalte dieser Website werden mit gr\u00f6\u00dftm\u00f6glicher Sorgfalt erstellt. Lazale \u00fcbernimmt jedoch keine Gew\u00e4hr f\u00fcr die Richtigkeit, Vollst\u00e4ndigkeit und Aktualit\u00e4t der bereitgestellten Inhalte. Die Nutzung der Inhalte der Website erfolgt auf eigene Gefahr des Nutzers. 1. Externe Links:Bei externen Verkn\u00fcpfungen zu Websites Dritter (\u201eexterne Links\u201c). unterliegen diese Websites der Haftung der jeweiligen Betreiber. Der Anbieter [&hellip;]\" \/>\n<meta property=\"og:url\" content=\"https:\/\/lazale.com\/it\/otisak\/\" \/>\n<meta property=\"og:site_name\" content=\"Lazale\" \/>\n<meta property=\"article:modified_time\" content=\"2025-06-30T05:59:14+00:00\" \/>\n<meta name=\"twitter:card\" content=\"summary_large_image\" \/>\n<meta name=\"twitter:label1\" content=\"Tempo di lettura stimato\" \/>\n\t<meta name=\"twitter:data1\" content=\"3 minuti\" \/>\n<script type=\"application\/ld+json\" class=\"yoast-schema-graph\">{\"@context\":\"https:\/\/schema.org\",\"@graph\":[{\"@type\":\"WebPage\",\"@id\":\"https:\/\/lazale.com\/hr\/otisak\/\",\"url\":\"https:\/\/lazale.com\/hr\/otisak\/\",\"name\":\"Impressum - Lazale\",\"isPartOf\":{\"@id\":\"https:\/\/lazale.com\/pt\/#website\"},\"datePublished\":\"2021-09-27T05:24:00+00:00\",\"dateModified\":\"2025-06-30T05:59:14+00:00\",\"breadcrumb\":{\"@id\":\"https:\/\/lazale.com\/hr\/otisak\/#breadcrumb\"},\"inLanguage\":\"it-IT\",\"potentialAction\":[{\"@type\":\"ReadAction\",\"target\":[\"https:\/\/lazale.com\/hr\/otisak\/\"]}]},{\"@type\":\"BreadcrumbList\",\"@id\":\"https:\/\/lazale.com\/hr\/otisak\/#breadcrumb\",\"itemListElement\":[{\"@type\":\"ListItem\",\"position\":1,\"name\":\"Home\",\"item\":\"https:\/\/lazale.com\/\"},{\"@type\":\"ListItem\",\"position\":2,\"name\":\"Impressum\"}]},{\"@type\":\"WebSite\",\"@id\":\"https:\/\/lazale.com\/pt\/#website\",\"url\":\"https:\/\/lazale.com\/pt\/\",\"name\":\"Lazale\",\"description\":\"Dehnungsstreifen Creme\",\"publisher\":{\"@id\":\"https:\/\/lazale.com\/pt\/#organization\"},\"potentialAction\":[{\"@type\":\"SearchAction\",\"target\":{\"@type\":\"EntryPoint\",\"urlTemplate\":\"https:\/\/lazale.com\/pt\/?s={search_term_string}\"},\"query-input\":{\"@type\":\"PropertyValueSpecification\",\"valueRequired\":true,\"valueName\":\"search_term_string\"}}],\"inLanguage\":\"it-IT\"},{\"@type\":\"Organization\",\"@id\":\"https:\/\/lazale.com\/pt\/#organization\",\"name\":\"Lazale\",\"url\":\"https:\/\/lazale.com\/pt\/\",\"logo\":{\"@type\":\"ImageObject\",\"inLanguage\":\"it-IT\",\"@id\":\"https:\/\/lazale.com\/pt\/#\/schema\/logo\/image\/\",\"url\":\"https:\/\/lazale.com\/wp-content\/uploads\/2021\/09\/cropped-LAZALE-LOGO.png\",\"contentUrl\":\"https:\/\/lazale.com\/wp-content\/uploads\/2021\/09\/cropped-LAZALE-LOGO.png\",\"width\":243,\"height\":78,\"caption\":\"Lazale\"},\"image\":{\"@id\":\"https:\/\/lazale.com\/pt\/#\/schema\/logo\/image\/\"}}]}<\/script>\n<!-- \/ Yoast SEO Premium plugin. -->","yoast_head_json":{"title":"Impronta - Lazale","robots":{"index":"noindex","follow":"nofollow"},"og_locale":"it_IT","og_type":"article","og_title":"Impressum","og_description":"HaftungsausschlussDie Inhalte dieser Website werden mit gr\u00f6\u00dftm\u00f6glicher Sorgfalt erstellt. Lazale \u00fcbernimmt jedoch keine Gew\u00e4hr f\u00fcr die Richtigkeit, Vollst\u00e4ndigkeit und Aktualit\u00e4t der bereitgestellten Inhalte. Die Nutzung der Inhalte der Website erfolgt auf eigene Gefahr des Nutzers. 1. Externe Links:Bei externen Verkn\u00fcpfungen zu Websites Dritter (\u201eexterne Links\u201c). unterliegen diese Websites der Haftung der jeweiligen Betreiber. Der Anbieter [&hellip;]","og_url":"https:\/\/lazale.com\/it\/otisak\/","og_site_name":"Lazale","article_modified_time":"2025-06-30T05:59:14+00:00","twitter_card":"summary_large_image","twitter_misc":{"Tempo di lettura stimato":"3 minuti"},"schema":{"@context":"https:\/\/schema.org","@graph":[{"@type":"WebPage","@id":"https:\/\/lazale.com\/hr\/otisak\/","url":"https:\/\/lazale.com\/hr\/otisak\/","name":"Impronta - Lazale","isPartOf":{"@id":"https:\/\/lazale.com\/pt\/#website"},"datePublished":"2021-09-27T05:24:00+00:00","dateModified":"2025-06-30T05:59:14+00:00","breadcrumb":{"@id":"https:\/\/lazale.com\/hr\/otisak\/#breadcrumb"},"inLanguage":"it-IT","potentialAction":[{"@type":"ReadAction","target":["https:\/\/lazale.com\/hr\/otisak\/"]}]},{"@type":"BreadcrumbList","@id":"https:\/\/lazale.com\/hr\/otisak\/#breadcrumb","itemListElement":[{"@type":"ListItem","position":1,"name":"Home","item":"https:\/\/lazale.com\/"},{"@type":"ListItem","position":2,"name":"Impressum"}]},{"@type":"WebSite","@id":"https:\/\/lazale.com\/pt\/#website","url":"https:\/\/lazale.com\/pt\/","name":"Lazale","description":"Crema Smagliature","publisher":{"@id":"https:\/\/lazale.com\/pt\/#organization"},"potentialAction":[{"@type":"SearchAction","target":{"@type":"EntryPoint","urlTemplate":"https:\/\/lazale.com\/pt\/?s={search_term_string}"},"query-input":{"@type":"PropertyValueSpecification","valueRequired":true,"valueName":"search_term_string"}}],"inLanguage":"it-IT"},{"@type":"Organization","@id":"https:\/\/lazale.com\/pt\/#organization","name":"Lazale","url":"https:\/\/lazale.com\/pt\/","logo":{"@type":"ImageObject","inLanguage":"it-IT","@id":"https:\/\/lazale.com\/pt\/#\/schema\/logo\/image\/","url":"https:\/\/lazale.com\/wp-content\/uploads\/2021\/09\/cropped-LAZALE-LOGO.png","contentUrl":"https:\/\/lazale.com\/wp-content\/uploads\/2021\/09\/cropped-LAZALE-LOGO.png","width":243,"height":78,"caption":"Lazale"},"image":{"@id":"https:\/\/lazale.com\/pt\/#\/schema\/logo\/image\/"}}]}},"uagb_featured_image_src":{"full":false,"thumbnail":false,"medium":false,"medium_large":false,"large":false,"1536x1536":false,"2048x2048":false,"trp-custom-language-flag":false,"woocommerce_thumbnail":false,"woocommerce_single":false,"woocommerce_gallery_thumbnail":false},"uagb_author_info":{"display_name":"Kerem085","author_link":"https:\/\/lazale.com\/it\/author\/kerem085\/"},"uagb_comment_info":0,"uagb_excerpt":"HaftungsausschlussDie Inhalte dieser Website werden mit gr\u00f6\u00dftm\u00f6glicher Sorgfalt erstellt. Lazale \u00fcbernimmt jedoch keine Gew\u00e4hr f\u00fcr die Richtigkeit, Vollst\u00e4ndigkeit und Aktualit\u00e4t der bereitgestellten Inhalte. Die Nutzung der Inhalte der Website erfolgt auf eigene Gefahr des Nutzers. 1. Externe Links:Bei externen Verkn\u00fcpfungen zu Websites Dritter (\u201eexterne Links\u201c). unterliegen diese Websites der Haftung der jeweiligen Betreiber. Der Anbieter&hellip;","coauthors":[],"author_meta":{"author_link":"https:\/\/lazale.com\/it\/author\/kerem085\/","display_name":"Kerem085"},"relative_dates":{"created":"Pubblicato 5 anni fa","modified":"Aggiornato 10 mesi fa"},"absolute_dates":{"created":"Pubblicato il Settembre 27, 2021","modified":"Aggiornato il Giugno 30, 2025"},"absolute_dates_time":{"created":"Pubblicato il Settembre 27, 2021 5:24 am","modified":"Aggiornato il Giugno 30, 2025 7:59 am"},"featured_img_caption":"","featured_img":false,"series_order":"","_links":{"self":[{"href":"https:\/\/lazale.com\/it\/wp-json\/wp\/v2\/pages\/13","targetHints":{"allow":["GET"]}}],"collection":[{"href":"https:\/\/lazale.com\/it\/wp-json\/wp\/v2\/pages"}],"about":[{"href":"https:\/\/lazale.com\/it\/wp-json\/wp\/v2\/types\/page"}],"author":[{"embeddable":true,"href":"https:\/\/lazale.com\/it\/wp-json\/wp\/v2\/users\/1"}],"replies":[{"embeddable":true,"href":"https:\/\/lazale.com\/it\/wp-json\/wp\/v2\/comments?post=13"}],"version-history":[{"count":9,"href":"https:\/\/lazale.com\/it\/wp-json\/wp\/v2\/pages\/13\/revisions"}],"predecessor-version":[{"id":3485,"href":"https:\/\/lazale.com\/it\/wp-json\/wp\/v2\/pages\/13\/revisions\/3485"}],"wp:attachment":[{"href":"https:\/\/lazale.com\/it\/wp-json\/wp\/v2\/media?parent=13"}],"curies":[{"name":"wp","href":"https:\/\/api.w.org\/{rel}","templated":true}]}}