{"id":15,"date":"2021-09-27T05:24:00","date_gmt":"2021-09-27T05:24:00","guid":{"rendered":"https:\/\/lazale.com\/?page_id=15"},"modified":"2025-06-30T08:23:37","modified_gmt":"2025-06-30T06:23:37","slug":"widerrufsrecht","status":"publish","type":"page","link":"https:\/\/lazale.com\/it\/widerrufsrecht\/","title":{"rendered":"Diritto di recesso"},"content":{"rendered":"<p><strong>Diritto di recesso per i consumatori<\/strong><\/p>\n\n\n\n<p>Il consumatore \u00e8 una persona fisica che conclude un negozio giuridico per scopi che non possono essere prevalentemente attribuiti n\u00e9 alla sua attivit\u00e0 commerciale n\u00e9 alla sua attivit\u00e0 professionale indipendente.<\/p>\n\n\n\n<p><strong>Politica di cancellazione Lazale<\/strong><\/p>\n\n\n\n<p><strong>Diritto di recesso<\/strong><\/p>\n\n\n\n<p>Avete il diritto di annullare il presente contratto entro quattordici giorni. Il termine di recesso \u00e8 di quattordici giorni dal giorno in cui voi o un terzo da voi nominato, che non sia il vettore, avete preso possesso della merce, a condizione che abbiate ordinato una o pi\u00f9 merci come parte di un unico ordine e che queste siano o saranno consegnate in modo uniforme.<\/p>\n\n\n\n<p>Salvo diverso accordo tra le parti, il diritto di recesso non si applica ai seguenti contratti:<\/p>\n\n\n\n<p>Contratti per la fornitura di beni che possono deteriorarsi rapidamente o la cui data di scadenza verrebbe superata rapidamente,<\/p>\n\n\n\n<p>Contratti per la consegna di merci sigillate che non possono essere restituite per motivi di tutela della salute o di igiene, se il sigillo \u00e8 stato rimosso dopo la consegna.<\/p>\n\n\n\n<p>Per esercitare il vostro diritto di recesso, dovete informarci della vostra decisione di recedere dal presente contratto mediante una dichiarazione chiara (ad esempio, una lettera inviata per posta, fax o e-mail). A tal fine \u00e8 possibile utilizzare il modello di modulo di recesso allegato, che tuttavia non \u00e8 obbligatorio.<\/p>\n\n\n\n<p>Per rispettare il termine di cancellazione, \u00e8 sufficiente che l'utente invii la notifica dell'esercizio del diritto di cancellazione prima della scadenza del periodo di cancellazione.<\/p>\n\n\n\n<p>La revoca deve essere indirizzata a<\/p>\n\n\n\n<p>Lazru Cosmetics Trading L.L.C<br>NGI Building, Office 902-34<br>Port Saeed, Dubai, UAE<br>Register No. 1619334<br>USt-IdNr. DE351395187<br>PO Box \u2013 12887<\/p>\n\n\n\n<p>EU Responsible:<br>Sypura GmbH<br>Leopoldstr. 31<br>80802 Munich<br>Germany<\/p>\n\n\n\n<p><strong>Indirizzo di consegna sotto indicato.<\/strong><\/p>\n\n\n\n<p><strong>Conseguenze della revoca<\/strong><\/p>\n\n\n\n<p>Se Lei recede dal presente contratto, dobbiamo rimborsarLe tutti i pagamenti che abbiamo ricevuto da Lei, compresi i costi di consegna (ad eccezione dei costi aggiuntivi derivanti dal fatto che Lei ha scelto un tipo di consegna diverso dalla consegna standard pi\u00f9 economica da noi offerta), senza indugio e al pi\u00f9 tardi entro quattordici giorni dal giorno in cui abbiamo ricevuto la notifica del Suo recesso dal presente contratto. Per questo rimborso, utilizzeremo lo stesso mezzo di pagamento che avete utilizzato per la transazione originale, a meno che non sia stato espressamente concordato diversamente con voi; in nessun caso vi sar\u00e0 addebitato un costo per questo rimborso.<\/p>\n\n\n\n<p>Potremmo rifiutare il rimborso finch\u00e9 non avremo ricevuto la merce o finch\u00e9 il cliente non avr\u00e0 fornito la prova di averla restituita, a seconda di quale delle due condizioni si verifichi per prima.<\/p>\n\n\n\n<p><strong>Restituzioni<\/strong><\/p>\n\n\n\n<p>Dovete restituirci o consegnarci la merce senza indugio e in ogni caso non oltre quattordici giorni dal giorno in cui ci avete comunicato la risoluzione del presente contratto. Il termine \u00e8 rispettato se la merce viene spedita prima della scadenza del periodo di quattordici giorni.<\/p>\n\n\n\n<p>I costi diretti della restituzione della merce sono a carico del cliente.<\/p>\n\n\n\n<p>Il cliente \u00e8 tenuto a pagare l'eventuale perdita di valore della merce solo se tale perdita di valore \u00e8 dovuta a una manipolazione della merce non necessaria per testare la qualit\u00e0, le caratteristiche e il funzionamento della stessa.<\/p>\n\n\n\n<hr class=\"wp-block-separator has-css-opacity\"\/>\n\n\n\n<p><strong>Esempio di modulo di cancellazione<\/strong><\/p>\n\n\n\n<p>Se si desidera annullare il contratto, si prega di compilare e restituire il presente modulo.<br><strong>Il diritto di recesso \u00e8 escluso per gli articoli igienici usati.<\/strong><\/p>\n\n\n\n<p>1. Tornare a:<\/p>\n\n\n\n<p>VDS - Servizio spedizioni e dati <br>c\/o Alaiko GmbH <br>Siemensstra\u00dfe 14<br>D-37412 Herzberg am Harz<br>Germany<br><br>E-mail: info@lazale.com<\/p>\n\n\n\n<p>2. Con la presente revoca il contratto da me\/noi stipulato per l'acquisto dei seguenti beni \/ la fornitura dei seguenti servizi<br>Servizio (allegare copia della fattura, se necessario)<br>Numero d'ordine: ..........................................<br>Quantit\u00e0 \/ nome della merce: ...........................<br>Prezzo di acquisto: ...................................................<br>Gi\u00e0 usato? Il diritto di recesso \u00e8 escluso per gli articoli igienici usati.<\/p>\n\n\n\n<p>3. Ordinato su: ........................<\/p>\n\n\n\n<p>4. Motivo: .............................................<\/p>\n\n\n\n<p>5. Ricevuto su: ........................<\/p>\n\n\n\n<p>6. Nome, indirizzo del consumatore: ......<br>Numero cliente: ........................................<br>Nome e cognome: .................................<br>Via: .......................................................<br>Codice postale e citt\u00e0: ..................................................<\/p>\n\n\n\n<p>7. Luogo, data e firma del cliente:<br>&#8230;&#8230;&#8230;&#8230;&#8230;&#8230;&#8230;&#8230;&#8230;&#8230;&#8230;&#8230;&#8230;&#8230;&#8230;&#8230;&#8230;.<\/p>","protected":false},"excerpt":{"rendered":"<p>Widerrufsrecht f\u00fcr Verbraucher Verbraucher ist jede nat\u00fcrliche Person, die ein Rechtsgesch\u00e4ft zu Zwecken abschlie\u00dft, die \u00fcberwiegend weder ihrer gewerblichen noch ihrer selbstst\u00e4ndigen beruflichen T\u00e4tigkeit zugerechnet werden kann. Widerrufsbelehrung Lazale Widerrufsrecht Sie haben das Recht, binnen vierzehn Tagen diesen Vertrag zu widerrufen. Die Widerrufsfrist betr\u00e4gt vierzehn Tage ab dem Tag, an dem Sie oder ein von [&hellip;]<\/p>","protected":false},"author":1,"featured_media":0,"parent":0,"menu_order":0,"comment_status":"closed","ping_status":"closed","template":"","meta":{"_uag_custom_page_level_css":"","advgb_blocks_editor_width":"","advgb_blocks_columns_visual_guide":"","site-sidebar-layout":"default","site-content-layout":"default","ast-site-content-layout":"default","site-content-style":"default","site-sidebar-style":"default","ast-global-header-display":"","ast-banner-title-visibility":"","ast-main-header-display":"","ast-hfb-above-header-display":"","ast-hfb-below-header-display":"","ast-hfb-mobile-header-display":"","site-post-title":"","ast-breadcrumbs-content":"","ast-featured-img":"","footer-sml-layout":"","ast-disable-related-posts":"","theme-transparent-header-meta":"default","adv-header-id-meta":"","stick-header-meta":"default","header-above-stick-meta":"","header-main-stick-meta":"","header-below-stick-meta":"","astra-migrate-meta-layouts":"set","ast-page-background-enabled":"default","ast-page-background-meta":{"desktop":{"background-color":"","background-image":"","background-repeat":"repeat","background-position":"center center","background-size":"auto","background-attachment":"scroll","background-type":"","background-media":"","overlay-type":"","overlay-color":"","overlay-opacity":"","overlay-gradient":""},"tablet":{"background-color":"","background-image":"","background-repeat":"repeat","background-position":"center center","background-size":"auto","background-attachment":"scroll","background-type":"","background-media":"","overlay-type":"","overlay-color":"","overlay-opacity":"","overlay-gradient":""},"mobile":{"background-color":"","background-image":"","background-repeat":"repeat","background-position":"center center","background-size":"auto","background-attachment":"scroll","background-type":"","background-media":"","overlay-type":"","overlay-color":"","overlay-opacity":"","overlay-gradient":""}},"ast-content-background-meta":{"desktop":{"background-color":"var(--ast-global-color-5)","background-image":"","background-repeat":"repeat","background-position":"center center","background-size":"auto","background-attachment":"scroll","background-type":"","background-media":"","overlay-type":"","overlay-color":"","overlay-opacity":"","overlay-gradient":""},"tablet":{"background-color":"var(--ast-global-color-5)","background-image":"","background-repeat":"repeat","background-position":"center center","background-size":"auto","background-attachment":"scroll","background-type":"","background-media":"","overlay-type":"","overlay-color":"","overlay-opacity":"","overlay-gradient":""},"mobile":{"background-color":"var(--ast-global-color-5)","background-image":"","background-repeat":"repeat","background-position":"center center","background-size":"auto","background-attachment":"scroll","background-type":"","background-media":"","overlay-type":"","overlay-color":"","overlay-opacity":"","overlay-gradient":""}},"footnotes":""},"class_list":["post-15","page","type-page","status-publish","hentry"],"yoast_head":"<!-- This site is optimized with the Yoast SEO Premium plugin v23.7 (Yoast SEO v26.6) - https:\/\/yoast.com\/wordpress\/plugins\/seo\/ -->\n<title>Widerrufsrecht - Lazale<\/title>\n<meta name=\"robots\" content=\"noindex, nofollow\" \/>\n<meta property=\"og:locale\" content=\"it_IT\" \/>\n<meta property=\"og:type\" content=\"article\" \/>\n<meta property=\"og:title\" content=\"Widerrufsrecht\" \/>\n<meta property=\"og:description\" content=\"Widerrufsrecht f\u00fcr Verbraucher Verbraucher ist jede nat\u00fcrliche Person, die ein Rechtsgesch\u00e4ft zu Zwecken abschlie\u00dft, die \u00fcberwiegend weder ihrer gewerblichen noch ihrer selbstst\u00e4ndigen beruflichen T\u00e4tigkeit zugerechnet werden kann. Widerrufsbelehrung Lazale Widerrufsrecht Sie haben das Recht, binnen vierzehn Tagen diesen Vertrag zu widerrufen. Die Widerrufsfrist betr\u00e4gt vierzehn Tage ab dem Tag, an dem Sie oder ein von [&hellip;]\" \/>\n<meta property=\"og:url\" content=\"https:\/\/lazale.com\/it\/angrerett\/\" \/>\n<meta property=\"og:site_name\" content=\"Lazale\" \/>\n<meta property=\"article:modified_time\" content=\"2025-06-30T06:23:37+00:00\" \/>\n<meta name=\"twitter:card\" content=\"summary_large_image\" \/>\n<meta name=\"twitter:label1\" content=\"Tempo di lettura stimato\" \/>\n\t<meta name=\"twitter:data1\" content=\"4 minuti\" \/>\n<script type=\"application\/ld+json\" class=\"yoast-schema-graph\">{\"@context\":\"https:\/\/schema.org\",\"@graph\":[{\"@type\":\"WebPage\",\"@id\":\"https:\/\/lazale.com\/nb\/angrerett\/\",\"url\":\"https:\/\/lazale.com\/nb\/angrerett\/\",\"name\":\"Widerrufsrecht - Lazale\",\"isPartOf\":{\"@id\":\"https:\/\/lazale.com\/pt\/#website\"},\"datePublished\":\"2021-09-27T05:24:00+00:00\",\"dateModified\":\"2025-06-30T06:23:37+00:00\",\"breadcrumb\":{\"@id\":\"https:\/\/lazale.com\/nb\/angrerett\/#breadcrumb\"},\"inLanguage\":\"it-IT\",\"potentialAction\":[{\"@type\":\"ReadAction\",\"target\":[\"https:\/\/lazale.com\/nb\/angrerett\/\"]}]},{\"@type\":\"BreadcrumbList\",\"@id\":\"https:\/\/lazale.com\/nb\/angrerett\/#breadcrumb\",\"itemListElement\":[{\"@type\":\"ListItem\",\"position\":1,\"name\":\"Home\",\"item\":\"https:\/\/lazale.com\/\"},{\"@type\":\"ListItem\",\"position\":2,\"name\":\"Widerrufsrecht\"}]},{\"@type\":\"WebSite\",\"@id\":\"https:\/\/lazale.com\/pt\/#website\",\"url\":\"https:\/\/lazale.com\/pt\/\",\"name\":\"Lazale\",\"description\":\"Dehnungsstreifen Creme\",\"publisher\":{\"@id\":\"https:\/\/lazale.com\/pt\/#organization\"},\"potentialAction\":[{\"@type\":\"SearchAction\",\"target\":{\"@type\":\"EntryPoint\",\"urlTemplate\":\"https:\/\/lazale.com\/pt\/?s={search_term_string}\"},\"query-input\":{\"@type\":\"PropertyValueSpecification\",\"valueRequired\":true,\"valueName\":\"search_term_string\"}}],\"inLanguage\":\"it-IT\"},{\"@type\":\"Organization\",\"@id\":\"https:\/\/lazale.com\/pt\/#organization\",\"name\":\"Lazale\",\"url\":\"https:\/\/lazale.com\/pt\/\",\"logo\":{\"@type\":\"ImageObject\",\"inLanguage\":\"it-IT\",\"@id\":\"https:\/\/lazale.com\/pt\/#\/schema\/logo\/image\/\",\"url\":\"https:\/\/lazale.com\/wp-content\/uploads\/2021\/09\/cropped-LAZALE-LOGO.png\",\"contentUrl\":\"https:\/\/lazale.com\/wp-content\/uploads\/2021\/09\/cropped-LAZALE-LOGO.png\",\"width\":243,\"height\":78,\"caption\":\"Lazale\"},\"image\":{\"@id\":\"https:\/\/lazale.com\/pt\/#\/schema\/logo\/image\/\"}}]}<\/script>\n<!-- \/ Yoast SEO Premium plugin. -->","yoast_head_json":{"title":"Diritto di recesso - Lazale","robots":{"index":"noindex","follow":"nofollow"},"og_locale":"it_IT","og_type":"article","og_title":"Widerrufsrecht","og_description":"Widerrufsrecht f\u00fcr Verbraucher Verbraucher ist jede nat\u00fcrliche Person, die ein Rechtsgesch\u00e4ft zu Zwecken abschlie\u00dft, die \u00fcberwiegend weder ihrer gewerblichen noch ihrer selbstst\u00e4ndigen beruflichen T\u00e4tigkeit zugerechnet werden kann. Widerrufsbelehrung Lazale Widerrufsrecht Sie haben das Recht, binnen vierzehn Tagen diesen Vertrag zu widerrufen. Die Widerrufsfrist betr\u00e4gt vierzehn Tage ab dem Tag, an dem Sie oder ein von [&hellip;]","og_url":"https:\/\/lazale.com\/it\/angrerett\/","og_site_name":"Lazale","article_modified_time":"2025-06-30T06:23:37+00:00","twitter_card":"summary_large_image","twitter_misc":{"Tempo di lettura stimato":"4 minuti"},"schema":{"@context":"https:\/\/schema.org","@graph":[{"@type":"WebPage","@id":"https:\/\/lazale.com\/nb\/angrerett\/","url":"https:\/\/lazale.com\/nb\/angrerett\/","name":"Diritto di recesso - Lazale","isPartOf":{"@id":"https:\/\/lazale.com\/pt\/#website"},"datePublished":"2021-09-27T05:24:00+00:00","dateModified":"2025-06-30T06:23:37+00:00","breadcrumb":{"@id":"https:\/\/lazale.com\/nb\/angrerett\/#breadcrumb"},"inLanguage":"it-IT","potentialAction":[{"@type":"ReadAction","target":["https:\/\/lazale.com\/nb\/angrerett\/"]}]},{"@type":"BreadcrumbList","@id":"https:\/\/lazale.com\/nb\/angrerett\/#breadcrumb","itemListElement":[{"@type":"ListItem","position":1,"name":"Home","item":"https:\/\/lazale.com\/"},{"@type":"ListItem","position":2,"name":"Widerrufsrecht"}]},{"@type":"WebSite","@id":"https:\/\/lazale.com\/pt\/#website","url":"https:\/\/lazale.com\/pt\/","name":"Lazale","description":"Crema Smagliature","publisher":{"@id":"https:\/\/lazale.com\/pt\/#organization"},"potentialAction":[{"@type":"SearchAction","target":{"@type":"EntryPoint","urlTemplate":"https:\/\/lazale.com\/pt\/?s={search_term_string}"},"query-input":{"@type":"PropertyValueSpecification","valueRequired":true,"valueName":"search_term_string"}}],"inLanguage":"it-IT"},{"@type":"Organization","@id":"https:\/\/lazale.com\/pt\/#organization","name":"Lazale","url":"https:\/\/lazale.com\/pt\/","logo":{"@type":"ImageObject","inLanguage":"it-IT","@id":"https:\/\/lazale.com\/pt\/#\/schema\/logo\/image\/","url":"https:\/\/lazale.com\/wp-content\/uploads\/2021\/09\/cropped-LAZALE-LOGO.png","contentUrl":"https:\/\/lazale.com\/wp-content\/uploads\/2021\/09\/cropped-LAZALE-LOGO.png","width":243,"height":78,"caption":"Lazale"},"image":{"@id":"https:\/\/lazale.com\/pt\/#\/schema\/logo\/image\/"}}]}},"uagb_featured_image_src":{"full":false,"thumbnail":false,"medium":false,"medium_large":false,"large":false,"1536x1536":false,"2048x2048":false,"trp-custom-language-flag":false,"woocommerce_thumbnail":false,"woocommerce_single":false,"woocommerce_gallery_thumbnail":false},"uagb_author_info":{"display_name":"Kerem085","author_link":"https:\/\/lazale.com\/it\/author\/kerem085\/"},"uagb_comment_info":0,"uagb_excerpt":"Widerrufsrecht f\u00fcr Verbraucher Verbraucher ist jede nat\u00fcrliche Person, die ein Rechtsgesch\u00e4ft zu Zwecken abschlie\u00dft, die \u00fcberwiegend weder ihrer gewerblichen noch ihrer selbstst\u00e4ndigen beruflichen T\u00e4tigkeit zugerechnet werden kann. Widerrufsbelehrung Lazale Widerrufsrecht Sie haben das Recht, binnen vierzehn Tagen diesen Vertrag zu widerrufen. Die Widerrufsfrist betr\u00e4gt vierzehn Tage ab dem Tag, an dem Sie oder ein von&hellip;","coauthors":[],"author_meta":{"author_link":"https:\/\/lazale.com\/it\/author\/kerem085\/","display_name":"Kerem085"},"relative_dates":{"created":"Pubblicato 5 anni fa","modified":"Aggiornato 10 mesi fa"},"absolute_dates":{"created":"Pubblicato il Settembre 27, 2021","modified":"Aggiornato il Giugno 30, 2025"},"absolute_dates_time":{"created":"Pubblicato il Settembre 27, 2021 5:24 am","modified":"Aggiornato il Giugno 30, 2025 8:23 am"},"featured_img_caption":"","featured_img":false,"series_order":"","_links":{"self":[{"href":"https:\/\/lazale.com\/it\/wp-json\/wp\/v2\/pages\/15","targetHints":{"allow":["GET"]}}],"collection":[{"href":"https:\/\/lazale.com\/it\/wp-json\/wp\/v2\/pages"}],"about":[{"href":"https:\/\/lazale.com\/it\/wp-json\/wp\/v2\/types\/page"}],"author":[{"embeddable":true,"href":"https:\/\/lazale.com\/it\/wp-json\/wp\/v2\/users\/1"}],"replies":[{"embeddable":true,"href":"https:\/\/lazale.com\/it\/wp-json\/wp\/v2\/comments?post=15"}],"version-history":[{"count":11,"href":"https:\/\/lazale.com\/it\/wp-json\/wp\/v2\/pages\/15\/revisions"}],"predecessor-version":[{"id":3468,"href":"https:\/\/lazale.com\/it\/wp-json\/wp\/v2\/pages\/15\/revisions\/3468"}],"wp:attachment":[{"href":"https:\/\/lazale.com\/it\/wp-json\/wp\/v2\/media?parent=15"}],"curies":[{"name":"wp","href":"https:\/\/api.w.org\/{rel}","templated":true}]}}