{"id":15,"date":"2021-09-27T05:24:00","date_gmt":"2021-09-27T05:24:00","guid":{"rendered":"https:\/\/lazale.com\/?page_id=15"},"modified":"2025-06-30T08:23:37","modified_gmt":"2025-06-30T06:23:37","slug":"widerrufsrecht","status":"publish","type":"page","link":"https:\/\/lazale.com\/pl\/widerrufsrecht\/","title":{"rendered":"Odwo\u0142anie"},"content":{"rendered":"<p><strong>Prawo konsument\u00f3w do odst\u0105pienia od umowy<\/strong><\/p>\n\n\n\n<p>Konsumentem jest ka\u017cda osoba fizyczna, kt\u00f3ra dokonuje czynno\u015bci prawnej w celach, kt\u00f3re w przewa\u017caj\u0105cej mierze nie mog\u0105 by\u0107 przypisane ani do jej dzia\u0142alno\u015bci gospodarczej, ani do jej niezale\u017cnej dzia\u0142alno\u015bci zawodowej.<\/p>\n\n\n\n<p><strong>Polityka anulowania rezerwacji Lazale<\/strong><\/p>\n\n\n\n<p><strong>Odwo\u0142anie<\/strong><\/p>\n\n\n\n<p>U\u017cytkownik ma prawo odst\u0105pi\u0107 od niniejszej umowy w ci\u0105gu czternastu dni. Okres odst\u0105pienia od umowy wynosi czterna\u015bcie dni od dnia, w kt\u00f3rym u\u017cytkownik lub wskazana przez niego osoba trzecia, kt\u00f3ra nie jest przewo\u017anikiem, wesz\u0142a w posiadanie towar\u00f3w, pod warunkiem, \u017ce u\u017cytkownik zam\u00f3wi\u0142 jeden lub wi\u0119cej towar\u00f3w w ramach jednego zam\u00f3wienia i s\u0105 one lub b\u0119d\u0105 dostarczane w spos\u00f3b jednolity.<\/p>\n\n\n\n<p>O ile strony nie uzgodni\u0142y inaczej, prawo do odst\u0105pienia od umowy nie ma zastosowania do nast\u0119puj\u0105cych um\u00f3w:<\/p>\n\n\n\n<p>Umowy na dostaw\u0119 towar\u00f3w, kt\u00f3re mog\u0105 si\u0119 szybko zepsu\u0107 lub kt\u00f3rych data wa\u017cno\u015bci zosta\u0142aby szybko przekroczona,<\/p>\n\n\n\n<p>Umowy na dostaw\u0119 zapiecz\u0119towanych towar\u00f3w, kt\u00f3re nie nadaj\u0105 si\u0119 do zwrotu ze wzgl\u0119du na ochron\u0119 zdrowia lub higien\u0119, je\u017celi ich piecz\u0119\u0107 zosta\u0142a usuni\u0119ta po dostawie.<\/p>\n\n\n\n<p>Aby skorzysta\u0107 z prawa odst\u0105pienia od umowy, nale\u017cy poinformowa\u0107 nas o swojej decyzji o odst\u0105pieniu od niniejszej umowy w drodze jednoznacznego o\u015bwiadczenia (np. pismo wys\u0142ane poczt\u0105, faksem lub poczt\u0105 elektroniczn\u0105). W tym celu mo\u017cna skorzysta\u0107 z za\u0142\u0105czonego wzoru formularza odst\u0105pienia od umowy, co jednak nie jest obowi\u0105zkowe.<\/p>\n\n\n\n<p>Aby zachowa\u0107 termin do odst\u0105pienia od umowy, wystarczy wys\u0142a\u0107 powiadomienie o skorzystaniu z prawa do odst\u0105pienia od umowy przed up\u0142ywem terminu do odst\u0105pienia od umowy.<\/p>\n\n\n\n<p>Odwo\u0142anie powinno by\u0107 skierowane do<\/p>\n\n\n\n<p>Lazru Cosmetics Trading L.L.C<br>NGI Building, Office 902-34<br>Port Saeed, Dubai, UAE<br>Register No. 1619334<br>USt-IdNr. DE351395187<br>PO Box \u2013 12887<\/p>\n\n\n\n<p>EU Responsible:<br>Sypura GmbH<br>Leopoldstr. 31<br>80802 Munich<br>Germany<\/p>\n\n\n\n<p><strong>Adres dostawy poni\u017cej.<\/strong><\/p>\n\n\n\n<p><strong>Konsekwencje cofni\u0119cia zezwolenia<\/strong><\/p>\n\n\n\n<p>W przypadku odst\u0105pienia przez u\u017cytkownika od niniejszej umowy, musimy zwr\u00f3ci\u0107 u\u017cytkownikowi wszystkie otrzymane od niego p\u0142atno\u015bci, w tym koszty dostawy (z wyj\u0105tkiem dodatkowych koszt\u00f3w wynikaj\u0105cych z faktu, \u017ce u\u017cytkownik wybra\u0142 rodzaj dostawy inny ni\u017c najta\u0144sza standardowa dostawa oferowana przez nas), niezw\u0142ocznie i najp\u00f3\u017aniej w ci\u0105gu czternastu dni od dnia, w kt\u00f3rym otrzymali\u015bmy powiadomienie o odst\u0105pieniu przez u\u017cytkownika od niniejszej umowy. W celu dokonania zwrotu u\u017cyjemy tych samych \u015brodk\u00f3w p\u0142atno\u015bci, kt\u00f3rych u\u017cy\u0142e\u015b w pierwotnej transakcji, chyba \u017ce wyra\u017anie uzgodniono inaczej; w \u017cadnym wypadku nie zostaniesz obci\u0105\u017cony op\u0142at\u0105 za ten zwrot.<\/p>\n\n\n\n<p>Mo\u017cemy odm\u00f3wi\u0107 zwrotu do czasu otrzymania towar\u00f3w z powrotem lub do czasu dostarczenia przez u\u017cytkownika dowodu, \u017ce towary zosta\u0142y zwr\u00f3cone, w zale\u017cno\u015bci od tego, co nast\u0105pi wcze\u015bniej.<\/p>\n\n\n\n<p><strong>Zwroty<\/strong><\/p>\n\n\n\n<p>U\u017cytkownik musi zwr\u00f3ci\u0107 lub przekaza\u0107 nam towary niezw\u0142ocznie, a w ka\u017cdym razie nie p\u00f3\u017aniej ni\u017c czterna\u015bcie dni od dnia, w kt\u00f3rym powiadomi\u0142 nas o odst\u0105pieniu od niniejszej umowy. Termin jest zachowany, je\u015bli towary zostan\u0105 wys\u0142ane przed up\u0142ywem czternastu dni.<\/p>\n\n\n\n<p>U\u017cytkownik ponosi bezpo\u015brednie koszty zwrotu towar\u00f3w.<\/p>\n\n\n\n<p>U\u017cytkownik musi zap\u0142aci\u0107 za utrat\u0119 warto\u015bci towar\u00f3w tylko wtedy, gdy utrata warto\u015bci wynika z obchodzenia si\u0119 z towarami, kt\u00f3re nie jest konieczne do sprawdzenia jako\u015bci, w\u0142a\u015bciwo\u015bci i funkcjonowania towar\u00f3w.<\/p>\n\n\n\n<hr class=\"wp-block-separator has-css-opacity\"\/>\n\n\n\n<p><strong>Przyk\u0142adowy formularz anulowania<\/strong><\/p>\n\n\n\n<p>Aby anulowa\u0107 umow\u0119, nale\u017cy wype\u0142ni\u0107 i odes\u0142a\u0107 niniejszy formularz.<br><strong>Prawo do odst\u0105pienia od umowy jest wy\u0142\u0105czone w przypadku u\u017cywanych artyku\u0142\u00f3w higienicznych.<\/strong><\/p>\n\n\n\n<p>1. Powr\u00f3t do:<\/p>\n\n\n\n<p>VDS - Us\u0142uga wysy\u0142ki i danych <br>c\/o Alaiko GmbH <br>Siemensstra\u00dfe 14<br>D-37412 Herzberg am Harz<br>Germany<br><br>E-mail: info@lazale.com<\/p>\n\n\n\n<p>2. Niniejszym odst\u0119puj\u0119\/odst\u0119pujemy od zawartej przeze mnie\/nas umowy zakupu nast\u0119puj\u0105cych towar\u00f3w \/ \u015bwiadczenia nast\u0119puj\u0105cych us\u0142ug<br>Us\u0142uga (w razie potrzeby za\u0142\u0105czy\u0107 kopi\u0119 faktury)<br>Numer zam\u00f3wienia: ..........................................<br>Ilo\u015b\u0107 \/ nazwa towaru: ...........................<br>Cena zakupu: ...................................................<br>Ju\u017c u\u017cywane? Prawo do odst\u0105pienia od umowy jest wy\u0142\u0105czone w przypadku u\u017cywanych artyku\u0142\u00f3w higienicznych.<\/p>\n\n\n\n<p>3. Zam\u00f3wione na: ........................<\/p>\n\n\n\n<p>4. Pow\u00f3d: .............................................<\/p>\n\n\n\n<p>5. Otrzymane na: ........................<\/p>\n\n\n\n<p>6. Nazwa, adres konsumenta: ......<br>Numer klienta: ........................................<br>Imi\u0119 i nazwisko: .................................<br>Ulica: .......................................................<br>Kod pocztowy i miasto: ..................................................<\/p>\n\n\n\n<p>7. Miejsce, data i podpis klienta:<br>&#8230;&#8230;&#8230;&#8230;&#8230;&#8230;&#8230;&#8230;&#8230;&#8230;&#8230;&#8230;&#8230;&#8230;&#8230;&#8230;&#8230;.<\/p>","protected":false},"excerpt":{"rendered":"<p>Widerrufsrecht f\u00fcr Verbraucher Verbraucher ist jede nat\u00fcrliche Person, die ein Rechtsgesch\u00e4ft zu Zwecken abschlie\u00dft, die \u00fcberwiegend weder ihrer gewerblichen noch ihrer selbstst\u00e4ndigen beruflichen T\u00e4tigkeit zugerechnet werden kann. Widerrufsbelehrung Lazale Widerrufsrecht Sie haben das Recht, binnen vierzehn Tagen diesen Vertrag zu widerrufen. Die Widerrufsfrist betr\u00e4gt vierzehn Tage ab dem Tag, an dem Sie oder ein von [&hellip;]<\/p>","protected":false},"author":1,"featured_media":0,"parent":0,"menu_order":0,"comment_status":"closed","ping_status":"closed","template":"","meta":{"_uag_custom_page_level_css":"","advgb_blocks_editor_width":"","advgb_blocks_columns_visual_guide":"","site-sidebar-layout":"default","site-content-layout":"default","ast-site-content-layout":"default","site-content-style":"default","site-sidebar-style":"default","ast-global-header-display":"","ast-banner-title-visibility":"","ast-main-header-display":"","ast-hfb-above-header-display":"","ast-hfb-below-header-display":"","ast-hfb-mobile-header-display":"","site-post-title":"","ast-breadcrumbs-content":"","ast-featured-img":"","footer-sml-layout":"","ast-disable-related-posts":"","theme-transparent-header-meta":"default","adv-header-id-meta":"","stick-header-meta":"default","header-above-stick-meta":"","header-main-stick-meta":"","header-below-stick-meta":"","astra-migrate-meta-layouts":"set","ast-page-background-enabled":"default","ast-page-background-meta":{"desktop":{"background-color":"","background-image":"","background-repeat":"repeat","background-position":"center center","background-size":"auto","background-attachment":"scroll","background-type":"","background-media":"","overlay-type":"","overlay-color":"","overlay-opacity":"","overlay-gradient":""},"tablet":{"background-color":"","background-image":"","background-repeat":"repeat","background-position":"center center","background-size":"auto","background-attachment":"scroll","background-type":"","background-media":"","overlay-type":"","overlay-color":"","overlay-opacity":"","overlay-gradient":""},"mobile":{"background-color":"","background-image":"","background-repeat":"repeat","background-position":"center center","background-size":"auto","background-attachment":"scroll","background-type":"","background-media":"","overlay-type":"","overlay-color":"","overlay-opacity":"","overlay-gradient":""}},"ast-content-background-meta":{"desktop":{"background-color":"var(--ast-global-color-5)","background-image":"","background-repeat":"repeat","background-position":"center center","background-size":"auto","background-attachment":"scroll","background-type":"","background-media":"","overlay-type":"","overlay-color":"","overlay-opacity":"","overlay-gradient":""},"tablet":{"background-color":"var(--ast-global-color-5)","background-image":"","background-repeat":"repeat","background-position":"center center","background-size":"auto","background-attachment":"scroll","background-type":"","background-media":"","overlay-type":"","overlay-color":"","overlay-opacity":"","overlay-gradient":""},"mobile":{"background-color":"var(--ast-global-color-5)","background-image":"","background-repeat":"repeat","background-position":"center center","background-size":"auto","background-attachment":"scroll","background-type":"","background-media":"","overlay-type":"","overlay-color":"","overlay-opacity":"","overlay-gradient":""}},"footnotes":""},"class_list":["post-15","page","type-page","status-publish","hentry"],"yoast_head":"<!-- This site is optimized with the Yoast SEO Premium plugin v23.7 (Yoast SEO v26.6) - https:\/\/yoast.com\/wordpress\/plugins\/seo\/ -->\n<title>Widerrufsrecht - Lazale<\/title>\n<meta name=\"robots\" content=\"noindex, nofollow\" \/>\n<meta property=\"og:locale\" content=\"pl_PL\" \/>\n<meta property=\"og:type\" content=\"article\" \/>\n<meta property=\"og:title\" content=\"Widerrufsrecht\" \/>\n<meta property=\"og:description\" content=\"Widerrufsrecht f\u00fcr Verbraucher Verbraucher ist jede nat\u00fcrliche Person, die ein Rechtsgesch\u00e4ft zu Zwecken abschlie\u00dft, die \u00fcberwiegend weder ihrer gewerblichen noch ihrer selbstst\u00e4ndigen beruflichen T\u00e4tigkeit zugerechnet werden kann. Widerrufsbelehrung Lazale Widerrufsrecht Sie haben das Recht, binnen vierzehn Tagen diesen Vertrag zu widerrufen. Die Widerrufsfrist betr\u00e4gt vierzehn Tage ab dem Tag, an dem Sie oder ein von [&hellip;]\" \/>\n<meta property=\"og:url\" content=\"https:\/\/lazale.com\/pl\/angrerett\/\" \/>\n<meta property=\"og:site_name\" content=\"Lazale\" \/>\n<meta property=\"article:modified_time\" content=\"2025-06-30T06:23:37+00:00\" \/>\n<meta name=\"twitter:card\" content=\"summary_large_image\" \/>\n<meta name=\"twitter:label1\" content=\"Szacowany czas czytania\" \/>\n\t<meta name=\"twitter:data1\" content=\"4 minuty\" \/>\n<script type=\"application\/ld+json\" class=\"yoast-schema-graph\">{\"@context\":\"https:\/\/schema.org\",\"@graph\":[{\"@type\":\"WebPage\",\"@id\":\"https:\/\/lazale.com\/nb\/angrerett\/\",\"url\":\"https:\/\/lazale.com\/nb\/angrerett\/\",\"name\":\"Widerrufsrecht - Lazale\",\"isPartOf\":{\"@id\":\"https:\/\/lazale.com\/pt\/#website\"},\"datePublished\":\"2021-09-27T05:24:00+00:00\",\"dateModified\":\"2025-06-30T06:23:37+00:00\",\"breadcrumb\":{\"@id\":\"https:\/\/lazale.com\/nb\/angrerett\/#breadcrumb\"},\"inLanguage\":\"pl-PL\",\"potentialAction\":[{\"@type\":\"ReadAction\",\"target\":[\"https:\/\/lazale.com\/nb\/angrerett\/\"]}]},{\"@type\":\"BreadcrumbList\",\"@id\":\"https:\/\/lazale.com\/nb\/angrerett\/#breadcrumb\",\"itemListElement\":[{\"@type\":\"ListItem\",\"position\":1,\"name\":\"Home\",\"item\":\"https:\/\/lazale.com\/\"},{\"@type\":\"ListItem\",\"position\":2,\"name\":\"Widerrufsrecht\"}]},{\"@type\":\"WebSite\",\"@id\":\"https:\/\/lazale.com\/pt\/#website\",\"url\":\"https:\/\/lazale.com\/pt\/\",\"name\":\"Lazale\",\"description\":\"Dehnungsstreifen Creme\",\"publisher\":{\"@id\":\"https:\/\/lazale.com\/pt\/#organization\"},\"potentialAction\":[{\"@type\":\"SearchAction\",\"target\":{\"@type\":\"EntryPoint\",\"urlTemplate\":\"https:\/\/lazale.com\/pt\/?s={search_term_string}\"},\"query-input\":{\"@type\":\"PropertyValueSpecification\",\"valueRequired\":true,\"valueName\":\"search_term_string\"}}],\"inLanguage\":\"pl-PL\"},{\"@type\":\"Organization\",\"@id\":\"https:\/\/lazale.com\/pt\/#organization\",\"name\":\"Lazale\",\"url\":\"https:\/\/lazale.com\/pt\/\",\"logo\":{\"@type\":\"ImageObject\",\"inLanguage\":\"pl-PL\",\"@id\":\"https:\/\/lazale.com\/pt\/#\/schema\/logo\/image\/\",\"url\":\"https:\/\/lazale.com\/wp-content\/uploads\/2021\/09\/cropped-LAZALE-LOGO.png\",\"contentUrl\":\"https:\/\/lazale.com\/wp-content\/uploads\/2021\/09\/cropped-LAZALE-LOGO.png\",\"width\":243,\"height\":78,\"caption\":\"Lazale\"},\"image\":{\"@id\":\"https:\/\/lazale.com\/pt\/#\/schema\/logo\/image\/\"}}]}<\/script>\n<!-- \/ Yoast SEO Premium plugin. -->","yoast_head_json":{"title":"Prawo do odst\u0105pienia od umowy - Lazale","robots":{"index":"noindex","follow":"nofollow"},"og_locale":"pl_PL","og_type":"article","og_title":"Widerrufsrecht","og_description":"Widerrufsrecht f\u00fcr Verbraucher Verbraucher ist jede nat\u00fcrliche Person, die ein Rechtsgesch\u00e4ft zu Zwecken abschlie\u00dft, die \u00fcberwiegend weder ihrer gewerblichen noch ihrer selbstst\u00e4ndigen beruflichen T\u00e4tigkeit zugerechnet werden kann. Widerrufsbelehrung Lazale Widerrufsrecht Sie haben das Recht, binnen vierzehn Tagen diesen Vertrag zu widerrufen. Die Widerrufsfrist betr\u00e4gt vierzehn Tage ab dem Tag, an dem Sie oder ein von [&hellip;]","og_url":"https:\/\/lazale.com\/pl\/angrerett\/","og_site_name":"Lazale","article_modified_time":"2025-06-30T06:23:37+00:00","twitter_card":"summary_large_image","twitter_misc":{"Szacowany czas czytania":"4 minuty"},"schema":{"@context":"https:\/\/schema.org","@graph":[{"@type":"WebPage","@id":"https:\/\/lazale.com\/nb\/angrerett\/","url":"https:\/\/lazale.com\/nb\/angrerett\/","name":"Prawo do odst\u0105pienia od umowy - Lazale","isPartOf":{"@id":"https:\/\/lazale.com\/pt\/#website"},"datePublished":"2021-09-27T05:24:00+00:00","dateModified":"2025-06-30T06:23:37+00:00","breadcrumb":{"@id":"https:\/\/lazale.com\/nb\/angrerett\/#breadcrumb"},"inLanguage":"pl-PL","potentialAction":[{"@type":"ReadAction","target":["https:\/\/lazale.com\/nb\/angrerett\/"]}]},{"@type":"BreadcrumbList","@id":"https:\/\/lazale.com\/nb\/angrerett\/#breadcrumb","itemListElement":[{"@type":"ListItem","position":1,"name":"Home","item":"https:\/\/lazale.com\/"},{"@type":"ListItem","position":2,"name":"Widerrufsrecht"}]},{"@type":"WebSite","@id":"https:\/\/lazale.com\/pt\/#website","url":"https:\/\/lazale.com\/pt\/","name":"Lazale","description":"Krem na Rozst\u0119py","publisher":{"@id":"https:\/\/lazale.com\/pt\/#organization"},"potentialAction":[{"@type":"SearchAction","target":{"@type":"EntryPoint","urlTemplate":"https:\/\/lazale.com\/pt\/?s={search_term_string}"},"query-input":{"@type":"PropertyValueSpecification","valueRequired":true,"valueName":"search_term_string"}}],"inLanguage":"pl-PL"},{"@type":"Organization","@id":"https:\/\/lazale.com\/pt\/#organization","name":"Lazale","url":"https:\/\/lazale.com\/pt\/","logo":{"@type":"ImageObject","inLanguage":"pl-PL","@id":"https:\/\/lazale.com\/pt\/#\/schema\/logo\/image\/","url":"https:\/\/lazale.com\/wp-content\/uploads\/2021\/09\/cropped-LAZALE-LOGO.png","contentUrl":"https:\/\/lazale.com\/wp-content\/uploads\/2021\/09\/cropped-LAZALE-LOGO.png","width":243,"height":78,"caption":"Lazale"},"image":{"@id":"https:\/\/lazale.com\/pt\/#\/schema\/logo\/image\/"}}]}},"uagb_featured_image_src":{"full":false,"thumbnail":false,"medium":false,"medium_large":false,"large":false,"1536x1536":false,"2048x2048":false,"trp-custom-language-flag":false,"woocommerce_thumbnail":false,"woocommerce_single":false,"woocommerce_gallery_thumbnail":false},"uagb_author_info":{"display_name":"Kerem085","author_link":"https:\/\/lazale.com\/pl\/author\/kerem085\/"},"uagb_comment_info":0,"uagb_excerpt":"Widerrufsrecht f\u00fcr Verbraucher Verbraucher ist jede nat\u00fcrliche Person, die ein Rechtsgesch\u00e4ft zu Zwecken abschlie\u00dft, die \u00fcberwiegend weder ihrer gewerblichen noch ihrer selbstst\u00e4ndigen beruflichen T\u00e4tigkeit zugerechnet werden kann. Widerrufsbelehrung Lazale Widerrufsrecht Sie haben das Recht, binnen vierzehn Tagen diesen Vertrag zu widerrufen. Die Widerrufsfrist betr\u00e4gt vierzehn Tage ab dem Tag, an dem Sie oder ein von&hellip;","coauthors":[],"author_meta":{"author_link":"https:\/\/lazale.com\/pl\/author\/kerem085\/","display_name":"Kerem085"},"relative_dates":{"created":"Posted 5 lat ago","modified":"Updated 10 miesi\u0119cy ago"},"absolute_dates":{"created":"Posted on 27 wrze\u015bnia, 2021","modified":"Updated on 30 czerwca, 2025"},"absolute_dates_time":{"created":"Posted on 27 wrze\u015bnia, 2021 5:24 am","modified":"Updated on 30 czerwca, 2025 8:23 am"},"featured_img_caption":"","featured_img":false,"series_order":"","_links":{"self":[{"href":"https:\/\/lazale.com\/pl\/wp-json\/wp\/v2\/pages\/15","targetHints":{"allow":["GET"]}}],"collection":[{"href":"https:\/\/lazale.com\/pl\/wp-json\/wp\/v2\/pages"}],"about":[{"href":"https:\/\/lazale.com\/pl\/wp-json\/wp\/v2\/types\/page"}],"author":[{"embeddable":true,"href":"https:\/\/lazale.com\/pl\/wp-json\/wp\/v2\/users\/1"}],"replies":[{"embeddable":true,"href":"https:\/\/lazale.com\/pl\/wp-json\/wp\/v2\/comments?post=15"}],"version-history":[{"count":11,"href":"https:\/\/lazale.com\/pl\/wp-json\/wp\/v2\/pages\/15\/revisions"}],"predecessor-version":[{"id":3468,"href":"https:\/\/lazale.com\/pl\/wp-json\/wp\/v2\/pages\/15\/revisions\/3468"}],"wp:attachment":[{"href":"https:\/\/lazale.com\/pl\/wp-json\/wp\/v2\/media?parent=15"}],"curies":[{"name":"wp","href":"https:\/\/api.w.org\/{rel}","templated":true}]}}