{"id":13,"date":"2021-09-27T05:24:00","date_gmt":"2021-09-27T05:24:00","guid":{"rendered":"https:\/\/lazale.com\/?page_id=13"},"modified":"2025-06-30T07:59:14","modified_gmt":"2025-06-30T05:59:14","slug":"impressum","status":"publish","type":"page","link":"https:\/\/lazale.com\/pt\/impressum\/","title":{"rendered":"Impress\u00e3o"},"content":{"rendered":"<p><strong>Declara\u00e7\u00e3o de exonera\u00e7\u00e3o de responsabilidade<br><\/strong>O conte\u00fado deste s\u00edtio Web foi criado com o maior cuidado poss\u00edvel. No entanto, a Lazale n\u00e3o se responsabiliza pela corre\u00e7\u00e3o, integridade e atualidade do conte\u00fado fornecido. A utiliza\u00e7\u00e3o dos conte\u00fados do site \u00e9 feita por conta e risco do utilizador.<\/p>\n\n\n\n<p>1. Liga\u00e7\u00f5es externas:<br>No caso de liga\u00e7\u00f5es externas a s\u00edtios Web de terceiros (\"liga\u00e7\u00f5es externas\"), estes s\u00edtios Web est\u00e3o sujeitos \u00e0 responsabilidade dos respectivos operadores. Aquando da cria\u00e7\u00e3o das liga\u00e7\u00f5es externas, o fornecedor verificou a exist\u00eancia de viola\u00e7\u00f5es da lei nos conte\u00fados externos. Nessa altura, n\u00e3o foram detectadas quaisquer viola\u00e7\u00f5es da lei. O fornecedor n\u00e3o tem qualquer influ\u00eancia sobre a conce\u00e7\u00e3o e os conte\u00fados actuais e futuros das p\u00e1ginas ligadas. A inclus\u00e3o de liga\u00e7\u00f5es externas n\u00e3o implica que o fornecedor adopte como seu o conte\u00fado subjacente \u00e0 refer\u00eancia ou liga\u00e7\u00e3o. N\u00e3o \u00e9 razo\u00e1vel que o fornecedor monitorize constantemente os links externos sem indica\u00e7\u00f5es concretas de viola\u00e7\u00f5es legais. No entanto, se forem conhecidas viola\u00e7\u00f5es da lei, essas liga\u00e7\u00f5es externas ser\u00e3o imediatamente eliminadas.<\/p>\n\n\n\n<p>2. Direitos de autor e direitos conexos | \u00a9 copyright:<br>O conte\u00fado publicado neste s\u00edtio Web est\u00e1 sujeito \u00e0 legisla\u00e7\u00e3o alem\u00e3 em mat\u00e9ria de direitos de autor e direitos conexos. Qualquer utiliza\u00e7\u00e3o n\u00e3o permitida pela legisla\u00e7\u00e3o alem\u00e3 sobre direitos de autor e direitos conexos requer o consentimento pr\u00e9vio por escrito do fornecedor ou do respetivo titular dos direitos. Isto aplica-se, em particular, \u00e0 c\u00f3pia, edi\u00e7\u00e3o, tradu\u00e7\u00e3o, armazenamento, processamento ou reprodu\u00e7\u00e3o de conte\u00fados em bases de dados ou outros meios e sistemas electr\u00f3nicos. A reprodu\u00e7\u00e3o ou transmiss\u00e3o n\u00e3o autorizada de conte\u00fados individuais ou p\u00e1ginas completas n\u00e3o \u00e9 permitida e \u00e9 pun\u00edvel por lei. Apenas \u00e9 permitida a produ\u00e7\u00e3o de c\u00f3pias e descarregamentos para uso pessoal, privado e n\u00e3o comercial. A apresenta\u00e7\u00e3o deste s\u00edtio Web em molduras externas s\u00f3 \u00e9 permitida mediante autoriza\u00e7\u00e3o por escrito.<\/p>\n\n\n\n<p>3. Prote\u00e7\u00e3o de dados<br>Ao visitar o s\u00edtio Web do prestador, podem ser armazenadas informa\u00e7\u00f5es sobre o acesso (data, hora, p\u00e1gina visualizada). Estes dados n\u00e3o pertencem aos dados pessoais, mas s\u00e3o an\u00f3nimos. S\u00e3o avaliados exclusivamente para fins estat\u00edsticos. N\u00e3o s\u00e3o transmitidos a terceiros para fins comerciais ou n\u00e3o comerciais. O prestador chama expressamente a aten\u00e7\u00e3o para o facto de a transmiss\u00e3o de dados na Internet (por exemplo, comunica\u00e7\u00e3o por correio eletr\u00f3nico) estar sujeita a vulnerabilidades de seguran\u00e7a e n\u00e3o poder ser totalmente protegida contra o acesso de terceiros.<\/p>\n\n\n\n<p>A utiliza\u00e7\u00e3o dos dados de contacto da impress\u00e3o para publicidade comercial n\u00e3o \u00e9 expressamente desejada, a menos que o fornecedor tenha dado previamente o seu consentimento por escrito ou que j\u00e1 exista uma rela\u00e7\u00e3o comercial. O fornecedor e todas as pessoas mencionadas neste s\u00edtio Web op\u00f5em-se a qualquer utiliza\u00e7\u00e3o comercial e divulga\u00e7\u00e3o dos seus dados.<\/p>\n\n\n\n<p>4. Condi\u00e7\u00f5es especiais de utiliza\u00e7\u00e3o<br>Se as condi\u00e7\u00f5es especiais para a utiliza\u00e7\u00e3o individual deste s\u00edtio Web se desviarem dos n\u00fameros 1 a 4 acima referidos, tal ser\u00e1 expressamente indicado no local apropriado. Neste caso, as condi\u00e7\u00f5es especiais de utiliza\u00e7\u00e3o aplicar-se-\u00e3o no respetivo caso individual.<\/p>\n\n\n\n<p>LAZALE \u00e9 uma marca da:<\/p>\n\n\n\n<p>Lazru Cosmetics Trading L.L.C<br>NGI Building, Office 902-34<br>Port Saeed, Dubai, UAE<br>Register No. 1619334<br>USt-IdNr. DE351395187<br>PO Box \u2013 12887<\/p>\n\n\n\n<p><strong>Resolu\u00e7\u00e3o alternativa de lit\u00edgios:<\/strong><\/p>\n\n\n\n<p>A Comiss\u00e3o Europeia disponibiliza uma plataforma para a resolu\u00e7\u00e3o extrajudicial de lit\u00edgios em linha (plataforma ODR), dispon\u00edvel em&nbsp;<a href=\"https:\/\/ec.europa.eu\/odr\" target=\"_blank\" rel=\"noreferrer noopener\">https:\/\/ec.europa.eu\/odr<\/a>.<\/p>","protected":false},"excerpt":{"rendered":"<p>HaftungsausschlussDie Inhalte dieser Website werden mit gr\u00f6\u00dftm\u00f6glicher Sorgfalt erstellt. Lazale \u00fcbernimmt jedoch keine Gew\u00e4hr f\u00fcr die Richtigkeit, Vollst\u00e4ndigkeit und Aktualit\u00e4t der bereitgestellten Inhalte. Die Nutzung der Inhalte der Website erfolgt auf eigene Gefahr des Nutzers. 1. Externe Links:Bei externen Verkn\u00fcpfungen zu Websites Dritter (\u201eexterne Links\u201c). unterliegen diese Websites der Haftung der jeweiligen Betreiber. Der Anbieter [&hellip;]<\/p>","protected":false},"author":1,"featured_media":0,"parent":0,"menu_order":0,"comment_status":"closed","ping_status":"closed","template":"","meta":{"_uag_custom_page_level_css":"","advgb_blocks_editor_width":"","advgb_blocks_columns_visual_guide":"","site-sidebar-layout":"default","site-content-layout":"default","ast-site-content-layout":"default","site-content-style":"default","site-sidebar-style":"default","ast-global-header-display":"","ast-banner-title-visibility":"","ast-main-header-display":"","ast-hfb-above-header-display":"","ast-hfb-below-header-display":"","ast-hfb-mobile-header-display":"","site-post-title":"","ast-breadcrumbs-content":"","ast-featured-img":"","footer-sml-layout":"","ast-disable-related-posts":"","theme-transparent-header-meta":"default","adv-header-id-meta":"","stick-header-meta":"default","header-above-stick-meta":"","header-main-stick-meta":"","header-below-stick-meta":"","astra-migrate-meta-layouts":"set","ast-page-background-enabled":"default","ast-page-background-meta":{"desktop":{"background-color":"","background-image":"","background-repeat":"repeat","background-position":"center center","background-size":"auto","background-attachment":"scroll","background-type":"","background-media":"","overlay-type":"","overlay-color":"","overlay-opacity":"","overlay-gradient":""},"tablet":{"background-color":"","background-image":"","background-repeat":"repeat","background-position":"center center","background-size":"auto","background-attachment":"scroll","background-type":"","background-media":"","overlay-type":"","overlay-color":"","overlay-opacity":"","overlay-gradient":""},"mobile":{"background-color":"","background-image":"","background-repeat":"repeat","background-position":"center center","background-size":"auto","background-attachment":"scroll","background-type":"","background-media":"","overlay-type":"","overlay-color":"","overlay-opacity":"","overlay-gradient":""}},"ast-content-background-meta":{"desktop":{"background-color":"var(--ast-global-color-5)","background-image":"","background-repeat":"repeat","background-position":"center center","background-size":"auto","background-attachment":"scroll","background-type":"","background-media":"","overlay-type":"","overlay-color":"","overlay-opacity":"","overlay-gradient":""},"tablet":{"background-color":"var(--ast-global-color-5)","background-image":"","background-repeat":"repeat","background-position":"center center","background-size":"auto","background-attachment":"scroll","background-type":"","background-media":"","overlay-type":"","overlay-color":"","overlay-opacity":"","overlay-gradient":""},"mobile":{"background-color":"var(--ast-global-color-5)","background-image":"","background-repeat":"repeat","background-position":"center center","background-size":"auto","background-attachment":"scroll","background-type":"","background-media":"","overlay-type":"","overlay-color":"","overlay-opacity":"","overlay-gradient":""}},"footnotes":""},"class_list":["post-13","page","type-page","status-publish","hentry"],"yoast_head":"<!-- This site is optimized with the Yoast SEO Premium plugin v23.7 (Yoast SEO v26.6) - https:\/\/yoast.com\/wordpress\/plugins\/seo\/ -->\n<title>Impressum - Lazale<\/title>\n<meta name=\"robots\" content=\"noindex, nofollow\" \/>\n<meta property=\"og:locale\" content=\"pt_PT\" \/>\n<meta property=\"og:type\" content=\"article\" \/>\n<meta property=\"og:title\" content=\"Impressum\" \/>\n<meta property=\"og:description\" content=\"HaftungsausschlussDie Inhalte dieser Website werden mit gr\u00f6\u00dftm\u00f6glicher Sorgfalt erstellt. Lazale \u00fcbernimmt jedoch keine Gew\u00e4hr f\u00fcr die Richtigkeit, Vollst\u00e4ndigkeit und Aktualit\u00e4t der bereitgestellten Inhalte. Die Nutzung der Inhalte der Website erfolgt auf eigene Gefahr des Nutzers. 1. Externe Links:Bei externen Verkn\u00fcpfungen zu Websites Dritter (\u201eexterne Links\u201c). unterliegen diese Websites der Haftung der jeweiligen Betreiber. Der Anbieter [&hellip;]\" \/>\n<meta property=\"og:url\" content=\"https:\/\/lazale.com\/pt\/otisak\/\" \/>\n<meta property=\"og:site_name\" content=\"Lazale\" \/>\n<meta property=\"article:modified_time\" content=\"2025-06-30T05:59:14+00:00\" \/>\n<meta name=\"twitter:card\" content=\"summary_large_image\" \/>\n<meta name=\"twitter:label1\" content=\"Tempo estimado de leitura\" \/>\n\t<meta name=\"twitter:data1\" content=\"3 minutos\" \/>\n<script type=\"application\/ld+json\" class=\"yoast-schema-graph\">{\"@context\":\"https:\/\/schema.org\",\"@graph\":[{\"@type\":\"WebPage\",\"@id\":\"https:\/\/lazale.com\/hr\/otisak\/\",\"url\":\"https:\/\/lazale.com\/hr\/otisak\/\",\"name\":\"Impressum - Lazale\",\"isPartOf\":{\"@id\":\"https:\/\/lazale.com\/pt\/#website\"},\"datePublished\":\"2021-09-27T05:24:00+00:00\",\"dateModified\":\"2025-06-30T05:59:14+00:00\",\"breadcrumb\":{\"@id\":\"https:\/\/lazale.com\/hr\/otisak\/#breadcrumb\"},\"inLanguage\":\"pt-PT\",\"potentialAction\":[{\"@type\":\"ReadAction\",\"target\":[\"https:\/\/lazale.com\/hr\/otisak\/\"]}]},{\"@type\":\"BreadcrumbList\",\"@id\":\"https:\/\/lazale.com\/hr\/otisak\/#breadcrumb\",\"itemListElement\":[{\"@type\":\"ListItem\",\"position\":1,\"name\":\"Home\",\"item\":\"https:\/\/lazale.com\/\"},{\"@type\":\"ListItem\",\"position\":2,\"name\":\"Impressum\"}]},{\"@type\":\"WebSite\",\"@id\":\"https:\/\/lazale.com\/pt\/#website\",\"url\":\"https:\/\/lazale.com\/pt\/\",\"name\":\"Lazale\",\"description\":\"Dehnungsstreifen Creme\",\"publisher\":{\"@id\":\"https:\/\/lazale.com\/pt\/#organization\"},\"potentialAction\":[{\"@type\":\"SearchAction\",\"target\":{\"@type\":\"EntryPoint\",\"urlTemplate\":\"https:\/\/lazale.com\/pt\/?s={search_term_string}\"},\"query-input\":{\"@type\":\"PropertyValueSpecification\",\"valueRequired\":true,\"valueName\":\"search_term_string\"}}],\"inLanguage\":\"pt-PT\"},{\"@type\":\"Organization\",\"@id\":\"https:\/\/lazale.com\/pt\/#organization\",\"name\":\"Lazale\",\"url\":\"https:\/\/lazale.com\/pt\/\",\"logo\":{\"@type\":\"ImageObject\",\"inLanguage\":\"pt-PT\",\"@id\":\"https:\/\/lazale.com\/pt\/#\/schema\/logo\/image\/\",\"url\":\"https:\/\/lazale.com\/wp-content\/uploads\/2021\/09\/cropped-LAZALE-LOGO.png\",\"contentUrl\":\"https:\/\/lazale.com\/wp-content\/uploads\/2021\/09\/cropped-LAZALE-LOGO.png\",\"width\":243,\"height\":78,\"caption\":\"Lazale\"},\"image\":{\"@id\":\"https:\/\/lazale.com\/pt\/#\/schema\/logo\/image\/\"}}]}<\/script>\n<!-- \/ Yoast SEO Premium plugin. -->","yoast_head_json":{"title":"Impress\u00e3o - Lazale","robots":{"index":"noindex","follow":"nofollow"},"og_locale":"pt_PT","og_type":"article","og_title":"Impressum","og_description":"HaftungsausschlussDie Inhalte dieser Website werden mit gr\u00f6\u00dftm\u00f6glicher Sorgfalt erstellt. Lazale \u00fcbernimmt jedoch keine Gew\u00e4hr f\u00fcr die Richtigkeit, Vollst\u00e4ndigkeit und Aktualit\u00e4t der bereitgestellten Inhalte. Die Nutzung der Inhalte der Website erfolgt auf eigene Gefahr des Nutzers. 1. Externe Links:Bei externen Verkn\u00fcpfungen zu Websites Dritter (\u201eexterne Links\u201c). unterliegen diese Websites der Haftung der jeweiligen Betreiber. Der Anbieter [&hellip;]","og_url":"https:\/\/lazale.com\/pt\/otisak\/","og_site_name":"Lazale","article_modified_time":"2025-06-30T05:59:14+00:00","twitter_card":"summary_large_image","twitter_misc":{"Tempo estimado de leitura":"3 minutos"},"schema":{"@context":"https:\/\/schema.org","@graph":[{"@type":"WebPage","@id":"https:\/\/lazale.com\/hr\/otisak\/","url":"https:\/\/lazale.com\/hr\/otisak\/","name":"Impress\u00e3o - Lazale","isPartOf":{"@id":"https:\/\/lazale.com\/pt\/#website"},"datePublished":"2021-09-27T05:24:00+00:00","dateModified":"2025-06-30T05:59:14+00:00","breadcrumb":{"@id":"https:\/\/lazale.com\/hr\/otisak\/#breadcrumb"},"inLanguage":"pt-PT","potentialAction":[{"@type":"ReadAction","target":["https:\/\/lazale.com\/hr\/otisak\/"]}]},{"@type":"BreadcrumbList","@id":"https:\/\/lazale.com\/hr\/otisak\/#breadcrumb","itemListElement":[{"@type":"ListItem","position":1,"name":"Home","item":"https:\/\/lazale.com\/"},{"@type":"ListItem","position":2,"name":"Impressum"}]},{"@type":"WebSite","@id":"https:\/\/lazale.com\/pt\/#website","url":"https:\/\/lazale.com\/pt\/","name":"Lazale","description":"Creme para Estrias","publisher":{"@id":"https:\/\/lazale.com\/pt\/#organization"},"potentialAction":[{"@type":"SearchAction","target":{"@type":"EntryPoint","urlTemplate":"https:\/\/lazale.com\/pt\/?s={search_term_string}"},"query-input":{"@type":"PropertyValueSpecification","valueRequired":true,"valueName":"search_term_string"}}],"inLanguage":"pt-PT"},{"@type":"Organization","@id":"https:\/\/lazale.com\/pt\/#organization","name":"Lazale","url":"https:\/\/lazale.com\/pt\/","logo":{"@type":"ImageObject","inLanguage":"pt-PT","@id":"https:\/\/lazale.com\/pt\/#\/schema\/logo\/image\/","url":"https:\/\/lazale.com\/wp-content\/uploads\/2021\/09\/cropped-LAZALE-LOGO.png","contentUrl":"https:\/\/lazale.com\/wp-content\/uploads\/2021\/09\/cropped-LAZALE-LOGO.png","width":243,"height":78,"caption":"Lazale"},"image":{"@id":"https:\/\/lazale.com\/pt\/#\/schema\/logo\/image\/"}}]}},"uagb_featured_image_src":{"full":false,"thumbnail":false,"medium":false,"medium_large":false,"large":false,"1536x1536":false,"2048x2048":false,"trp-custom-language-flag":false,"woocommerce_thumbnail":false,"woocommerce_single":false,"woocommerce_gallery_thumbnail":false},"uagb_author_info":{"display_name":"Kerem085","author_link":"https:\/\/lazale.com\/pt\/author\/kerem085\/"},"uagb_comment_info":0,"uagb_excerpt":"HaftungsausschlussDie Inhalte dieser Website werden mit gr\u00f6\u00dftm\u00f6glicher Sorgfalt erstellt. Lazale \u00fcbernimmt jedoch keine Gew\u00e4hr f\u00fcr die Richtigkeit, Vollst\u00e4ndigkeit und Aktualit\u00e4t der bereitgestellten Inhalte. Die Nutzung der Inhalte der Website erfolgt auf eigene Gefahr des Nutzers. 1. Externe Links:Bei externen Verkn\u00fcpfungen zu Websites Dritter (\u201eexterne Links\u201c). unterliegen diese Websites der Haftung der jeweiligen Betreiber. Der Anbieter&hellip;","coauthors":[],"author_meta":{"author_link":"https:\/\/lazale.com\/pt\/author\/kerem085\/","display_name":"Kerem085"},"relative_dates":{"created":"Posted 5 anos ago","modified":"Updated 10 meses ago"},"absolute_dates":{"created":"Posted on Setembro 27, 2021","modified":"Updated on Junho 30, 2025"},"absolute_dates_time":{"created":"Posted on Setembro 27, 2021 5:24 am","modified":"Updated on Junho 30, 2025 7:59 am"},"featured_img_caption":"","featured_img":false,"series_order":"","_links":{"self":[{"href":"https:\/\/lazale.com\/pt\/wp-json\/wp\/v2\/pages\/13","targetHints":{"allow":["GET"]}}],"collection":[{"href":"https:\/\/lazale.com\/pt\/wp-json\/wp\/v2\/pages"}],"about":[{"href":"https:\/\/lazale.com\/pt\/wp-json\/wp\/v2\/types\/page"}],"author":[{"embeddable":true,"href":"https:\/\/lazale.com\/pt\/wp-json\/wp\/v2\/users\/1"}],"replies":[{"embeddable":true,"href":"https:\/\/lazale.com\/pt\/wp-json\/wp\/v2\/comments?post=13"}],"version-history":[{"count":9,"href":"https:\/\/lazale.com\/pt\/wp-json\/wp\/v2\/pages\/13\/revisions"}],"predecessor-version":[{"id":3485,"href":"https:\/\/lazale.com\/pt\/wp-json\/wp\/v2\/pages\/13\/revisions\/3485"}],"wp:attachment":[{"href":"https:\/\/lazale.com\/pt\/wp-json\/wp\/v2\/media?parent=13"}],"curies":[{"name":"wp","href":"https:\/\/api.w.org\/{rel}","templated":true}]}}