{"id":15,"date":"2021-09-27T05:24:00","date_gmt":"2021-09-27T05:24:00","guid":{"rendered":"https:\/\/lazale.com\/?page_id=15"},"modified":"2025-06-30T08:23:37","modified_gmt":"2025-06-30T06:23:37","slug":"widerrufsrecht","status":"publish","type":"page","link":"https:\/\/lazale.com\/pt\/widerrufsrecht\/","title":{"rendered":"Direito de retrata\u00e7\u00e3o"},"content":{"rendered":"<p><strong>Direito de retrata\u00e7\u00e3o dos consumidores<\/strong><\/p>\n\n\n\n<p>Um consumidor \u00e9 qualquer pessoa singular que celebre um neg\u00f3cio jur\u00eddico para fins que n\u00e3o possam ser predominantemente atribu\u00eddos nem \u00e0 sua atividade comercial nem \u00e0 sua atividade profissional independente.<\/p>\n\n\n\n<p><strong>Pol\u00edtica de cancelamento Lazale<\/strong><\/p>\n\n\n\n<p><strong>Direito de retrata\u00e7\u00e3o<\/strong><\/p>\n\n\n\n<p>O comprador tem o direito de rescindir o contrato no prazo de catorze dias. O prazo de resolu\u00e7\u00e3o \u00e9 de catorze dias a contar do dia em que o comprador ou um terceiro por ele designado, que n\u00e3o seja o transportador, tenha tomado posse dos bens, desde que o comprador tenha encomendado um ou mais bens no \u00e2mbito de uma \u00fanica encomenda e que estes sejam ou venham a ser entregues uniformemente.<\/p>\n\n\n\n<p>Salvo acordo em contr\u00e1rio das partes, o direito de rescis\u00e3o n\u00e3o se aplica aos seguintes contratos:<\/p>\n\n\n\n<p>Contratos de fornecimento de bens que se podem estragar rapidamente ou cujo prazo de validade seria rapidamente ultrapassado,<\/p>\n\n\n\n<p>Contratos de entrega de bens selados que n\u00e3o s\u00e3o adequados para devolu\u00e7\u00e3o por raz\u00f5es de prote\u00e7\u00e3o da sa\u00fade ou de higiene, se o selo tiver sido retirado ap\u00f3s a entrega.<\/p>\n\n\n\n<p>Para exercer o seu direito de retrata\u00e7\u00e3o, deve informar-nos da sua decis\u00e3o de retrata\u00e7\u00e3o do presente contrato atrav\u00e9s de uma declara\u00e7\u00e3o clara (por exemplo, uma carta enviada por correio, fax ou correio eletr\u00f3nico). Para o efeito, pode utilizar o modelo de formul\u00e1rio de rescis\u00e3o em anexo, que n\u00e3o \u00e9, no entanto, obrigat\u00f3rio.<\/p>\n\n\n\n<p>Para respeitar o prazo de anula\u00e7\u00e3o, basta que a notifica\u00e7\u00e3o do exerc\u00edcio do direito de anula\u00e7\u00e3o seja enviada antes do termo do prazo de anula\u00e7\u00e3o.<\/p>\n\n\n\n<p>A revoga\u00e7\u00e3o deve ser dirigida a<\/p>\n\n\n\n<p>Lazru Cosmetics Trading L.L.C<br>NGI Building, Office 902-34<br>Port Saeed, Dubai, UAE<br>Register No. 1619334<br>USt-IdNr. DE351395187<br>PO Box \u2013 12887<\/p>\n\n\n\n<p>EU Responsible:<br>Sypura GmbH<br>Leopoldstr. 31<br>80802 Munich<br>Germany<\/p>\n\n\n\n<p><strong>Endere\u00e7o de entrega abaixo.<\/strong><\/p>\n\n\n\n<p><strong>Consequ\u00eancias da revoga\u00e7\u00e3o<\/strong><\/p>\n\n\n\n<p>Se o cliente rescindir o contrato, devemos reembolsar-lhe todos os pagamentos que recebemos do cliente, incluindo os custos de entrega (com exce\u00e7\u00e3o dos custos adicionais resultantes do facto de o cliente ter escolhido um tipo de entrega diferente da entrega normal mais barata oferecida por n\u00f3s), sem demora e o mais tardar no prazo de catorze dias a contar do dia em que recebemos a notifica\u00e7\u00e3o da rescis\u00e3o do contrato. Para este reembolso, utilizaremos os mesmos meios de pagamento que utilizou para a transa\u00e7\u00e3o original, salvo acordo expresso em contr\u00e1rio com o cliente; em caso algum ser\u00e1 cobrado por este reembolso.<\/p>\n\n\n\n<p>A ESAB pode recusar o reembolso at\u00e9 ter recebido os bens de volta ou at\u00e9 o cliente ter apresentado prova de que devolveu os bens, consoante o que ocorrer primeiro.<\/p>\n\n\n\n<p><strong>Devolu\u00e7\u00f5es<\/strong><\/p>\n\n\n\n<p>O comprador deve devolver-nos ou entregar-nos os bens sem demora e, em qualquer caso, o mais tardar catorze dias a contar da data em que nos notificar da resolu\u00e7\u00e3o do presente contrato. O prazo \u00e9 respeitado se a mercadoria for enviada antes do termo do prazo de catorze dias.<\/p>\n\n\n\n<p>O utilizador suporta os custos directos da devolu\u00e7\u00e3o dos bens.<\/p>\n\n\n\n<p>O utilizador s\u00f3 tem de pagar qualquer perda de valor dos bens se essa perda de valor se dever ao manuseamento dos bens que n\u00e3o seja necess\u00e1rio para testar a qualidade, as caracter\u00edsticas e o funcionamento dos bens.<\/p>\n\n\n\n<hr class=\"wp-block-separator has-css-opacity\"\/>\n\n\n\n<p><strong>Modelo de formul\u00e1rio de cancelamento<\/strong><\/p>\n\n\n\n<p>Se desejar rescindir o contrato, preencha e devolva este formul\u00e1rio.<br><strong>O direito de retrata\u00e7\u00e3o est\u00e1 exclu\u00eddo para os artigos de higiene usados.<\/strong><\/p>\n\n\n\n<p>1. Regressar a:<\/p>\n\n\n\n<p>VDS - Servi\u00e7o de Expedi\u00e7\u00e3o e Dados <br>c\/o Alaiko GmbH <br>Siemensstra\u00dfe 14<br>D-37412 Herzberg am Harz<br>Germany<br><br>Correio eletr\u00f3nico: info@lazale.com<\/p>\n\n\n\n<p>2. Eu\/n\u00f3s revogamos o contrato celebrado por mim\/n\u00f3s para a compra dos seguintes bens\/presta\u00e7\u00e3o dos seguintes servi\u00e7os<br>Servi\u00e7o (anexar c\u00f3pia da fatura, se necess\u00e1rio)<br>N\u00famero de encomenda: ..........................................<br>Quantidade \/ designa\u00e7\u00e3o das mercadorias: ...........................<br>Pre\u00e7o de compra: ...................................................<br>J\u00e1 usado? O direito de retrata\u00e7\u00e3o est\u00e1 exclu\u00eddo para artigos de higiene usados.<\/p>\n\n\n\n<p>3. Encomendado em: ........................<\/p>\n\n\n\n<p>4. Motivo: .............................................<\/p>\n\n\n\n<p>5. Recebido em: ........................<\/p>\n\n\n\n<p>6. Nome e endere\u00e7o do consumidor: ......<br>N\u00famero de cliente: ........................................<br>Nome e apelido: .................................<br>Rua: .......................................................<br>C\u00f3digo postal e cidade: ..................................................<\/p>\n\n\n\n<p>7. Local, data e assinatura do cliente:<br>&#8230;&#8230;&#8230;&#8230;&#8230;&#8230;&#8230;&#8230;&#8230;&#8230;&#8230;&#8230;&#8230;&#8230;&#8230;&#8230;&#8230;.<\/p>","protected":false},"excerpt":{"rendered":"<p>Widerrufsrecht f\u00fcr Verbraucher Verbraucher ist jede nat\u00fcrliche Person, die ein Rechtsgesch\u00e4ft zu Zwecken abschlie\u00dft, die \u00fcberwiegend weder ihrer gewerblichen noch ihrer selbstst\u00e4ndigen beruflichen T\u00e4tigkeit zugerechnet werden kann. Widerrufsbelehrung Lazale Widerrufsrecht Sie haben das Recht, binnen vierzehn Tagen diesen Vertrag zu widerrufen. Die Widerrufsfrist betr\u00e4gt vierzehn Tage ab dem Tag, an dem Sie oder ein von [&hellip;]<\/p>","protected":false},"author":1,"featured_media":0,"parent":0,"menu_order":0,"comment_status":"closed","ping_status":"closed","template":"","meta":{"_uag_custom_page_level_css":"","advgb_blocks_editor_width":"","advgb_blocks_columns_visual_guide":"","site-sidebar-layout":"default","site-content-layout":"default","ast-site-content-layout":"default","site-content-style":"default","site-sidebar-style":"default","ast-global-header-display":"","ast-banner-title-visibility":"","ast-main-header-display":"","ast-hfb-above-header-display":"","ast-hfb-below-header-display":"","ast-hfb-mobile-header-display":"","site-post-title":"","ast-breadcrumbs-content":"","ast-featured-img":"","footer-sml-layout":"","ast-disable-related-posts":"","theme-transparent-header-meta":"default","adv-header-id-meta":"","stick-header-meta":"default","header-above-stick-meta":"","header-main-stick-meta":"","header-below-stick-meta":"","astra-migrate-meta-layouts":"set","ast-page-background-enabled":"default","ast-page-background-meta":{"desktop":{"background-color":"","background-image":"","background-repeat":"repeat","background-position":"center center","background-size":"auto","background-attachment":"scroll","background-type":"","background-media":"","overlay-type":"","overlay-color":"","overlay-opacity":"","overlay-gradient":""},"tablet":{"background-color":"","background-image":"","background-repeat":"repeat","background-position":"center center","background-size":"auto","background-attachment":"scroll","background-type":"","background-media":"","overlay-type":"","overlay-color":"","overlay-opacity":"","overlay-gradient":""},"mobile":{"background-color":"","background-image":"","background-repeat":"repeat","background-position":"center center","background-size":"auto","background-attachment":"scroll","background-type":"","background-media":"","overlay-type":"","overlay-color":"","overlay-opacity":"","overlay-gradient":""}},"ast-content-background-meta":{"desktop":{"background-color":"var(--ast-global-color-5)","background-image":"","background-repeat":"repeat","background-position":"center center","background-size":"auto","background-attachment":"scroll","background-type":"","background-media":"","overlay-type":"","overlay-color":"","overlay-opacity":"","overlay-gradient":""},"tablet":{"background-color":"var(--ast-global-color-5)","background-image":"","background-repeat":"repeat","background-position":"center center","background-size":"auto","background-attachment":"scroll","background-type":"","background-media":"","overlay-type":"","overlay-color":"","overlay-opacity":"","overlay-gradient":""},"mobile":{"background-color":"var(--ast-global-color-5)","background-image":"","background-repeat":"repeat","background-position":"center center","background-size":"auto","background-attachment":"scroll","background-type":"","background-media":"","overlay-type":"","overlay-color":"","overlay-opacity":"","overlay-gradient":""}},"footnotes":""},"class_list":["post-15","page","type-page","status-publish","hentry"],"yoast_head":"<!-- This site is optimized with the Yoast SEO Premium plugin v23.7 (Yoast SEO v26.6) - https:\/\/yoast.com\/wordpress\/plugins\/seo\/ -->\n<title>Widerrufsrecht - Lazale<\/title>\n<meta name=\"robots\" content=\"noindex, nofollow\" \/>\n<meta property=\"og:locale\" content=\"pt_PT\" \/>\n<meta property=\"og:type\" content=\"article\" \/>\n<meta property=\"og:title\" content=\"Widerrufsrecht\" \/>\n<meta property=\"og:description\" content=\"Widerrufsrecht f\u00fcr Verbraucher Verbraucher ist jede nat\u00fcrliche Person, die ein Rechtsgesch\u00e4ft zu Zwecken abschlie\u00dft, die \u00fcberwiegend weder ihrer gewerblichen noch ihrer selbstst\u00e4ndigen beruflichen T\u00e4tigkeit zugerechnet werden kann. Widerrufsbelehrung Lazale Widerrufsrecht Sie haben das Recht, binnen vierzehn Tagen diesen Vertrag zu widerrufen. Die Widerrufsfrist betr\u00e4gt vierzehn Tage ab dem Tag, an dem Sie oder ein von [&hellip;]\" \/>\n<meta property=\"og:url\" content=\"https:\/\/lazale.com\/pt\/angrerett\/\" \/>\n<meta property=\"og:site_name\" content=\"Lazale\" \/>\n<meta property=\"article:modified_time\" content=\"2025-06-30T06:23:37+00:00\" \/>\n<meta name=\"twitter:card\" content=\"summary_large_image\" \/>\n<meta name=\"twitter:label1\" content=\"Tempo estimado de leitura\" \/>\n\t<meta name=\"twitter:data1\" content=\"4 minutos\" \/>\n<script type=\"application\/ld+json\" class=\"yoast-schema-graph\">{\"@context\":\"https:\/\/schema.org\",\"@graph\":[{\"@type\":\"WebPage\",\"@id\":\"https:\/\/lazale.com\/nb\/angrerett\/\",\"url\":\"https:\/\/lazale.com\/nb\/angrerett\/\",\"name\":\"Widerrufsrecht - Lazale\",\"isPartOf\":{\"@id\":\"https:\/\/lazale.com\/pt\/#website\"},\"datePublished\":\"2021-09-27T05:24:00+00:00\",\"dateModified\":\"2025-06-30T06:23:37+00:00\",\"breadcrumb\":{\"@id\":\"https:\/\/lazale.com\/nb\/angrerett\/#breadcrumb\"},\"inLanguage\":\"pt-PT\",\"potentialAction\":[{\"@type\":\"ReadAction\",\"target\":[\"https:\/\/lazale.com\/nb\/angrerett\/\"]}]},{\"@type\":\"BreadcrumbList\",\"@id\":\"https:\/\/lazale.com\/nb\/angrerett\/#breadcrumb\",\"itemListElement\":[{\"@type\":\"ListItem\",\"position\":1,\"name\":\"Home\",\"item\":\"https:\/\/lazale.com\/\"},{\"@type\":\"ListItem\",\"position\":2,\"name\":\"Widerrufsrecht\"}]},{\"@type\":\"WebSite\",\"@id\":\"https:\/\/lazale.com\/pt\/#website\",\"url\":\"https:\/\/lazale.com\/pt\/\",\"name\":\"Lazale\",\"description\":\"Dehnungsstreifen Creme\",\"publisher\":{\"@id\":\"https:\/\/lazale.com\/pt\/#organization\"},\"potentialAction\":[{\"@type\":\"SearchAction\",\"target\":{\"@type\":\"EntryPoint\",\"urlTemplate\":\"https:\/\/lazale.com\/pt\/?s={search_term_string}\"},\"query-input\":{\"@type\":\"PropertyValueSpecification\",\"valueRequired\":true,\"valueName\":\"search_term_string\"}}],\"inLanguage\":\"pt-PT\"},{\"@type\":\"Organization\",\"@id\":\"https:\/\/lazale.com\/pt\/#organization\",\"name\":\"Lazale\",\"url\":\"https:\/\/lazale.com\/pt\/\",\"logo\":{\"@type\":\"ImageObject\",\"inLanguage\":\"pt-PT\",\"@id\":\"https:\/\/lazale.com\/pt\/#\/schema\/logo\/image\/\",\"url\":\"https:\/\/lazale.com\/wp-content\/uploads\/2021\/09\/cropped-LAZALE-LOGO.png\",\"contentUrl\":\"https:\/\/lazale.com\/wp-content\/uploads\/2021\/09\/cropped-LAZALE-LOGO.png\",\"width\":243,\"height\":78,\"caption\":\"Lazale\"},\"image\":{\"@id\":\"https:\/\/lazale.com\/pt\/#\/schema\/logo\/image\/\"}}]}<\/script>\n<!-- \/ Yoast SEO Premium plugin. -->","yoast_head_json":{"title":"Direito de retrata\u00e7\u00e3o - Lazale","robots":{"index":"noindex","follow":"nofollow"},"og_locale":"pt_PT","og_type":"article","og_title":"Widerrufsrecht","og_description":"Widerrufsrecht f\u00fcr Verbraucher Verbraucher ist jede nat\u00fcrliche Person, die ein Rechtsgesch\u00e4ft zu Zwecken abschlie\u00dft, die \u00fcberwiegend weder ihrer gewerblichen noch ihrer selbstst\u00e4ndigen beruflichen T\u00e4tigkeit zugerechnet werden kann. Widerrufsbelehrung Lazale Widerrufsrecht Sie haben das Recht, binnen vierzehn Tagen diesen Vertrag zu widerrufen. Die Widerrufsfrist betr\u00e4gt vierzehn Tage ab dem Tag, an dem Sie oder ein von [&hellip;]","og_url":"https:\/\/lazale.com\/pt\/angrerett\/","og_site_name":"Lazale","article_modified_time":"2025-06-30T06:23:37+00:00","twitter_card":"summary_large_image","twitter_misc":{"Tempo estimado de leitura":"4 minutos"},"schema":{"@context":"https:\/\/schema.org","@graph":[{"@type":"WebPage","@id":"https:\/\/lazale.com\/nb\/angrerett\/","url":"https:\/\/lazale.com\/nb\/angrerett\/","name":"Direito de retrata\u00e7\u00e3o - Lazale","isPartOf":{"@id":"https:\/\/lazale.com\/pt\/#website"},"datePublished":"2021-09-27T05:24:00+00:00","dateModified":"2025-06-30T06:23:37+00:00","breadcrumb":{"@id":"https:\/\/lazale.com\/nb\/angrerett\/#breadcrumb"},"inLanguage":"pt-PT","potentialAction":[{"@type":"ReadAction","target":["https:\/\/lazale.com\/nb\/angrerett\/"]}]},{"@type":"BreadcrumbList","@id":"https:\/\/lazale.com\/nb\/angrerett\/#breadcrumb","itemListElement":[{"@type":"ListItem","position":1,"name":"Home","item":"https:\/\/lazale.com\/"},{"@type":"ListItem","position":2,"name":"Widerrufsrecht"}]},{"@type":"WebSite","@id":"https:\/\/lazale.com\/pt\/#website","url":"https:\/\/lazale.com\/pt\/","name":"Lazale","description":"Creme para Estrias","publisher":{"@id":"https:\/\/lazale.com\/pt\/#organization"},"potentialAction":[{"@type":"SearchAction","target":{"@type":"EntryPoint","urlTemplate":"https:\/\/lazale.com\/pt\/?s={search_term_string}"},"query-input":{"@type":"PropertyValueSpecification","valueRequired":true,"valueName":"search_term_string"}}],"inLanguage":"pt-PT"},{"@type":"Organization","@id":"https:\/\/lazale.com\/pt\/#organization","name":"Lazale","url":"https:\/\/lazale.com\/pt\/","logo":{"@type":"ImageObject","inLanguage":"pt-PT","@id":"https:\/\/lazale.com\/pt\/#\/schema\/logo\/image\/","url":"https:\/\/lazale.com\/wp-content\/uploads\/2021\/09\/cropped-LAZALE-LOGO.png","contentUrl":"https:\/\/lazale.com\/wp-content\/uploads\/2021\/09\/cropped-LAZALE-LOGO.png","width":243,"height":78,"caption":"Lazale"},"image":{"@id":"https:\/\/lazale.com\/pt\/#\/schema\/logo\/image\/"}}]}},"uagb_featured_image_src":{"full":false,"thumbnail":false,"medium":false,"medium_large":false,"large":false,"1536x1536":false,"2048x2048":false,"trp-custom-language-flag":false,"woocommerce_thumbnail":false,"woocommerce_single":false,"woocommerce_gallery_thumbnail":false},"uagb_author_info":{"display_name":"Kerem085","author_link":"https:\/\/lazale.com\/pt\/author\/kerem085\/"},"uagb_comment_info":0,"uagb_excerpt":"Widerrufsrecht f\u00fcr Verbraucher Verbraucher ist jede nat\u00fcrliche Person, die ein Rechtsgesch\u00e4ft zu Zwecken abschlie\u00dft, die \u00fcberwiegend weder ihrer gewerblichen noch ihrer selbstst\u00e4ndigen beruflichen T\u00e4tigkeit zugerechnet werden kann. Widerrufsbelehrung Lazale Widerrufsrecht Sie haben das Recht, binnen vierzehn Tagen diesen Vertrag zu widerrufen. Die Widerrufsfrist betr\u00e4gt vierzehn Tage ab dem Tag, an dem Sie oder ein von&hellip;","coauthors":[],"author_meta":{"author_link":"https:\/\/lazale.com\/pt\/author\/kerem085\/","display_name":"Kerem085"},"relative_dates":{"created":"Posted 5 anos ago","modified":"Updated 10 meses ago"},"absolute_dates":{"created":"Posted on Setembro 27, 2021","modified":"Updated on Junho 30, 2025"},"absolute_dates_time":{"created":"Posted on Setembro 27, 2021 5:24 am","modified":"Updated on Junho 30, 2025 8:23 am"},"featured_img_caption":"","featured_img":false,"series_order":"","_links":{"self":[{"href":"https:\/\/lazale.com\/pt\/wp-json\/wp\/v2\/pages\/15","targetHints":{"allow":["GET"]}}],"collection":[{"href":"https:\/\/lazale.com\/pt\/wp-json\/wp\/v2\/pages"}],"about":[{"href":"https:\/\/lazale.com\/pt\/wp-json\/wp\/v2\/types\/page"}],"author":[{"embeddable":true,"href":"https:\/\/lazale.com\/pt\/wp-json\/wp\/v2\/users\/1"}],"replies":[{"embeddable":true,"href":"https:\/\/lazale.com\/pt\/wp-json\/wp\/v2\/comments?post=15"}],"version-history":[{"count":11,"href":"https:\/\/lazale.com\/pt\/wp-json\/wp\/v2\/pages\/15\/revisions"}],"predecessor-version":[{"id":3468,"href":"https:\/\/lazale.com\/pt\/wp-json\/wp\/v2\/pages\/15\/revisions\/3468"}],"wp:attachment":[{"href":"https:\/\/lazale.com\/pt\/wp-json\/wp\/v2\/media?parent=15"}],"curies":[{"name":"wp","href":"https:\/\/api.w.org\/{rel}","templated":true}]}}