{"id":13,"date":"2021-09-27T05:24:00","date_gmt":"2021-09-27T05:24:00","guid":{"rendered":"https:\/\/lazale.com\/?page_id=13"},"modified":"2025-06-30T07:59:14","modified_gmt":"2025-06-30T05:59:14","slug":"impressum","status":"publish","type":"page","link":"https:\/\/lazale.com\/sl\/impressum\/","title":{"rendered":"Odtis"},"content":{"rendered":"<p><strong>Izjava o omejitvi odgovornosti<br><\/strong>Vsebina tega spletnega mesta je ustvarjena z najve\u010djo mo\u017eno skrbnostjo. Vendar Lazale ne prevzema nobene odgovornosti za pravilnost, popolnost in a\u017eurnost navedene vsebine. Uporabnik uporablja vsebino spletnega mesta na lastno odgovornost.<\/p>\n\n\n\n<p>1. Zunanje povezave:<br>V primeru zunanjih povezav na spletna mesta tretjih oseb (\"zunanje povezave\") so za ta spletna mesta odgovorni njihovi upravljavci. Ob prvi vzpostavitvi zunanjih povezav je ponudnik preveril, ali zunanja vsebina ne kr\u0161i zakonov. V tistem \u010dasu ni bilo zaznati nobenih pravnih kr\u0161itev. Ponudnik nima nobenega vpliva na sedanjo in prihodnjo zasnovo ter vsebino povezanih strani. Vklju\u010ditev zunanjih povezav ne pomeni, da ponudnik sprejema vsebino, ki se skriva za referenco ali povezavo, za svojo. Ni smiselno, da bi ponudnik nenehno spremljal zunanje povezave brez konkretnih znakov pravnih kr\u0161itev. \u010ce pa bodo pravne kr\u0161itve znane, bodo tak\u0161ne zunanje povezave nemudoma izbrisane.<\/p>\n\n\n\n<p>2. Avtorske in sorodne avtorske pravice | \u00a9 copyright:<br>Za vsebino, objavljeno na tem spletnem mestu, velja nem\u0161ka zakonodaja o avtorskih in sorodnih avtorskih pravicah. Za vsako uporabo, ki ni dovoljena z nem\u0161kim zakonom o avtorskih in sorodnih pravicah, je potrebno predhodno pisno soglasje ponudnika ali ustreznega imetnika pravic. To velja zlasti za kopiranje, urejanje, prevajanje, shranjevanje, obdelavo ali razmno\u017eevanje vsebine v podatkovnih zbirkah ali drugih elektronskih medijih in sistemih. Nedovoljeno razmno\u017eevanje ali prenos posameznih vsebin ali celotnih strani ni dovoljeno in se kaznuje po zakonu. Dovoljena je le izdelava kopij in prenosov za osebno, zasebno in nekomercialno uporabo. Prikaz te spletne strani v zunanjih okvirjih je dovoljen le s pisnim dovoljenjem.<\/p>\n\n\n\n<p>3. Varstvo podatkov<br>Ob obisku ponudnikovega spletnega mesta se lahko shranijo informacije o dostopu (datum, \u010das, ogledana stran). Ti podatki ne spadajo med osebne podatke, temve\u010d so anonimizirani. Ocenjujejo se izklju\u010dno za statisti\u010dne namene. Ne posredujejo se tretjim osebam v komercialne ali nekomercialne namene. Ponudnik izrecno opozarja, da je prenos podatkov po internetu (npr. komunikacija po elektronski po\u0161ti) podvr\u017een varnostnim ranljivostim in ga ni mogo\u010de v celoti za\u0161\u010dititi pred dostopom tretjih oseb.<\/p>\n\n\n\n<p>Uporaba kontaktnih podatkov v odtisu za komercialno ogla\u0161evanje je izrecno neza\u017eelena, razen \u010de je ponudnik dal predhodno pisno soglasje ali \u010de \u017ee obstaja poslovni odnos. Ponudnik in vse osebe, navedene na tem spletnem mestu, nasprotujejo kakr\u0161ni koli komercialni uporabi in razkritju svojih podatkov.<\/p>\n\n\n\n<p>4. Posebni pogoji uporabe<br>\u010ce posebni pogoji za posamezno uporabo tega spletnega mesta odstopajo od zgoraj navedenih \u0161tevilk 1. do 4., je to izrecno navedeno na ustreznem mestu. V tem primeru veljajo posebni pogoji uporabe v posameznem primeru.<\/p>\n\n\n\n<p>LAZALE je blagovna znamka podjetja:<\/p>\n\n\n\n<p>Lazru Cosmetics Trading L.L.C<br>NGI Building, Office 902-34<br>Port Saeed, Dubai, UAE<br>Register No. 1619334<br>USt-IdNr. DE351395187<br>PO Box \u2013 12887<\/p>\n\n\n\n<p><strong>Alternativno re\u0161evanje sporov:<\/strong><\/p>\n\n\n\n<p>Evropska komisija zagotavlja platformo za izvensodno spletno re\u0161evanje sporov (platforma ODR), ki je dostopna na&nbsp;<a href=\"https:\/\/ec.europa.eu\/odr\" target=\"_blank\" rel=\"noreferrer noopener\">https:\/\/ec.europa.eu\/odr<\/a>.<\/p>","protected":false},"excerpt":{"rendered":"<p>HaftungsausschlussDie Inhalte dieser Website werden mit gr\u00f6\u00dftm\u00f6glicher Sorgfalt erstellt. Lazale \u00fcbernimmt jedoch keine Gew\u00e4hr f\u00fcr die Richtigkeit, Vollst\u00e4ndigkeit und Aktualit\u00e4t der bereitgestellten Inhalte. Die Nutzung der Inhalte der Website erfolgt auf eigene Gefahr des Nutzers. 1. Externe Links:Bei externen Verkn\u00fcpfungen zu Websites Dritter (\u201eexterne Links\u201c). unterliegen diese Websites der Haftung der jeweiligen Betreiber. Der Anbieter [&hellip;]<\/p>","protected":false},"author":1,"featured_media":0,"parent":0,"menu_order":0,"comment_status":"closed","ping_status":"closed","template":"","meta":{"_uag_custom_page_level_css":"","advgb_blocks_editor_width":"","advgb_blocks_columns_visual_guide":"","site-sidebar-layout":"default","site-content-layout":"default","ast-site-content-layout":"default","site-content-style":"default","site-sidebar-style":"default","ast-global-header-display":"","ast-banner-title-visibility":"","ast-main-header-display":"","ast-hfb-above-header-display":"","ast-hfb-below-header-display":"","ast-hfb-mobile-header-display":"","site-post-title":"","ast-breadcrumbs-content":"","ast-featured-img":"","footer-sml-layout":"","ast-disable-related-posts":"","theme-transparent-header-meta":"default","adv-header-id-meta":"","stick-header-meta":"default","header-above-stick-meta":"","header-main-stick-meta":"","header-below-stick-meta":"","astra-migrate-meta-layouts":"set","ast-page-background-enabled":"default","ast-page-background-meta":{"desktop":{"background-color":"","background-image":"","background-repeat":"repeat","background-position":"center center","background-size":"auto","background-attachment":"scroll","background-type":"","background-media":"","overlay-type":"","overlay-color":"","overlay-opacity":"","overlay-gradient":""},"tablet":{"background-color":"","background-image":"","background-repeat":"repeat","background-position":"center center","background-size":"auto","background-attachment":"scroll","background-type":"","background-media":"","overlay-type":"","overlay-color":"","overlay-opacity":"","overlay-gradient":""},"mobile":{"background-color":"","background-image":"","background-repeat":"repeat","background-position":"center center","background-size":"auto","background-attachment":"scroll","background-type":"","background-media":"","overlay-type":"","overlay-color":"","overlay-opacity":"","overlay-gradient":""}},"ast-content-background-meta":{"desktop":{"background-color":"var(--ast-global-color-5)","background-image":"","background-repeat":"repeat","background-position":"center center","background-size":"auto","background-attachment":"scroll","background-type":"","background-media":"","overlay-type":"","overlay-color":"","overlay-opacity":"","overlay-gradient":""},"tablet":{"background-color":"var(--ast-global-color-5)","background-image":"","background-repeat":"repeat","background-position":"center center","background-size":"auto","background-attachment":"scroll","background-type":"","background-media":"","overlay-type":"","overlay-color":"","overlay-opacity":"","overlay-gradient":""},"mobile":{"background-color":"var(--ast-global-color-5)","background-image":"","background-repeat":"repeat","background-position":"center center","background-size":"auto","background-attachment":"scroll","background-type":"","background-media":"","overlay-type":"","overlay-color":"","overlay-opacity":"","overlay-gradient":""}},"footnotes":""},"class_list":["post-13","page","type-page","status-publish","hentry"],"yoast_head":"<!-- This site is optimized with the Yoast SEO Premium plugin v23.7 (Yoast SEO v26.6) - https:\/\/yoast.com\/wordpress\/plugins\/seo\/ -->\n<title>Impressum - Lazale<\/title>\n<meta name=\"robots\" content=\"noindex, nofollow\" \/>\n<meta property=\"og:locale\" content=\"sl_SI\" \/>\n<meta property=\"og:type\" content=\"article\" \/>\n<meta property=\"og:title\" content=\"Impressum\" \/>\n<meta property=\"og:description\" content=\"HaftungsausschlussDie Inhalte dieser Website werden mit gr\u00f6\u00dftm\u00f6glicher Sorgfalt erstellt. Lazale \u00fcbernimmt jedoch keine Gew\u00e4hr f\u00fcr die Richtigkeit, Vollst\u00e4ndigkeit und Aktualit\u00e4t der bereitgestellten Inhalte. Die Nutzung der Inhalte der Website erfolgt auf eigene Gefahr des Nutzers. 1. Externe Links:Bei externen Verkn\u00fcpfungen zu Websites Dritter (\u201eexterne Links\u201c). unterliegen diese Websites der Haftung der jeweiligen Betreiber. Der Anbieter [&hellip;]\" \/>\n<meta property=\"og:url\" content=\"https:\/\/lazale.com\/sl\/otisak\/\" \/>\n<meta property=\"og:site_name\" content=\"Lazale\" \/>\n<meta property=\"article:modified_time\" content=\"2025-06-30T05:59:14+00:00\" \/>\n<meta name=\"twitter:card\" content=\"summary_large_image\" \/>\n<meta name=\"twitter:label1\" content=\"Est. reading time\" \/>\n\t<meta name=\"twitter:data1\" content=\"3 minute\" \/>\n<script type=\"application\/ld+json\" class=\"yoast-schema-graph\">{\"@context\":\"https:\/\/schema.org\",\"@graph\":[{\"@type\":\"WebPage\",\"@id\":\"https:\/\/lazale.com\/hr\/otisak\/\",\"url\":\"https:\/\/lazale.com\/hr\/otisak\/\",\"name\":\"Impressum - Lazale\",\"isPartOf\":{\"@id\":\"https:\/\/lazale.com\/pt\/#website\"},\"datePublished\":\"2021-09-27T05:24:00+00:00\",\"dateModified\":\"2025-06-30T05:59:14+00:00\",\"breadcrumb\":{\"@id\":\"https:\/\/lazale.com\/hr\/otisak\/#breadcrumb\"},\"inLanguage\":\"sl-SI\",\"potentialAction\":[{\"@type\":\"ReadAction\",\"target\":[\"https:\/\/lazale.com\/hr\/otisak\/\"]}]},{\"@type\":\"BreadcrumbList\",\"@id\":\"https:\/\/lazale.com\/hr\/otisak\/#breadcrumb\",\"itemListElement\":[{\"@type\":\"ListItem\",\"position\":1,\"name\":\"Home\",\"item\":\"https:\/\/lazale.com\/\"},{\"@type\":\"ListItem\",\"position\":2,\"name\":\"Impressum\"}]},{\"@type\":\"WebSite\",\"@id\":\"https:\/\/lazale.com\/pt\/#website\",\"url\":\"https:\/\/lazale.com\/pt\/\",\"name\":\"Lazale\",\"description\":\"Dehnungsstreifen Creme\",\"publisher\":{\"@id\":\"https:\/\/lazale.com\/pt\/#organization\"},\"potentialAction\":[{\"@type\":\"SearchAction\",\"target\":{\"@type\":\"EntryPoint\",\"urlTemplate\":\"https:\/\/lazale.com\/pt\/?s={search_term_string}\"},\"query-input\":{\"@type\":\"PropertyValueSpecification\",\"valueRequired\":true,\"valueName\":\"search_term_string\"}}],\"inLanguage\":\"sl-SI\"},{\"@type\":\"Organization\",\"@id\":\"https:\/\/lazale.com\/pt\/#organization\",\"name\":\"Lazale\",\"url\":\"https:\/\/lazale.com\/pt\/\",\"logo\":{\"@type\":\"ImageObject\",\"inLanguage\":\"sl-SI\",\"@id\":\"https:\/\/lazale.com\/pt\/#\/schema\/logo\/image\/\",\"url\":\"https:\/\/lazale.com\/wp-content\/uploads\/2021\/09\/cropped-LAZALE-LOGO.png\",\"contentUrl\":\"https:\/\/lazale.com\/wp-content\/uploads\/2021\/09\/cropped-LAZALE-LOGO.png\",\"width\":243,\"height\":78,\"caption\":\"Lazale\"},\"image\":{\"@id\":\"https:\/\/lazale.com\/pt\/#\/schema\/logo\/image\/\"}}]}<\/script>\n<!-- \/ Yoast SEO Premium plugin. -->","yoast_head_json":{"title":"Odtis - Lazale","robots":{"index":"noindex","follow":"nofollow"},"og_locale":"sl_SI","og_type":"article","og_title":"Impressum","og_description":"HaftungsausschlussDie Inhalte dieser Website werden mit gr\u00f6\u00dftm\u00f6glicher Sorgfalt erstellt. Lazale \u00fcbernimmt jedoch keine Gew\u00e4hr f\u00fcr die Richtigkeit, Vollst\u00e4ndigkeit und Aktualit\u00e4t der bereitgestellten Inhalte. Die Nutzung der Inhalte der Website erfolgt auf eigene Gefahr des Nutzers. 1. Externe Links:Bei externen Verkn\u00fcpfungen zu Websites Dritter (\u201eexterne Links\u201c). unterliegen diese Websites der Haftung der jeweiligen Betreiber. Der Anbieter [&hellip;]","og_url":"https:\/\/lazale.com\/sl\/otisak\/","og_site_name":"Lazale","article_modified_time":"2025-06-30T05:59:14+00:00","twitter_card":"summary_large_image","twitter_misc":{"Est. reading time":"3 minute"},"schema":{"@context":"https:\/\/schema.org","@graph":[{"@type":"WebPage","@id":"https:\/\/lazale.com\/hr\/otisak\/","url":"https:\/\/lazale.com\/hr\/otisak\/","name":"Odtis - Lazale","isPartOf":{"@id":"https:\/\/lazale.com\/pt\/#website"},"datePublished":"2021-09-27T05:24:00+00:00","dateModified":"2025-06-30T05:59:14+00:00","breadcrumb":{"@id":"https:\/\/lazale.com\/hr\/otisak\/#breadcrumb"},"inLanguage":"sl-SI","potentialAction":[{"@type":"ReadAction","target":["https:\/\/lazale.com\/hr\/otisak\/"]}]},{"@type":"BreadcrumbList","@id":"https:\/\/lazale.com\/hr\/otisak\/#breadcrumb","itemListElement":[{"@type":"ListItem","position":1,"name":"Home","item":"https:\/\/lazale.com\/"},{"@type":"ListItem","position":2,"name":"Impressum"}]},{"@type":"WebSite","@id":"https:\/\/lazale.com\/pt\/#website","url":"https:\/\/lazale.com\/pt\/","name":"Lazale","description":"Krema proti Strijam","publisher":{"@id":"https:\/\/lazale.com\/pt\/#organization"},"potentialAction":[{"@type":"SearchAction","target":{"@type":"EntryPoint","urlTemplate":"https:\/\/lazale.com\/pt\/?s={search_term_string}"},"query-input":{"@type":"PropertyValueSpecification","valueRequired":true,"valueName":"search_term_string"}}],"inLanguage":"sl-SI"},{"@type":"Organization","@id":"https:\/\/lazale.com\/pt\/#organization","name":"Lazale","url":"https:\/\/lazale.com\/pt\/","logo":{"@type":"ImageObject","inLanguage":"sl-SI","@id":"https:\/\/lazale.com\/pt\/#\/schema\/logo\/image\/","url":"https:\/\/lazale.com\/wp-content\/uploads\/2021\/09\/cropped-LAZALE-LOGO.png","contentUrl":"https:\/\/lazale.com\/wp-content\/uploads\/2021\/09\/cropped-LAZALE-LOGO.png","width":243,"height":78,"caption":"Lazale"},"image":{"@id":"https:\/\/lazale.com\/pt\/#\/schema\/logo\/image\/"}}]}},"uagb_featured_image_src":{"full":false,"thumbnail":false,"medium":false,"medium_large":false,"large":false,"1536x1536":false,"2048x2048":false,"trp-custom-language-flag":false,"woocommerce_thumbnail":false,"woocommerce_single":false,"woocommerce_gallery_thumbnail":false},"uagb_author_info":{"display_name":"Kerem085","author_link":"https:\/\/lazale.com\/sl\/author\/kerem085\/"},"uagb_comment_info":0,"uagb_excerpt":"HaftungsausschlussDie Inhalte dieser Website werden mit gr\u00f6\u00dftm\u00f6glicher Sorgfalt erstellt. Lazale \u00fcbernimmt jedoch keine Gew\u00e4hr f\u00fcr die Richtigkeit, Vollst\u00e4ndigkeit und Aktualit\u00e4t der bereitgestellten Inhalte. Die Nutzung der Inhalte der Website erfolgt auf eigene Gefahr des Nutzers. 1. Externe Links:Bei externen Verkn\u00fcpfungen zu Websites Dritter (\u201eexterne Links\u201c). unterliegen diese Websites der Haftung der jeweiligen Betreiber. Der Anbieter&hellip;","coauthors":[],"author_meta":{"author_link":"https:\/\/lazale.com\/sl\/author\/kerem085\/","display_name":"Kerem085"},"relative_dates":{"created":"Posted 5 let ago","modified":"Updated 10 mesecev ago"},"absolute_dates":{"created":"Posted on 27 septembra, 2021","modified":"Updated on 30 junija, 2025"},"absolute_dates_time":{"created":"Posted on 27 septembra, 2021 5:24 dop","modified":"Updated on 30 junija, 2025 7:59 dop"},"featured_img_caption":"","featured_img":false,"series_order":"","_links":{"self":[{"href":"https:\/\/lazale.com\/sl\/wp-json\/wp\/v2\/pages\/13","targetHints":{"allow":["GET"]}}],"collection":[{"href":"https:\/\/lazale.com\/sl\/wp-json\/wp\/v2\/pages"}],"about":[{"href":"https:\/\/lazale.com\/sl\/wp-json\/wp\/v2\/types\/page"}],"author":[{"embeddable":true,"href":"https:\/\/lazale.com\/sl\/wp-json\/wp\/v2\/users\/1"}],"replies":[{"embeddable":true,"href":"https:\/\/lazale.com\/sl\/wp-json\/wp\/v2\/comments?post=13"}],"version-history":[{"count":9,"href":"https:\/\/lazale.com\/sl\/wp-json\/wp\/v2\/pages\/13\/revisions"}],"predecessor-version":[{"id":3485,"href":"https:\/\/lazale.com\/sl\/wp-json\/wp\/v2\/pages\/13\/revisions\/3485"}],"wp:attachment":[{"href":"https:\/\/lazale.com\/sl\/wp-json\/wp\/v2\/media?parent=13"}],"curies":[{"name":"wp","href":"https:\/\/api.w.org\/{rel}","templated":true}]}}