{"id":200,"date":"2023-06-20T04:15:49","date_gmt":"2023-06-20T04:15:49","guid":{"rendered":"https:\/\/lazale.com\/?post_type=product&#038;p=200"},"modified":"2025-12-31T14:41:44","modified_gmt":"2025-12-31T13:41:44","slug":"lazale-2","status":"publish","type":"product","link":"https:\/\/lazale.com\/sl\/izdelek\/lazale-2\/","title":{"rendered":"Lazale \u2013 Krema proti Strijam, pakiranje po 2"},"content":{"rendered":"<h2>Uporaba:<\/h2>\n<p><span style=\"font-weight: 400;\">Dvakrat na dan s kro\u017enimi gibi ne\u017eno vmasirajte Kremo na prizadete dele ko\u017ee, dokler se popolnoma ne vpije. Za optimalne rezultate Kremo uporabljajte redno.<\/span><\/p>\n<h2><span style=\"color: #8a949c;\">Izkusite razko\u0161no nego ko\u017ee z na\u0161o Krema proti Strijam!<\/span><\/h2>\n<p><img loading=\"lazy\" decoding=\"async\" class=\"wp-image-254 size-full\" src=\"https:\/\/lazale.com\/wp-content\/uploads\/2023\/06\/Lazale-01.jpg\" alt=\"Lazale\" width=\"1600\" height=\"875\" srcset=\"https:\/\/lazale.com\/wp-content\/uploads\/2023\/06\/Lazale-01.jpg 1600w, https:\/\/lazale.com\/wp-content\/uploads\/2023\/06\/Lazale-01-300x164.jpg 300w, https:\/\/lazale.com\/wp-content\/uploads\/2023\/06\/Lazale-01-1024x560.jpg 1024w, https:\/\/lazale.com\/wp-content\/uploads\/2023\/06\/Lazale-01-768x420.jpg 768w, https:\/\/lazale.com\/wp-content\/uploads\/2023\/06\/Lazale-01-1536x840.jpg 1536w, https:\/\/lazale.com\/wp-content\/uploads\/2023\/06\/Lazale-01-600x328.jpg 600w\" sizes=\"auto, (max-width: 1600px) 100vw, 1600px\" \/><\/p>\n<p>Potopite se v svet razko\u0161ja in razvajajte svojo ko\u017eo z na\u0161o vrhunsko Krema proti Strijam Lazale. Na\u0161a edinstvena formula zdru\u017euje preverjene sestavine, kot so izvle\u010dek guarane, hialuronska kislina in izvle\u010dek \u010drne soje, ki lahko zmanj\u0161ajo strije in izbolj\u0161ajo elasti\u010dnost va\u0161e ko\u017ee.<\/p>\n<p>Poleg tega na\u0161a Krema vsebuje dragocena olja, kot so karitejevo maslo, olje cedrovine, jojobino olje in olje pomaran\u010dne lupine, ki ko\u017eo intenzivno vla\u017eijo in jo naredijo pro\u017eno. Dragocene sestavine na\u0161e Kreme so bile skrbno izbrane za izbolj\u0161anje videza strij.<\/p>\n<p>Izkusite u\u010dinek Lazale in privo\u0161\u010dite svoji ko\u017ei razvajanje. Na\u0161a formula se hitro vpije in ne pu\u0161\u010da mastnih sledi. Va\u0161a ko\u017ea je intenzivno nahranjena in je videti bolj sijo\u010da.<\/p>\n<p>Odkrijte lepoto in samozavest, ki ju prina\u0161a zdrava in negovana ko\u017ea. \u0160e danes naro\u010dite stekleni\u010dko na\u0161e kreme proti strijam in svoji ko\u017ei namenite pozornost, ki si jo zaslu\u017ei.<\/p>\n<p>Clean Beauty: Lazale ne vsebuje formaldehida, ftalatov, sulfatov, parabenov, silikonov, mineralnih olj in PEG - da je varen in prijazen do ko\u017ee. Poleg tega je na\u0161 izdelek veganski in ne vsebuje \u017eivali.<\/p>\n<p>Upo\u0161tevajte, da se rezultati pri posameznikih lahko razlikujejo.<\/p>","protected":false},"excerpt":{"rendered":"<p class=\"p1\"><span class=\"s1\">Lazale Krema proti Strijam.<br \/>\n<span style=\"color: #5bc98b;\"><strong>Novo: Liposomska formulacija!<\/strong><\/span><\/span><\/p>\n<ul>\n<li>Liposomski<\/li>\n<li>Fermentirani<\/li>\n<li>Brez hormonov<\/li>\n<li>Veganski<\/li>\n<li>Dermatolo\u0161ko testirano<\/li>\n<\/ul>\n<p><img loading=\"lazy\" decoding=\"async\" class=\"wp-image-41\" src=\"https:\/\/lazale.com\/wp-content\/uploads\/2021\/09\/Lo-2.jpg\" alt=\"Logotipi\" width=\"295\" height=\"26\" srcset=\"https:\/\/lazale.com\/wp-content\/uploads\/2021\/09\/Lo-2.jpg 941w, https:\/\/lazale.com\/wp-content\/uploads\/2021\/09\/Lo-2-300x26.jpg 300w, https:\/\/lazale.com\/wp-content\/uploads\/2021\/09\/Lo-2-768x68.jpg 768w, https:\/\/lazale.com\/wp-content\/uploads\/2021\/09\/Lo-2-600x53.jpg 600w\" sizes=\"auto, (max-width: 295px) 100vw, 295px\" \/><\/p>\n<p><img loading=\"lazy\" decoding=\"async\" class=\"alignnone wp-image-693\" src=\"https:\/\/lazale.com\/wp-content\/uploads\/2023\/10\/Testsieger.jpg\" alt=\"\" width=\"155\" height=\"92\" srcset=\"https:\/\/lazale.com\/wp-content\/uploads\/2023\/10\/Testsieger.jpg 1249w, https:\/\/lazale.com\/wp-content\/uploads\/2023\/10\/Testsieger-300x179.jpg 300w, https:\/\/lazale.com\/wp-content\/uploads\/2023\/10\/Testsieger-1024x610.jpg 1024w, https:\/\/lazale.com\/wp-content\/uploads\/2023\/10\/Testsieger-768x457.jpg 768w, https:\/\/lazale.com\/wp-content\/uploads\/2023\/10\/Testsieger-18x12.jpg 18w, https:\/\/lazale.com\/wp-content\/uploads\/2023\/10\/Testsieger-600x357.jpg 600w\" sizes=\"auto, (max-width: 155px) 100vw, 155px\" \/><\/p>","protected":false},"author":1,"featured_media":201,"template":"","meta":{"_uag_custom_page_level_css":"","advgb_blocks_editor_width":"","advgb_blocks_columns_visual_guide":"","site-sidebar-layout":"default","site-content-layout":"default","ast-site-content-layout":"default","site-content-style":"default","site-sidebar-style":"default","ast-global-header-display":"","ast-banner-title-visibility":"","ast-main-header-display":"","ast-hfb-above-header-display":"","ast-hfb-below-header-display":"","ast-hfb-mobile-header-display":"","site-post-title":"","ast-breadcrumbs-content":"","ast-featured-img":"","footer-sml-layout":"","ast-disable-related-posts":"","theme-transparent-header-meta":"default","adv-header-id-meta":"","stick-header-meta":"default","header-above-stick-meta":"","header-main-stick-meta":"","header-below-stick-meta":"","astra-migrate-meta-layouts":"set","ast-page-background-enabled":"default","ast-page-background-meta":{"desktop":{"background-color":"","background-image":"","background-repeat":"repeat","background-position":"center center","background-size":"auto","background-attachment":"scroll","background-type":"","background-media":"","overlay-type":"","overlay-color":"","overlay-opacity":"","overlay-gradient":""},"tablet":{"background-color":"","background-image":"","background-repeat":"repeat","background-position":"center center","background-size":"auto","background-attachment":"scroll","background-type":"","background-media":"","overlay-type":"","overlay-color":"","overlay-opacity":"","overlay-gradient":""},"mobile":{"background-color":"","background-image":"","background-repeat":"repeat","background-position":"center center","background-size":"auto","background-attachment":"scroll","background-type":"","background-media":"","overlay-type":"","overlay-color":"","overlay-opacity":"","overlay-gradient":""}},"ast-content-background-meta":{"desktop":{"background-color":"var(--ast-global-color-5)","background-image":"","background-repeat":"repeat","background-position":"center center","background-size":"auto","background-attachment":"scroll","background-type":"","background-media":"","overlay-type":"","overlay-color":"","overlay-opacity":"","overlay-gradient":""},"tablet":{"background-color":"var(--ast-global-color-5)","background-image":"","background-repeat":"repeat","background-position":"center center","background-size":"auto","background-attachment":"scroll","background-type":"","background-media":"","overlay-type":"","overlay-color":"","overlay-opacity":"","overlay-gradient":""},"mobile":{"background-color":"var(--ast-global-color-5)","background-image":"","background-repeat":"repeat","background-position":"center center","background-size":"auto","background-attachment":"scroll","background-type":"","background-media":"","overlay-type":"","overlay-color":"","overlay-opacity":"","overlay-gradient":""}}},"product_brand":[],"product_cat":[33],"product_tag":[],"class_list":{"0":"post-200","1":"product","2":"type-product","3":"status-publish","4":"has-post-thumbnail","6":"product_cat-creme","7":"desktop-align-left","8":"tablet-align-left","9":"mobile-align-left","11":"first","12":"instock","13":"sale","14":"taxable","15":"shipping-taxable","16":"purchasable","17":"product-type-simple"},"yoast_head":"<!-- This site is optimized with the Yoast SEO Premium plugin v23.7 (Yoast SEO v26.6) - https:\/\/yoast.com\/wordpress\/plugins\/seo\/ -->\n<title>Lazale 2er Pack: Dehnungsstreifen Creme f\u00fcr Frauen &amp; M\u00e4nner.<\/title>\n<meta name=\"description\" content=\"Lazale: Dehnungsstreifen Creme &amp; Schwangerschaftsstreifen Creme. F\u00fcr Frauen und M\u00e4nner ohne Hormone! Hier bestellen. Neue st\u00e4rkere Formel.\" \/>\n<meta name=\"robots\" content=\"index, follow, max-snippet:-1, max-image-preview:large, max-video-preview:-1\" \/>\n<link rel=\"canonical\" href=\"https:\/\/lazale.com\/sl\/izdelek\/lazale-2\/\" \/>\n<meta property=\"og:locale\" content=\"sl_SI\" \/>\n<meta property=\"og:type\" content=\"article\" \/>\n<meta property=\"og:title\" content=\"Lazale 2er Pack - Dehnungsstreifen Creme\" \/>\n<meta property=\"og:description\" content=\"Lazale: Dehnungsstreifen Creme &amp; Schwangerschaftsstreifen Creme. F\u00fcr Frauen und M\u00e4nner ohne Hormone! Hier bestellen. Neue st\u00e4rkere Formel.\" \/>\n<meta property=\"og:url\" content=\"https:\/\/lazale.com\/sl\/izdelek\/lazale-2\/\" \/>\n<meta property=\"og:site_name\" content=\"Lazale\" \/>\n<meta property=\"article:modified_time\" content=\"2025-12-31T13:41:44+00:00\" \/>\n<meta property=\"og:image\" content=\"https:\/\/lazale.com\/wp-content\/uploads\/2023\/06\/Laz-0002.jpg\" \/>\n\t<meta property=\"og:image:width\" content=\"1000\" \/>\n\t<meta property=\"og:image:height\" content=\"1000\" \/>\n\t<meta property=\"og:image:type\" content=\"image\/jpeg\" \/>\n<meta name=\"twitter:card\" content=\"summary_large_image\" \/>\n<meta name=\"twitter:label1\" content=\"Est. reading time\" \/>\n\t<meta name=\"twitter:data1\" content=\"2 minuti\" \/>\n<script type=\"application\/ld+json\" class=\"yoast-schema-graph\">{\"@context\":\"https:\/\/schema.org\",\"@graph\":[{\"@type\":\"WebPage\",\"@id\":\"https:\/\/lazale.com\/produkt\/lazale-2\/\",\"url\":\"https:\/\/lazale.com\/produkt\/lazale-2\/\",\"name\":\"Lazale 2er Pack: Dehnungsstreifen Creme f\u00fcr Frauen & M\u00e4nner.\",\"isPartOf\":{\"@id\":\"https:\/\/lazale.com\/pt\/#website\"},\"primaryImageOfPage\":{\"@id\":\"https:\/\/lazale.com\/produkt\/lazale-2\/#primaryimage\"},\"image\":{\"@id\":\"https:\/\/lazale.com\/produkt\/lazale-2\/#primaryimage\"},\"thumbnailUrl\":\"https:\/\/lazale.com\/wp-content\/uploads\/2023\/06\/Laz-0002.jpg\",\"datePublished\":\"2023-06-20T04:15:49+00:00\",\"dateModified\":\"2025-12-31T13:41:44+00:00\",\"description\":\"Lazale: Dehnungsstreifen Creme & Schwangerschaftsstreifen Creme. F\u00fcr Frauen und M\u00e4nner ohne Hormone! Hier bestellen. Neue st\u00e4rkere Formel.\",\"breadcrumb\":{\"@id\":\"https:\/\/lazale.com\/produkt\/lazale-2\/#breadcrumb\"},\"inLanguage\":\"sl-SI\",\"potentialAction\":[{\"@type\":\"ReadAction\",\"target\":[\"https:\/\/lazale.com\/produkt\/lazale-2\/\"]}]},{\"@type\":\"ImageObject\",\"inLanguage\":\"sl-SI\",\"@id\":\"https:\/\/lazale.com\/produkt\/lazale-2\/#primaryimage\",\"url\":\"https:\/\/lazale.com\/wp-content\/uploads\/2023\/06\/Laz-0002.jpg\",\"contentUrl\":\"https:\/\/lazale.com\/wp-content\/uploads\/2023\/06\/Laz-0002.jpg\",\"width\":1000,\"height\":1000,\"caption\":\"Lazale-Dehnungsstreifencreme\"},{\"@type\":\"BreadcrumbList\",\"@id\":\"https:\/\/lazale.com\/produkt\/lazale-2\/#breadcrumb\",\"itemListElement\":[{\"@type\":\"ListItem\",\"position\":1,\"name\":\"Home\",\"item\":\"https:\/\/lazale.com\/\"},{\"@type\":\"ListItem\",\"position\":2,\"name\":\"Shop\",\"item\":\"https:\/\/lazale.com\/en\/shop\/\"},{\"@type\":\"ListItem\",\"position\":3,\"name\":\"Lazale 2er Pack &#8211; Dehnungsstreifen Creme\"}]},{\"@type\":\"WebSite\",\"@id\":\"https:\/\/lazale.com\/pt\/#website\",\"url\":\"https:\/\/lazale.com\/pt\/\",\"name\":\"Lazale\",\"description\":\"Dehnungsstreifen Creme\",\"publisher\":{\"@id\":\"https:\/\/lazale.com\/pt\/#organization\"},\"potentialAction\":[{\"@type\":\"SearchAction\",\"target\":{\"@type\":\"EntryPoint\",\"urlTemplate\":\"https:\/\/lazale.com\/pt\/?s={search_term_string}\"},\"query-input\":{\"@type\":\"PropertyValueSpecification\",\"valueRequired\":true,\"valueName\":\"search_term_string\"}}],\"inLanguage\":\"sl-SI\"},{\"@type\":\"Organization\",\"@id\":\"https:\/\/lazale.com\/pt\/#organization\",\"name\":\"Lazale\",\"url\":\"https:\/\/lazale.com\/pt\/\",\"logo\":{\"@type\":\"ImageObject\",\"inLanguage\":\"sl-SI\",\"@id\":\"https:\/\/lazale.com\/pt\/#\/schema\/logo\/image\/\",\"url\":\"https:\/\/lazale.com\/wp-content\/uploads\/2021\/09\/cropped-LAZALE-LOGO.png\",\"contentUrl\":\"https:\/\/lazale.com\/wp-content\/uploads\/2021\/09\/cropped-LAZALE-LOGO.png\",\"width\":243,\"height\":78,\"caption\":\"Lazale\"},\"image\":{\"@id\":\"https:\/\/lazale.com\/pt\/#\/schema\/logo\/image\/\"}}]}<\/script>\n<!-- \/ Yoast SEO Premium plugin. -->","yoast_head_json":{"title":"Lazale: Krema proti Strijam za \u017eenske in mo\u0161ke.","description":"Lazale: Krema proti Strijam. Za \u017eenske in mo\u0161ke brez hormonov! Naro\u010dite tukaj. Nova mo\u010dnej\u0161a formula.","robots":{"index":"index","follow":"follow","max-snippet":"max-snippet:-1","max-image-preview":"max-image-preview:large","max-video-preview":"max-video-preview:-1"},"canonical":"https:\/\/lazale.com\/sl\/izdelek\/lazale-2\/","og_locale":"sl_SI","og_type":"article","og_title":"Lazale 2er Pack - Dehnungsstreifen Creme","og_description":"Lazale: Dehnungsstreifen Creme & Schwangerschaftsstreifen Creme. F\u00fcr Frauen und M\u00e4nner ohne Hormone! Hier bestellen. Neue st\u00e4rkere Formel.","og_url":"https:\/\/lazale.com\/sl\/izdelek\/lazale-2\/","og_site_name":"Lazale","article_modified_time":"2025-12-31T13:41:44+00:00","og_image":[{"width":1000,"height":1000,"url":"https:\/\/lazale.com\/wp-content\/uploads\/2023\/06\/Laz-0002.jpg","type":"image\/jpeg"}],"twitter_card":"summary_large_image","twitter_misc":{"Est. reading time":"2 minuti"},"schema":{"@context":"https:\/\/schema.org","@graph":[{"@type":"WebPage","@id":"https:\/\/lazale.com\/produkt\/lazale-2\/","url":"https:\/\/lazale.com\/produkt\/lazale-2\/","name":"Lazale: Krema proti Strijam za \u017eenske in mo\u0161ke.","isPartOf":{"@id":"https:\/\/lazale.com\/pt\/#website"},"primaryImageOfPage":{"@id":"https:\/\/lazale.com\/produkt\/lazale-2\/#primaryimage"},"image":{"@id":"https:\/\/lazale.com\/produkt\/lazale-2\/#primaryimage"},"thumbnailUrl":"https:\/\/lazale.com\/wp-content\/uploads\/2023\/06\/Laz-0002.jpg","datePublished":"2023-06-20T04:15:49+00:00","dateModified":"2025-12-31T13:41:44+00:00","description":"Lazale: Krema proti Strijam. Za \u017eenske in mo\u0161ke brez hormonov! Naro\u010dite tukaj. Nova mo\u010dnej\u0161a formula.","breadcrumb":{"@id":"https:\/\/lazale.com\/produkt\/lazale-2\/#breadcrumb"},"inLanguage":"sl-SI","potentialAction":[{"@type":"ReadAction","target":["https:\/\/lazale.com\/produkt\/lazale-2\/"]}]},{"@type":"ImageObject","inLanguage":"sl-SI","@id":"https:\/\/lazale.com\/produkt\/lazale-2\/#primaryimage","url":"https:\/\/lazale.com\/wp-content\/uploads\/2023\/06\/Laz-0002.jpg","contentUrl":"https:\/\/lazale.com\/wp-content\/uploads\/2023\/06\/Laz-0002.jpg","width":1000,"height":1000,"caption":"Lazale-Dehnungsstreifencreme"},{"@type":"BreadcrumbList","@id":"https:\/\/lazale.com\/produkt\/lazale-2\/#breadcrumb","itemListElement":[{"@type":"ListItem","position":1,"name":"Home","item":"https:\/\/lazale.com\/"},{"@type":"ListItem","position":2,"name":"Shop","item":"https:\/\/lazale.com\/en\/shop\/"},{"@type":"ListItem","position":3,"name":"Lazale 2er Pack &#8211; Dehnungsstreifen Creme"}]},{"@type":"WebSite","@id":"https:\/\/lazale.com\/pt\/#website","url":"https:\/\/lazale.com\/pt\/","name":"Lazale","description":"Krema proti Strijam","publisher":{"@id":"https:\/\/lazale.com\/pt\/#organization"},"potentialAction":[{"@type":"SearchAction","target":{"@type":"EntryPoint","urlTemplate":"https:\/\/lazale.com\/pt\/?s={search_term_string}"},"query-input":{"@type":"PropertyValueSpecification","valueRequired":true,"valueName":"search_term_string"}}],"inLanguage":"sl-SI"},{"@type":"Organization","@id":"https:\/\/lazale.com\/pt\/#organization","name":"Lazale","url":"https:\/\/lazale.com\/pt\/","logo":{"@type":"ImageObject","inLanguage":"sl-SI","@id":"https:\/\/lazale.com\/pt\/#\/schema\/logo\/image\/","url":"https:\/\/lazale.com\/wp-content\/uploads\/2021\/09\/cropped-LAZALE-LOGO.png","contentUrl":"https:\/\/lazale.com\/wp-content\/uploads\/2021\/09\/cropped-LAZALE-LOGO.png","width":243,"height":78,"caption":"Lazale"},"image":{"@id":"https:\/\/lazale.com\/pt\/#\/schema\/logo\/image\/"}}]}},"uagb_featured_image_src":{"full":["https:\/\/lazale.com\/wp-content\/uploads\/2023\/06\/Laz-0002.jpg",1000,1000,false],"thumbnail":["https:\/\/lazale.com\/wp-content\/uploads\/2023\/06\/Laz-0002-150x150.jpg",150,150,true],"medium":["https:\/\/lazale.com\/wp-content\/uploads\/2023\/06\/Laz-0002-300x300.jpg",300,300,true],"medium_large":["https:\/\/lazale.com\/wp-content\/uploads\/2023\/06\/Laz-0002-768x768.jpg",768,768,true],"large":["https:\/\/lazale.com\/wp-content\/uploads\/2023\/06\/Laz-0002.jpg",1000,1000,false],"1536x1536":["https:\/\/lazale.com\/wp-content\/uploads\/2023\/06\/Laz-0002.jpg",1000,1000,false],"2048x2048":["https:\/\/lazale.com\/wp-content\/uploads\/2023\/06\/Laz-0002.jpg",1000,1000,false],"trp-custom-language-flag":["https:\/\/lazale.com\/wp-content\/uploads\/2023\/06\/Laz-0002.jpg",12,12,false],"woocommerce_thumbnail":["https:\/\/lazale.com\/wp-content\/uploads\/2023\/06\/Laz-0002-300x300.jpg",300,300,true],"woocommerce_single":["https:\/\/lazale.com\/wp-content\/uploads\/2023\/06\/Laz-0002-600x600.jpg",600,600,true],"woocommerce_gallery_thumbnail":["https:\/\/lazale.com\/wp-content\/uploads\/2023\/06\/Laz-0002-100x100.jpg",100,100,true]},"uagb_author_info":{"display_name":"Kerem085","author_link":"https:\/\/lazale.com\/sl\/author\/kerem085\/"},"uagb_comment_info":0,"uagb_excerpt":"Lazale Creme gegen Dehnungsstreifen &amp; Schwangerschaftsstreifen. Neu: Liposomale Formulierung! Liposomal Fermentiert Ohne Hormone Vegan Dermatologisch getestet","featured_img":"https:\/\/lazale.com\/wp-content\/uploads\/2023\/06\/Laz-0002.jpg","coauthors":[],"author_meta":{"author_link":"https:\/\/lazale.com\/sl\/author\/kerem085\/","display_name":"Kerem085"},"relative_dates":{"created":"Posted 3 leta ago","modified":"Updated 3 meseci ago"},"absolute_dates":{"created":"Posted on 20 junija, 2023","modified":"Updated on 31 decembra, 2025"},"absolute_dates_time":{"created":"Posted on 20 junija, 2023 4:15 dop","modified":"Updated on 31 decembra, 2025 2:41 pop"},"featured_img_caption":"Lazale-Dehnungsstreifencreme","tax_additional":{"product_brand":{"linked":[],"unlinked":[],"slug":"product_brand","name":"Blagovne znamke"},"product_type":{"linked":["<a href=\"https:\/\/lazale.com\/sl\/?taxonomy=product_type&#038;term=simple\" class=\"advgb-post-tax-term\">simple<\/a>"],"unlinked":["<span class=\"advgb-post-tax-term\">simple<\/span>"],"slug":"product_type","name":"Vrsta izdelka"},"product_visibility":{"linked":[],"unlinked":[],"slug":"product_visibility","name":"Vidnost izdelka"},"product_cat":{"linked":["<a href=\"https:\/\/lazale.com\/sl\/kategorija-izdelka\/creme\/\" class=\"advgb-post-tax-term\">Creme<\/a>"],"unlinked":["<span class=\"advgb-post-tax-term\">Creme<\/span>"],"slug":"product_cat","name":"Kategorije izdelkov"},"product_tag":{"linked":[],"unlinked":[],"slug":"product_tag","name":"Oznake izdelkov"},"product_shipping_class":{"linked":[],"unlinked":[],"slug":"product_shipping_class","name":"Razredi dostave izdelkov"},"pa_brand":{"linked":[],"unlinked":[],"slug":"pa_brand","name":"Izdelek Marke"}},"series_order":"","_links":{"self":[{"href":"https:\/\/lazale.com\/sl\/wp-json\/wp\/v2\/product\/200","targetHints":{"allow":["GET"]}}],"collection":[{"href":"https:\/\/lazale.com\/sl\/wp-json\/wp\/v2\/product"}],"about":[{"href":"https:\/\/lazale.com\/sl\/wp-json\/wp\/v2\/types\/product"}],"wp:featuredmedia":[{"embeddable":true,"href":"https:\/\/lazale.com\/sl\/wp-json\/wp\/v2\/media\/201"}],"wp:attachment":[{"href":"https:\/\/lazale.com\/sl\/wp-json\/wp\/v2\/media?parent=200"}],"wp:term":[{"taxonomy":"product_brand","embeddable":true,"href":"https:\/\/lazale.com\/sl\/wp-json\/wp\/v2\/product_brand?post=200"},{"taxonomy":"product_cat","embeddable":true,"href":"https:\/\/lazale.com\/sl\/wp-json\/wp\/v2\/product_cat?post=200"},{"taxonomy":"product_tag","embeddable":true,"href":"https:\/\/lazale.com\/sl\/wp-json\/wp\/v2\/product_tag?post=200"}],"curies":[{"name":"wp","href":"https:\/\/api.w.org\/{rel}","templated":true}]}}