{"id":14,"date":"2021-09-27T05:24:00","date_gmt":"2021-09-27T05:24:00","guid":{"rendered":"https:\/\/lazale.com\/?page_id=14"},"modified":"2025-06-30T08:24:03","modified_gmt":"2025-06-30T06:24:03","slug":"agb","status":"publish","type":"page","link":"https:\/\/lazale.com\/sv\/agb\/","title":{"rendered":"GT&amp;C"},"content":{"rendered":"<p><strong>Allm\u00e4nna villkor och kundinformation<\/strong><\/p>\n\n\n\n<p>I. Allm\u00e4nna villkor<\/p>\n\n\n\n<p>1 \u00a7 Grundl\u00e4ggande best\u00e4mmelser<\/p>\n\n\n\n<p>(1) F\u00f6ljande villkor g\u00e4ller f\u00f6r alla avtal som du ing\u00e5r med oss som leverant\u00f6r (Lazale) via webbplatsen www.lazale.com. Om inte annat \u00f6verenskommits, mots\u00e4tter vi oss inf\u00f6randet av eventuella egna villkor som du kan anv\u00e4nda.<\/p>\n\n\n\n<p>(2) En konsument i den mening som avses i f\u00f6ljande best\u00e4mmelser \u00e4r en fysisk person som ing\u00e5r en r\u00e4ttshandling f\u00f6r \u00e4ndam\u00e5l som huvudsakligen varken kan h\u00e4nf\u00f6ras till hans eller hennes n\u00e4ringsverksamhet eller sj\u00e4lvst\u00e4ndiga yrkesut\u00f6vning. En f\u00f6retagare \u00e4r en fysisk eller juridisk person eller ett partnerskap med r\u00e4ttskapacitet som, n\u00e4r han eller hon ing\u00e5r en juridisk transaktion, agerar i ut\u00f6vandet av sin oberoende yrkesm\u00e4ssiga eller kommersiella verksamhet.<\/p>\n\n\n\n<p>\u00a7 2 Ing\u00e5ende av avtal<\/p>\n\n\n\n<p>(1) F\u00f6rem\u00e5let f\u00f6r avtalet \u00e4r f\u00f6rs\u00e4ljning av varor.<\/p>\n\n\n\n<p>(2) Genom att placera respektive produkt p\u00e5 v\u00e5r webbplats l\u00e4mnar vi ett bindande erbjudande till dig att ing\u00e5 ett avtal enligt de villkor som anges i artikelbeskrivningen.<\/p>\n\n\n\n<p>(3) Avtalet ing\u00e5s via online-korgsystemet enligt f\u00f6ljande:<br>De varor som \u00e4r avsedda att k\u00f6pas placeras i \"kundvagnen\". Du kan n\u00e4r som helst \u00f6ppna \"kundvagnen\" via motsvarande knapp i navigeringsf\u00e4ltet och g\u00f6ra \u00e4ndringar d\u00e4r.<br>Efter att du har \u00f6ppnat sidan \"Checkout\" och angett dina personuppgifter samt betalnings- och leveransvillkoren visas alla orderdata \u00e5terigen p\u00e5 sidan Order\u00f6versikt.<br>Om du anv\u00e4nder ett direktbetalningssystem (t.ex. PayPal \/ PayPal Express \/ PayPal Plus, Amazon Payments, Postpay, Sofort\u00fcberweisung) som betalningsmetod, kommer du antingen till sidan med order\u00f6versikten i v\u00e5r onlinebutik eller s\u00e5 omdirigeras du f\u00f6rst till webbplatsen f\u00f6r leverant\u00f6ren av direktbetalningssystemet.<br>Om du omdirigeras till respektive system f\u00f6r omedelbar betalning, g\u00f6r motsvarande val eller ange dina uppgifter d\u00e4r. Slutligen kommer du att omdirigeras tillbaka till v\u00e5r onlinebutik till sidan f\u00f6r order\u00f6versikt.<br>Innan du skickar best\u00e4llningen har du m\u00f6jlighet att kontrollera alla uppgifter igen, \u00e4ndra dem (\u00e4ven via webbl\u00e4sarens \"tillbaka\"-funktion) eller avbryta k\u00f6pet.<br>Genom att skicka best\u00e4llningen via knappen \"k\u00f6p nu\" f\u00f6rklarar du den juridiskt bindande acceptansen av erbjudandet, varigenom kontraktet ing\u00e5s.<\/p>\n\n\n\n<p>(4) Din beg\u00e4ran om uppr\u00e4ttande av ett erbjudande \u00e4r inte bindande f\u00f6r dig. Vi kommer att l\u00e4mna ett bindande erbjudande till dig i textform (t.ex. via e-post), som du kan acceptera inom 5 dagar.<\/p>\n\n\n\n<p>(5) Behandlingen av best\u00e4llningen och \u00f6verf\u00f6ringen av all information som kr\u00e4vs i samband med ing\u00e5endet av avtalet sker via e-post, delvis automatiskt. Du m\u00e5ste d\u00e4rf\u00f6r se till att den e-postadress som du har angett till oss \u00e4r korrekt, att mottagandet av e-postmeddelanden \u00e4r tekniskt garanterat och i synnerhet att det inte f\u00f6rhindras av SPAM-filter.<\/p>\n\n\n\n<p>\u00a7 3 Avtalets l\u00f6ptid \/ Upps\u00e4gning<\/p>\n\n\n\n<p>Om avtalet avser \u00e5terkommande\/permanenta tj\u00e4nster (abonnemang) ing\u00e5s avtalet p\u00e5 obest\u00e4md tid. Varje avtalspart har r\u00e4tt att s\u00e4ga upp avtalet utan upps\u00e4gningstid till n\u00e4sta leveransdatum utan att ange n\u00e5gra sk\u00e4l. R\u00e4tten till extraordin\u00e4r upps\u00e4gning av goda sk\u00e4l, i synnerhet upprepade brott mot de huvudsakliga avtalsf\u00f6rpliktelserna, ska f\u00f6rbli op\u00e5verkad.<\/p>\n\n\n\n<p>Upps\u00e4gningen kan g\u00f6ras i kundkontot via menyalternativet \"Prenumeration\" och d\u00e4r via \"Upps\u00e4gningsformul\u00e4r\" eller i textform (per post eller e-post).<\/p>\n\n\n\n<p>\u00a7 4 Retentionsr\u00e4tt, kvarh\u00e5llande av \u00e4gander\u00e4tt<\/p>\n\n\n\n<p>(1) Du f\u00e5r endast ut\u00f6va en retentionsr\u00e4tt i den m\u00e5n den avser fordringar fr\u00e5n samma avtalsf\u00f6rh\u00e5llande.<\/p>\n\n\n\n<p>(2) Varorna f\u00f6rblir v\u00e5r egendom tills k\u00f6peskillingen har betalats i sin helhet.<\/p>\n\n\n\n<p>\u00a7 5 Ansvar<\/p>\n\n\n\n<p>(1) Vi ansvarar i varje enskilt fall utan begr\u00e4nsning f\u00f6r skador som uppst\u00e5r till f\u00f6ljd av skada p\u00e5 liv, lem eller h\u00e4lsa. Dessutom ansvarar vi utan begr\u00e4nsning i alla fall av upps\u00e5t och grov v\u00e5rdsl\u00f6shet, i h\u00e4ndelse av bedr\u00e4gligt d\u00f6ljande av en defekt, i h\u00e4ndelse av antagande av en garanti f\u00f6r kvaliteten p\u00e5 k\u00f6pobjektet och i alla andra fall som regleras i lag.<\/p>\n\n\n\n<p>(2) Ansvaret f\u00f6r fel inom ramen f\u00f6r den lagstadgade garantin regleras av motsvarande best\u00e4mmelse i v\u00e5r kundinformation (del II).<\/p>\n\n\n\n<p>(3) I den m\u00e5n v\u00e4sentliga avtalsf\u00f6rpliktelser p\u00e5verkas ska v\u00e5rt ansvar f\u00f6r l\u00e4tt v\u00e5rdsl\u00f6shet begr\u00e4nsas till den f\u00f6rutsebara skada som \u00e4r typisk f\u00f6r avtalet. V\u00e4sentliga avtalsf\u00f6rpliktelser \u00e4r v\u00e4sentliga f\u00f6rpliktelser som h\u00e4rr\u00f6r fr\u00e5n avtalets natur och vars \u00f6vertr\u00e4delse skulle \u00e4ventyra uppn\u00e5endet av avtalets syfte samt skyldigheter som avtalet \u00e5l\u00e4gger oss enligt dess inneh\u00e5ll f\u00f6r uppn\u00e5endet av avtalets syfte, vars uppfyllande g\u00f6r det m\u00f6jligt att korrekt genomf\u00f6ra avtalet i f\u00f6rsta hand och \u00f6verensst\u00e4mmelse med vilken du regelbundet kan f\u00f6rlita dig p\u00e5.<\/p>\n\n\n\n<p>(4) Vid brott mot immateriella avtalsf\u00f6rpliktelser \u00e4r ansvar uteslutet vid l\u00e4tt oaktsamma \u00f6vertr\u00e4delser av f\u00f6rpliktelser.<\/p>\n\n\n\n<p>(5) Datakommunikation via Internet kan inte garanteras vara felfri och\/eller tillg\u00e4nglig vid alla tidpunkter enligt den aktuella tekniska utvecklingen. I detta avseende \u00e4r vi inte ansvariga f\u00f6r den st\u00e4ndiga eller oavbrutna tillg\u00e4ngligheten av webbplatsen och den tj\u00e4nst som erbjuds d\u00e4r.<\/p>\n\n\n\n<p>\u00a7 6 Lagval, fullg\u00f6relseort, domstolsland<\/p>\n\n\n\n<p>(1) Tysk lag skall till\u00e4mpas. F\u00f6r konsumenter g\u00e4ller detta lagval endast i den m\u00e5n det skydd som ges genom tvingande best\u00e4mmelser i lagen i den stat d\u00e4r konsumenten har sin vanliga vistelseort inte upph\u00e4vs till f\u00f6ljd av detta (f\u00f6rm\u00e5nlighetsprincipen).<\/p>\n\n\n\n<p>(2) Platsen f\u00f6r utf\u00f6rande av alla tj\u00e4nster som h\u00e4rr\u00f6r fr\u00e5n de aff\u00e4rsrelationer som finns med oss samt platsen f\u00f6r jurisdiktion \u00e4r v\u00e5rt s\u00e4te, s\u00e5vida du inte \u00e4r en konsument utan en n\u00e4ringsidkare, en juridisk person enligt offentlig r\u00e4tt eller en specialfond enligt offentlig r\u00e4tt. Detsamma g\u00e4ller om du inte har en allm\u00e4n domstolsort i Tyskland eller EU eller om din hemvist eller vanliga vistelseort \u00e4r ok\u00e4nd vid den tidpunkt d\u00e5 talan v\u00e4cks. R\u00e4tten att ocks\u00e5 v\u00e4cka talan vid domstol i en annan lagstadgad jurisdiktion p\u00e5verkas inte av detta.<\/p>\n\n\n\n<p>(3) Best\u00e4mmelserna i FN:s konvention ang\u00e5ende avtal om internationella k\u00f6p av varor ska uttryckligen inte g\u00e4lla.<\/p>\n\n\n\n<p>_______<\/p>\n\n\n\n<p>II. Kundinformation<\/p>\n\n\n\n<p>1. S\u00e4ljarens identitet.<\/p>\n\n\n\n<p>Lazru Cosmetics Trading L.L.C<br>NGI Building, Office 902-34<br>Port Saeed, Dubai, UAE<br>Register No. 1619334<br>USt-IdNr. DE351395187<br>PO Box \u2013 12887<\/p>\n\n\n\n<p>Europeiska kommissionen tillhandah\u00e5ller en plattform f\u00f6r tvistl\u00f6sning utanf\u00f6r domstol online (ODR-plattform), som kan n\u00e5s p\u00e5&nbsp;<a href=\"http:\/\/ec.europa.eu\/odr\" target=\"_blank\" rel=\"noreferrer noopener\">http:\/\/ec.europa.eu\/odr<\/a>.<\/p>\n\n\n\n<p>2. Information om ing\u00e5ende av avtalet.<\/p>\n\n\n\n<p>De tekniska stegen f\u00f6r ing\u00e5endet av avtalet, ing\u00e5endet av sj\u00e4lva avtalet och korrigeringsalternativen utf\u00f6rs i enlighet med \u00a7 2 i v\u00e5ra allm\u00e4nna villkor (del I.).<\/p>\n\n\n\n<p>3. Avtalsspr\u00e5k, lagring av avtalstext<\/p>\n\n\n\n<p>3.1 Avtalsspr\u00e5ket \u00e4r engelska.<\/p>\n\n\n\n<p>3.2 Den fullst\u00e4ndiga avtalstexten kommer inte att lagras av oss. Innan best\u00e4llningen skickas via online-korgsystemet kan avtalsuppgifterna skrivas ut eller sparas elektroniskt med hj\u00e4lp av webbl\u00e4sarens utskriftsfunktion. N\u00e4r best\u00e4llningen har mottagits av oss kommer best\u00e4llningsuppgifterna, den lagstadgade informationen f\u00f6r distansavtal och de allm\u00e4nna villkoren att skickas till dig igen via e-post.<\/p>\n\n\n\n<p>3.3 Vid offertf\u00f6rfr\u00e5gningar utanf\u00f6r online-korgsystemet f\u00e5r du alla avtalsuppgifter som en del av ett bindande erbjudande i textform, t.ex. via e-post, som du kan skriva ut eller spara elektroniskt.<\/p>\n\n\n\n<p>4. Varornas eller tj\u00e4nsternas v\u00e4sentliga egenskaper.<\/p>\n\n\n\n<p>De v\u00e4sentliga egenskaperna hos varorna och\/eller tj\u00e4nsterna framg\u00e5r av respektive erbjudande.<\/p>\n\n\n\n<p>5. Priser och betalningss\u00e4tt.<\/p>\n\n\n\n<p>5.1 De priser som anges i respektive erbjudande samt fraktkostnaderna utg\u00f6r totalpriser. De inkluderar alla priskomponenter inklusive alla till\u00e4mpliga skatter.<\/p>\n\n\n\n<p>5.2 De uppkomna fraktkostnaderna ing\u00e5r inte i ink\u00f6pspriset. De kan h\u00e4mtas via en motsvarande knapp p\u00e5 v\u00e5r webbplats eller i respektive erbjudande, visas separat under best\u00e4llningsprocessen och ska b\u00e4ras ytterligare av dig, s\u00e5vida inte gratis leverans har utlovats.<\/p>\n\n\n\n<p>5.3 De betalningsmetoder som \u00e4r tillg\u00e4ngliga f\u00f6r dig visas under en motsvarande knapp p\u00e5 v\u00e5r webbplats eller i respektive erbjudande.<\/p>\n\n\n\n<p>5.4 Om inte annat anges i de enskilda betalningss\u00e4tten f\u00f6rfaller betalningskraven som h\u00e4rr\u00f6r fr\u00e5n det ing\u00e5ngna avtalet till betalning omedelbart.<\/p>\n\n\n\n<p>6. Leveransvillkor<\/p>\n\n\n\n<p>6.1 Leveransvillkoren, leveransdatumet och eventuella befintliga leveransbegr\u00e4nsningar finns under en motsvarande knapp p\u00e5 v\u00e5r webbplats eller i respektive erbjudande.<\/p>\n\n\n\n<p>6.2 Om du \u00e4r konsument \u00e4r det reglerat i lag att risken f\u00f6r oavsiktlig f\u00f6rlust och oavsiktlig f\u00f6rs\u00e4mring av den s\u00e5lda varan under transporten \u00f6verg\u00e5r till dig f\u00f6rst vid \u00f6verl\u00e4mnandet av varan, oavsett om transporten \u00e4r f\u00f6rs\u00e4krad eller of\u00f6rs\u00e4krad. Detta g\u00e4ller inte om du sj\u00e4lvst\u00e4ndigt har gett ett transportf\u00f6retag som inte har namngivits av entrepren\u00f6ren eller en person som p\u00e5 annat s\u00e4tt har utsetts f\u00f6r att utf\u00f6ra transporten.<\/p>\n\n\n\n<p>7. Lagstadgat ansvar f\u00f6r fel<\/p>\n\n\n\n<p>7.1 De lagstadgade r\u00e4ttigheterna till ansvar f\u00f6r defekter g\u00e4ller.<\/p>\n\n\n\n<p>7.2 Som konsument uppmanas du att omedelbart efter leverans kontrollera att varan \u00e4r komplett, att den inte har n\u00e5gra uppenbara fel eller transportskador samt att s\u00e5 snart som m\u00f6jligt meddela oss och transport\u00f6ren om eventuella klagom\u00e5l. Om du inte f\u00f6ljer detta kommer det inte att ha n\u00e5gon effekt p\u00e5 dina lagstadgade garantianspr\u00e5k.<\/p>","protected":false},"excerpt":{"rendered":"<p>Allgemeine Gesch\u00e4ftsbedingungen und Kundeninformationen I. Allgemeine Gesch\u00e4ftsbedingungen \u00a7 1 Grundlegende Bestimmungen (1) Die nachstehenden Gesch\u00e4ftsbedingungen gelten f\u00fcr alle Vertr\u00e4ge, die Sie mit uns als Anbieter (Lazale) \u00fcber die Internetseite www.lazale.com schlie\u00dfen. Soweit nicht anders vereinbart, wird der Einbeziehung gegebenenfalls von Ihnen verwendeter eigener Bedingungen widersprochen. (2)&nbsp;Verbraucher im Sinne der nachstehenden Regelungen ist jede nat\u00fcrliche Person, [&hellip;]<\/p>","protected":false},"author":1,"featured_media":0,"parent":0,"menu_order":0,"comment_status":"closed","ping_status":"closed","template":"","meta":{"_uag_custom_page_level_css":"","advgb_blocks_editor_width":"","advgb_blocks_columns_visual_guide":"","site-sidebar-layout":"default","site-content-layout":"default","ast-site-content-layout":"default","site-content-style":"default","site-sidebar-style":"default","ast-global-header-display":"","ast-banner-title-visibility":"","ast-main-header-display":"","ast-hfb-above-header-display":"","ast-hfb-below-header-display":"","ast-hfb-mobile-header-display":"","site-post-title":"","ast-breadcrumbs-content":"","ast-featured-img":"","footer-sml-layout":"","ast-disable-related-posts":"","theme-transparent-header-meta":"default","adv-header-id-meta":"","stick-header-meta":"default","header-above-stick-meta":"","header-main-stick-meta":"","header-below-stick-meta":"","astra-migrate-meta-layouts":"set","ast-page-background-enabled":"default","ast-page-background-meta":{"desktop":{"background-color":"","background-image":"","background-repeat":"repeat","background-position":"center center","background-size":"auto","background-attachment":"scroll","background-type":"","background-media":"","overlay-type":"","overlay-color":"","overlay-opacity":"","overlay-gradient":""},"tablet":{"background-color":"","background-image":"","background-repeat":"repeat","background-position":"center center","background-size":"auto","background-attachment":"scroll","background-type":"","background-media":"","overlay-type":"","overlay-color":"","overlay-opacity":"","overlay-gradient":""},"mobile":{"background-color":"","background-image":"","background-repeat":"repeat","background-position":"center center","background-size":"auto","background-attachment":"scroll","background-type":"","background-media":"","overlay-type":"","overlay-color":"","overlay-opacity":"","overlay-gradient":""}},"ast-content-background-meta":{"desktop":{"background-color":"var(--ast-global-color-5)","background-image":"","background-repeat":"repeat","background-position":"center center","background-size":"auto","background-attachment":"scroll","background-type":"","background-media":"","overlay-type":"","overlay-color":"","overlay-opacity":"","overlay-gradient":""},"tablet":{"background-color":"var(--ast-global-color-5)","background-image":"","background-repeat":"repeat","background-position":"center center","background-size":"auto","background-attachment":"scroll","background-type":"","background-media":"","overlay-type":"","overlay-color":"","overlay-opacity":"","overlay-gradient":""},"mobile":{"background-color":"var(--ast-global-color-5)","background-image":"","background-repeat":"repeat","background-position":"center center","background-size":"auto","background-attachment":"scroll","background-type":"","background-media":"","overlay-type":"","overlay-color":"","overlay-opacity":"","overlay-gradient":""}},"footnotes":""},"class_list":["post-14","page","type-page","status-publish","hentry"],"yoast_head":"<!-- This site is optimized with the Yoast SEO Premium plugin v23.7 (Yoast SEO v26.6) - https:\/\/yoast.com\/wordpress\/plugins\/seo\/ -->\n<title>AGB - Lazale<\/title>\n<meta name=\"robots\" content=\"noindex, nofollow\" \/>\n<meta property=\"og:locale\" content=\"sv_SE\" \/>\n<meta property=\"og:type\" content=\"article\" \/>\n<meta property=\"og:title\" content=\"AGB\" \/>\n<meta property=\"og:description\" content=\"Allgemeine Gesch\u00e4ftsbedingungen und Kundeninformationen I. Allgemeine Gesch\u00e4ftsbedingungen \u00a7 1 Grundlegende Bestimmungen (1) Die nachstehenden Gesch\u00e4ftsbedingungen gelten f\u00fcr alle Vertr\u00e4ge, die Sie mit uns als Anbieter (Lazale) \u00fcber die Internetseite www.lazale.com schlie\u00dfen. Soweit nicht anders vereinbart, wird der Einbeziehung gegebenenfalls von Ihnen verwendeter eigener Bedingungen widersprochen. (2)&nbsp;Verbraucher im Sinne der nachstehenden Regelungen ist jede nat\u00fcrliche Person, [&hellip;]\" \/>\n<meta property=\"og:url\" content=\"https:\/\/lazale.com\/sv\/agb\/\" \/>\n<meta property=\"og:site_name\" content=\"Lazale\" \/>\n<meta property=\"article:modified_time\" content=\"2025-06-30T06:24:03+00:00\" \/>\n<meta name=\"twitter:card\" content=\"summary_large_image\" \/>\n<meta name=\"twitter:label1\" content=\"Ber\u00e4knad l\u00e4stid\" \/>\n\t<meta name=\"twitter:data1\" content=\"8 minuter\" \/>\n<script type=\"application\/ld+json\" class=\"yoast-schema-graph\">{\"@context\":\"https:\/\/schema.org\",\"@graph\":[{\"@type\":\"WebPage\",\"@id\":\"https:\/\/lazale.com\/de\/agb\/\",\"url\":\"https:\/\/lazale.com\/de\/agb\/\",\"name\":\"AGB - Lazale\",\"isPartOf\":{\"@id\":\"https:\/\/lazale.com\/pt\/#website\"},\"datePublished\":\"2021-09-27T05:24:00+00:00\",\"dateModified\":\"2025-06-30T06:24:03+00:00\",\"breadcrumb\":{\"@id\":\"https:\/\/lazale.com\/de\/agb\/#breadcrumb\"},\"inLanguage\":\"sv-SE\",\"potentialAction\":[{\"@type\":\"ReadAction\",\"target\":[\"https:\/\/lazale.com\/de\/agb\/\"]}]},{\"@type\":\"BreadcrumbList\",\"@id\":\"https:\/\/lazale.com\/de\/agb\/#breadcrumb\",\"itemListElement\":[{\"@type\":\"ListItem\",\"position\":1,\"name\":\"Home\",\"item\":\"https:\/\/lazale.com\/\"},{\"@type\":\"ListItem\",\"position\":2,\"name\":\"AGB\"}]},{\"@type\":\"WebSite\",\"@id\":\"https:\/\/lazale.com\/pt\/#website\",\"url\":\"https:\/\/lazale.com\/pt\/\",\"name\":\"Lazale\",\"description\":\"Dehnungsstreifen Creme\",\"publisher\":{\"@id\":\"https:\/\/lazale.com\/pt\/#organization\"},\"potentialAction\":[{\"@type\":\"SearchAction\",\"target\":{\"@type\":\"EntryPoint\",\"urlTemplate\":\"https:\/\/lazale.com\/pt\/?s={search_term_string}\"},\"query-input\":{\"@type\":\"PropertyValueSpecification\",\"valueRequired\":true,\"valueName\":\"search_term_string\"}}],\"inLanguage\":\"sv-SE\"},{\"@type\":\"Organization\",\"@id\":\"https:\/\/lazale.com\/pt\/#organization\",\"name\":\"Lazale\",\"url\":\"https:\/\/lazale.com\/pt\/\",\"logo\":{\"@type\":\"ImageObject\",\"inLanguage\":\"sv-SE\",\"@id\":\"https:\/\/lazale.com\/pt\/#\/schema\/logo\/image\/\",\"url\":\"https:\/\/lazale.com\/wp-content\/uploads\/2021\/09\/cropped-LAZALE-LOGO.png\",\"contentUrl\":\"https:\/\/lazale.com\/wp-content\/uploads\/2021\/09\/cropped-LAZALE-LOGO.png\",\"width\":243,\"height\":78,\"caption\":\"Lazale\"},\"image\":{\"@id\":\"https:\/\/lazale.com\/pt\/#\/schema\/logo\/image\/\"}}]}<\/script>\n<!-- \/ Yoast SEO Premium plugin. -->","yoast_head_json":{"title":"AGB - Lazale","robots":{"index":"noindex","follow":"nofollow"},"og_locale":"sv_SE","og_type":"article","og_title":"AGB","og_description":"Allgemeine Gesch\u00e4ftsbedingungen und Kundeninformationen I. Allgemeine Gesch\u00e4ftsbedingungen \u00a7 1 Grundlegende Bestimmungen (1) Die nachstehenden Gesch\u00e4ftsbedingungen gelten f\u00fcr alle Vertr\u00e4ge, die Sie mit uns als Anbieter (Lazale) \u00fcber die Internetseite www.lazale.com schlie\u00dfen. Soweit nicht anders vereinbart, wird der Einbeziehung gegebenenfalls von Ihnen verwendeter eigener Bedingungen widersprochen. (2)&nbsp;Verbraucher im Sinne der nachstehenden Regelungen ist jede nat\u00fcrliche Person, [&hellip;]","og_url":"https:\/\/lazale.com\/sv\/agb\/","og_site_name":"Lazale","article_modified_time":"2025-06-30T06:24:03+00:00","twitter_card":"summary_large_image","twitter_misc":{"Ber\u00e4knad l\u00e4stid":"8 minuter"},"schema":{"@context":"https:\/\/schema.org","@graph":[{"@type":"WebPage","@id":"https:\/\/lazale.com\/de\/agb\/","url":"https:\/\/lazale.com\/de\/agb\/","name":"AGB - Lazale","isPartOf":{"@id":"https:\/\/lazale.com\/pt\/#website"},"datePublished":"2021-09-27T05:24:00+00:00","dateModified":"2025-06-30T06:24:03+00:00","breadcrumb":{"@id":"https:\/\/lazale.com\/de\/agb\/#breadcrumb"},"inLanguage":"sv-SE","potentialAction":[{"@type":"ReadAction","target":["https:\/\/lazale.com\/de\/agb\/"]}]},{"@type":"BreadcrumbList","@id":"https:\/\/lazale.com\/de\/agb\/#breadcrumb","itemListElement":[{"@type":"ListItem","position":1,"name":"Home","item":"https:\/\/lazale.com\/"},{"@type":"ListItem","position":2,"name":"AGB"}]},{"@type":"WebSite","@id":"https:\/\/lazale.com\/pt\/#website","url":"https:\/\/lazale.com\/pt\/","name":"Lazale","description":"Kr\u00e4m mot Bristningar","publisher":{"@id":"https:\/\/lazale.com\/pt\/#organization"},"potentialAction":[{"@type":"SearchAction","target":{"@type":"EntryPoint","urlTemplate":"https:\/\/lazale.com\/pt\/?s={search_term_string}"},"query-input":{"@type":"PropertyValueSpecification","valueRequired":true,"valueName":"search_term_string"}}],"inLanguage":"sv-SE"},{"@type":"Organization","@id":"https:\/\/lazale.com\/pt\/#organization","name":"Lazale","url":"https:\/\/lazale.com\/pt\/","logo":{"@type":"ImageObject","inLanguage":"sv-SE","@id":"https:\/\/lazale.com\/pt\/#\/schema\/logo\/image\/","url":"https:\/\/lazale.com\/wp-content\/uploads\/2021\/09\/cropped-LAZALE-LOGO.png","contentUrl":"https:\/\/lazale.com\/wp-content\/uploads\/2021\/09\/cropped-LAZALE-LOGO.png","width":243,"height":78,"caption":"Lazale"},"image":{"@id":"https:\/\/lazale.com\/pt\/#\/schema\/logo\/image\/"}}]}},"uagb_featured_image_src":{"full":false,"thumbnail":false,"medium":false,"medium_large":false,"large":false,"1536x1536":false,"2048x2048":false,"trp-custom-language-flag":false,"woocommerce_thumbnail":false,"woocommerce_single":false,"woocommerce_gallery_thumbnail":false},"uagb_author_info":{"display_name":"Kerem085","author_link":"https:\/\/lazale.com\/sv\/author\/kerem085\/"},"uagb_comment_info":0,"uagb_excerpt":"Allgemeine Gesch\u00e4ftsbedingungen und Kundeninformationen I. Allgemeine Gesch\u00e4ftsbedingungen \u00a7 1 Grundlegende Bestimmungen (1) Die nachstehenden Gesch\u00e4ftsbedingungen gelten f\u00fcr alle Vertr\u00e4ge, die Sie mit uns als Anbieter (Lazale) \u00fcber die Internetseite www.lazale.com schlie\u00dfen. Soweit nicht anders vereinbart, wird der Einbeziehung gegebenenfalls von Ihnen verwendeter eigener Bedingungen widersprochen. (2)&nbsp;Verbraucher im Sinne der nachstehenden Regelungen ist jede nat\u00fcrliche Person,&hellip;","coauthors":[],"author_meta":{"author_link":"https:\/\/lazale.com\/sv\/author\/kerem085\/","display_name":"Kerem085"},"relative_dates":{"created":"Publicerad 5 \u00e5r sedan","modified":"Uppdaterad 9 m\u00e5nader sedan"},"absolute_dates":{"created":"Publicerat den september 27, 2021","modified":"Uppdaterad den juni 30, 2025"},"absolute_dates_time":{"created":"Publicerat den september 27, 2021 5:24 f m","modified":"Uppdaterad den juni 30, 2025 8:24 f m"},"featured_img_caption":"","featured_img":false,"series_order":"","_links":{"self":[{"href":"https:\/\/lazale.com\/sv\/wp-json\/wp\/v2\/pages\/14","targetHints":{"allow":["GET"]}}],"collection":[{"href":"https:\/\/lazale.com\/sv\/wp-json\/wp\/v2\/pages"}],"about":[{"href":"https:\/\/lazale.com\/sv\/wp-json\/wp\/v2\/types\/page"}],"author":[{"embeddable":true,"href":"https:\/\/lazale.com\/sv\/wp-json\/wp\/v2\/users\/1"}],"replies":[{"embeddable":true,"href":"https:\/\/lazale.com\/sv\/wp-json\/wp\/v2\/comments?post=14"}],"version-history":[{"count":7,"href":"https:\/\/lazale.com\/sv\/wp-json\/wp\/v2\/pages\/14\/revisions"}],"predecessor-version":[{"id":3465,"href":"https:\/\/lazale.com\/sv\/wp-json\/wp\/v2\/pages\/14\/revisions\/3465"}],"wp:attachment":[{"href":"https:\/\/lazale.com\/sv\/wp-json\/wp\/v2\/media?parent=14"}],"curies":[{"name":"wp","href":"https:\/\/api.w.org\/{rel}","templated":true}]}}