{"id":15,"date":"2021-09-27T05:24:00","date_gmt":"2021-09-27T05:24:00","guid":{"rendered":"https:\/\/lazale.com\/?page_id=15"},"modified":"2025-06-30T08:23:37","modified_gmt":"2025-06-30T06:23:37","slug":"widerrufsrecht","status":"publish","type":"page","link":"https:\/\/lazale.com\/sv\/widerrufsrecht\/","title":{"rendered":"\u00c5ngerr\u00e4tt"},"content":{"rendered":"<p><strong>\u00c5ngerr\u00e4tt f\u00f6r konsumenter<\/strong><\/p>\n\n\n\n<p>En konsument \u00e4r en fysisk person som ing\u00e5r en r\u00e4ttshandling f\u00f6r \u00e4ndam\u00e5l som huvudsakligen varken kan h\u00e4nf\u00f6ras till hans eller hennes n\u00e4ringsverksamhet eller till hans eller hennes sj\u00e4lvst\u00e4ndiga yrkesut\u00f6vning.<\/p>\n\n\n\n<p><strong>Avbokningsregler Lazale<\/strong><\/p>\n\n\n\n<p><strong>\u00c5ngerr\u00e4tt<\/strong><\/p>\n\n\n\n<p>Du har r\u00e4tt att s\u00e4ga upp detta avtal inom fjorton dagar. \u00c5ngerfristen \u00e4r fjorton dagar fr\u00e5n den dag d\u00e5 du eller en av dig angiven tredje part, som inte \u00e4r transport\u00f6r, har tagit varorna i besittning, f\u00f6rutsatt att du har best\u00e4llt en eller flera varor som en del av en enda best\u00e4llning och dessa levereras eller kommer att levereras enhetligt.<\/p>\n\n\n\n<p>Om parterna inte har kommit \u00f6verens om n\u00e5got annat g\u00e4ller inte \u00e5ngerr\u00e4tten f\u00f6r f\u00f6ljande avtal:<\/p>\n\n\n\n<p>Avtal om leverans av varor som snabbt kan f\u00f6rst\u00f6ras eller vars utg\u00e5ngsdatum snabbt skulle \u00f6verskridas,<\/p>\n\n\n\n<p>Avtal om leverans av f\u00f6rseglade varor som av h\u00e4lsoskydds- eller hygiensk\u00e4l inte \u00e4r l\u00e4mpliga att returneras om f\u00f6rseglingen har avl\u00e4gsnats efter leveransen.<\/p>\n\n\n\n<p>F\u00f6r att ut\u00f6va din \u00e5ngerr\u00e4tt m\u00e5ste du informera oss om ditt beslut att fr\u00e5ntr\u00e4da detta avtal genom en tydlig f\u00f6rklaring (t.ex. ett brev som skickas per post, fax eller e-post). Du kan anv\u00e4nda den bifogade \u00e5ngerblanketten f\u00f6r detta \u00e4ndam\u00e5l, vilket dock inte \u00e4r obligatoriskt.<\/p>\n\n\n\n<p>F\u00f6r att f\u00f6lja \u00e5ngerfristen \u00e4r det tillr\u00e4ckligt att du skickar meddelandet om ut\u00f6vandet av \u00e5ngerr\u00e4tten f\u00f6re utg\u00e5ngen av \u00e5ngerfristen.<\/p>\n\n\n\n<p>\u00c5terkallelsen skall st\u00e4llas till<\/p>\n\n\n\n<p>Lazru Cosmetics Trading L.L.C<br>NGI Building, Office 902-34<br>Port Saeed, Dubai, UAE<br>Register No. 1619334<br>USt-IdNr. DE351395187<br>PO Box \u2013 12887<\/p>\n\n\n\n<p>EU Responsible:<br>Sypura GmbH<br>Leopoldstr. 31<br>80802 Munich<br>Germany<\/p>\n\n\n\n<p><strong>Leveransadress nedan.<\/strong><\/p>\n\n\n\n<p><strong>Konsekvenser av \u00e5terkallelse<\/strong><\/p>\n\n\n\n<p>Om du fr\u00e5ntr\u00e4der detta avtal m\u00e5ste vi \u00e5terbetala alla betalningar som vi har mottagit fr\u00e5n dig, inklusive leveranskostnaderna (med undantag f\u00f6r de extra kostnader som uppst\u00e5r till f\u00f6ljd av att du har valt en annan typ av leverans \u00e4n den billigaste standardleveransen som erbjuds av oss), utan dr\u00f6jsm\u00e5l och senast inom fjorton dagar fr\u00e5n den dag d\u00e5 vi mottog meddelandet om att du fr\u00e5ntr\u00e4der detta avtal. F\u00f6r denna \u00e5terbetalning kommer vi att anv\u00e4nda samma betalningsmedel som du anv\u00e4nde f\u00f6r den ursprungliga transaktionen, s\u00e5vida inte annat uttryckligen \u00f6verenskommits med dig; under inga omst\u00e4ndigheter kommer du att debiteras f\u00f6r denna \u00e5terbetalning.<\/p>\n\n\n\n<p>Vi kan v\u00e4gra \u00e5terbetalning tills vi har f\u00e5tt tillbaka varorna eller tills du har l\u00e4mnat bevis p\u00e5 att du har returnerat varorna, beroende p\u00e5 vilket som intr\u00e4ffar f\u00f6rst.<\/p>\n\n\n\n<p><strong>Avkastning<\/strong><\/p>\n\n\n\n<p>Du m\u00e5ste returnera eller \u00f6verl\u00e4mna varorna till oss utan dr\u00f6jsm\u00e5l och under alla omst\u00e4ndigheter senast fjorton dagar fr\u00e5n den dag d\u00e5 du meddelar oss om h\u00e4vningen av detta avtal. Tidsfristen \u00e4r uppfylld om du skickar varorna f\u00f6re utg\u00e5ngen av perioden p\u00e5 fjorton dagar.<\/p>\n\n\n\n<p>Du skall b\u00e4ra de direkta kostnaderna f\u00f6r att returnera varorna.<\/p>\n\n\n\n<p>Du beh\u00f6ver bara betala f\u00f6r eventuell v\u00e4rdeminskning av varorna om v\u00e4rdeminskningen beror p\u00e5 hantering av varorna som inte \u00e4r n\u00f6dv\u00e4ndig f\u00f6r att testa varornas kvalitet, egenskaper och funktion.<\/p>\n\n\n\n<hr class=\"wp-block-separator has-css-opacity\"\/>\n\n\n\n<p><strong>Exempel p\u00e5 annulleringsformul\u00e4r<\/strong><\/p>\n\n\n\n<p>Om du vill h\u00e4va avtalet, v\u00e4nligen fyll i och returnera detta formul\u00e4r.<br><strong>\u00c5ngerr\u00e4tten g\u00e4ller inte f\u00f6r begagnade hygienartiklar.<\/strong><\/p>\n\n\n\n<p>1. Aterv\u00e4nda till:<\/p>\n\n\n\n<p>VDS - Frakt- och datatj\u00e4nster <br>c\/o Alaiko GmbH <br>Siemensstra\u00dfe 14<br>D-37412 Herzberg am Harz<br>Germany<br><br>E-post: info@lazale.com<\/p>\n\n\n\n<p>2. Jag\/vi \u00e5terkallar h\u00e4rmed det avtal som ing\u00e5tts av mig\/oss om k\u00f6p av f\u00f6ljande varor\/tillhandah\u00e5llande av f\u00f6ljande tj\u00e4nster<br>Tj\u00e4nst (bifoga fakturakopia vid behov)<br>Best\u00e4llningsnummer: ..........................................<br>Varans kvantitet \/ namn: ...........................<br>K\u00f6peskilling: ...................................................<br>Redan anv\u00e4nd? \u00c5ngerr\u00e4tten g\u00e4ller inte f\u00f6r begagnade hygienartiklar.<\/p>\n\n\n\n<p>3. Best\u00e4lld p\u00e5: ........................<\/p>\n\n\n\n<p>4. Anledning: .............................................<\/p>\n\n\n\n<p>5. Mottagen p\u00e5: ........................<\/p>\n\n\n\n<p>6. Konsumentens namn och adress: ......<br>Kundnummer: ........................................<br>F\u00f6r- och efternamn: .................................<br>Gata: .......................................................<br>Postnummer och stad: ..................................................<\/p>\n\n\n\n<p>7. Plats, datum och signatur kund:<br>&#8230;&#8230;&#8230;&#8230;&#8230;&#8230;&#8230;&#8230;&#8230;&#8230;&#8230;&#8230;&#8230;&#8230;&#8230;&#8230;&#8230;.<\/p>","protected":false},"excerpt":{"rendered":"<p>Widerrufsrecht f\u00fcr Verbraucher Verbraucher ist jede nat\u00fcrliche Person, die ein Rechtsgesch\u00e4ft zu Zwecken abschlie\u00dft, die \u00fcberwiegend weder ihrer gewerblichen noch ihrer selbstst\u00e4ndigen beruflichen T\u00e4tigkeit zugerechnet werden kann. Widerrufsbelehrung Lazale Widerrufsrecht Sie haben das Recht, binnen vierzehn Tagen diesen Vertrag zu widerrufen. Die Widerrufsfrist betr\u00e4gt vierzehn Tage ab dem Tag, an dem Sie oder ein von [&hellip;]<\/p>","protected":false},"author":1,"featured_media":0,"parent":0,"menu_order":0,"comment_status":"closed","ping_status":"closed","template":"","meta":{"_uag_custom_page_level_css":"","advgb_blocks_editor_width":"","advgb_blocks_columns_visual_guide":"","site-sidebar-layout":"default","site-content-layout":"default","ast-site-content-layout":"default","site-content-style":"default","site-sidebar-style":"default","ast-global-header-display":"","ast-banner-title-visibility":"","ast-main-header-display":"","ast-hfb-above-header-display":"","ast-hfb-below-header-display":"","ast-hfb-mobile-header-display":"","site-post-title":"","ast-breadcrumbs-content":"","ast-featured-img":"","footer-sml-layout":"","ast-disable-related-posts":"","theme-transparent-header-meta":"default","adv-header-id-meta":"","stick-header-meta":"default","header-above-stick-meta":"","header-main-stick-meta":"","header-below-stick-meta":"","astra-migrate-meta-layouts":"set","ast-page-background-enabled":"default","ast-page-background-meta":{"desktop":{"background-color":"","background-image":"","background-repeat":"repeat","background-position":"center center","background-size":"auto","background-attachment":"scroll","background-type":"","background-media":"","overlay-type":"","overlay-color":"","overlay-opacity":"","overlay-gradient":""},"tablet":{"background-color":"","background-image":"","background-repeat":"repeat","background-position":"center center","background-size":"auto","background-attachment":"scroll","background-type":"","background-media":"","overlay-type":"","overlay-color":"","overlay-opacity":"","overlay-gradient":""},"mobile":{"background-color":"","background-image":"","background-repeat":"repeat","background-position":"center center","background-size":"auto","background-attachment":"scroll","background-type":"","background-media":"","overlay-type":"","overlay-color":"","overlay-opacity":"","overlay-gradient":""}},"ast-content-background-meta":{"desktop":{"background-color":"var(--ast-global-color-5)","background-image":"","background-repeat":"repeat","background-position":"center center","background-size":"auto","background-attachment":"scroll","background-type":"","background-media":"","overlay-type":"","overlay-color":"","overlay-opacity":"","overlay-gradient":""},"tablet":{"background-color":"var(--ast-global-color-5)","background-image":"","background-repeat":"repeat","background-position":"center center","background-size":"auto","background-attachment":"scroll","background-type":"","background-media":"","overlay-type":"","overlay-color":"","overlay-opacity":"","overlay-gradient":""},"mobile":{"background-color":"var(--ast-global-color-5)","background-image":"","background-repeat":"repeat","background-position":"center center","background-size":"auto","background-attachment":"scroll","background-type":"","background-media":"","overlay-type":"","overlay-color":"","overlay-opacity":"","overlay-gradient":""}},"footnotes":""},"class_list":["post-15","page","type-page","status-publish","hentry"],"yoast_head":"<!-- This site is optimized with the Yoast SEO Premium plugin v23.7 (Yoast SEO v26.6) - https:\/\/yoast.com\/wordpress\/plugins\/seo\/ -->\n<title>Widerrufsrecht - Lazale<\/title>\n<meta name=\"robots\" content=\"noindex, nofollow\" \/>\n<meta property=\"og:locale\" content=\"sv_SE\" \/>\n<meta property=\"og:type\" content=\"article\" \/>\n<meta property=\"og:title\" content=\"Widerrufsrecht\" \/>\n<meta property=\"og:description\" content=\"Widerrufsrecht f\u00fcr Verbraucher Verbraucher ist jede nat\u00fcrliche Person, die ein Rechtsgesch\u00e4ft zu Zwecken abschlie\u00dft, die \u00fcberwiegend weder ihrer gewerblichen noch ihrer selbstst\u00e4ndigen beruflichen T\u00e4tigkeit zugerechnet werden kann. Widerrufsbelehrung Lazale Widerrufsrecht Sie haben das Recht, binnen vierzehn Tagen diesen Vertrag zu widerrufen. Die Widerrufsfrist betr\u00e4gt vierzehn Tage ab dem Tag, an dem Sie oder ein von [&hellip;]\" \/>\n<meta property=\"og:url\" content=\"https:\/\/lazale.com\/sv\/angrerett\/\" \/>\n<meta property=\"og:site_name\" content=\"Lazale\" \/>\n<meta property=\"article:modified_time\" content=\"2025-06-30T06:23:37+00:00\" \/>\n<meta name=\"twitter:card\" content=\"summary_large_image\" \/>\n<meta name=\"twitter:label1\" content=\"Ber\u00e4knad l\u00e4stid\" \/>\n\t<meta name=\"twitter:data1\" content=\"4 minuter\" \/>\n<script type=\"application\/ld+json\" class=\"yoast-schema-graph\">{\"@context\":\"https:\/\/schema.org\",\"@graph\":[{\"@type\":\"WebPage\",\"@id\":\"https:\/\/lazale.com\/nb\/angrerett\/\",\"url\":\"https:\/\/lazale.com\/nb\/angrerett\/\",\"name\":\"Widerrufsrecht - Lazale\",\"isPartOf\":{\"@id\":\"https:\/\/lazale.com\/pt\/#website\"},\"datePublished\":\"2021-09-27T05:24:00+00:00\",\"dateModified\":\"2025-06-30T06:23:37+00:00\",\"breadcrumb\":{\"@id\":\"https:\/\/lazale.com\/nb\/angrerett\/#breadcrumb\"},\"inLanguage\":\"sv-SE\",\"potentialAction\":[{\"@type\":\"ReadAction\",\"target\":[\"https:\/\/lazale.com\/nb\/angrerett\/\"]}]},{\"@type\":\"BreadcrumbList\",\"@id\":\"https:\/\/lazale.com\/nb\/angrerett\/#breadcrumb\",\"itemListElement\":[{\"@type\":\"ListItem\",\"position\":1,\"name\":\"Home\",\"item\":\"https:\/\/lazale.com\/\"},{\"@type\":\"ListItem\",\"position\":2,\"name\":\"Widerrufsrecht\"}]},{\"@type\":\"WebSite\",\"@id\":\"https:\/\/lazale.com\/pt\/#website\",\"url\":\"https:\/\/lazale.com\/pt\/\",\"name\":\"Lazale\",\"description\":\"Dehnungsstreifen Creme\",\"publisher\":{\"@id\":\"https:\/\/lazale.com\/pt\/#organization\"},\"potentialAction\":[{\"@type\":\"SearchAction\",\"target\":{\"@type\":\"EntryPoint\",\"urlTemplate\":\"https:\/\/lazale.com\/pt\/?s={search_term_string}\"},\"query-input\":{\"@type\":\"PropertyValueSpecification\",\"valueRequired\":true,\"valueName\":\"search_term_string\"}}],\"inLanguage\":\"sv-SE\"},{\"@type\":\"Organization\",\"@id\":\"https:\/\/lazale.com\/pt\/#organization\",\"name\":\"Lazale\",\"url\":\"https:\/\/lazale.com\/pt\/\",\"logo\":{\"@type\":\"ImageObject\",\"inLanguage\":\"sv-SE\",\"@id\":\"https:\/\/lazale.com\/pt\/#\/schema\/logo\/image\/\",\"url\":\"https:\/\/lazale.com\/wp-content\/uploads\/2021\/09\/cropped-LAZALE-LOGO.png\",\"contentUrl\":\"https:\/\/lazale.com\/wp-content\/uploads\/2021\/09\/cropped-LAZALE-LOGO.png\",\"width\":243,\"height\":78,\"caption\":\"Lazale\"},\"image\":{\"@id\":\"https:\/\/lazale.com\/pt\/#\/schema\/logo\/image\/\"}}]}<\/script>\n<!-- \/ Yoast SEO Premium plugin. -->","yoast_head_json":{"title":"\u00c5ngerr\u00e4tt - Lazale","robots":{"index":"noindex","follow":"nofollow"},"og_locale":"sv_SE","og_type":"article","og_title":"Widerrufsrecht","og_description":"Widerrufsrecht f\u00fcr Verbraucher Verbraucher ist jede nat\u00fcrliche Person, die ein Rechtsgesch\u00e4ft zu Zwecken abschlie\u00dft, die \u00fcberwiegend weder ihrer gewerblichen noch ihrer selbstst\u00e4ndigen beruflichen T\u00e4tigkeit zugerechnet werden kann. Widerrufsbelehrung Lazale Widerrufsrecht Sie haben das Recht, binnen vierzehn Tagen diesen Vertrag zu widerrufen. Die Widerrufsfrist betr\u00e4gt vierzehn Tage ab dem Tag, an dem Sie oder ein von [&hellip;]","og_url":"https:\/\/lazale.com\/sv\/angrerett\/","og_site_name":"Lazale","article_modified_time":"2025-06-30T06:23:37+00:00","twitter_card":"summary_large_image","twitter_misc":{"Ber\u00e4knad l\u00e4stid":"4 minuter"},"schema":{"@context":"https:\/\/schema.org","@graph":[{"@type":"WebPage","@id":"https:\/\/lazale.com\/nb\/angrerett\/","url":"https:\/\/lazale.com\/nb\/angrerett\/","name":"\u00c5ngerr\u00e4tt - Lazale","isPartOf":{"@id":"https:\/\/lazale.com\/pt\/#website"},"datePublished":"2021-09-27T05:24:00+00:00","dateModified":"2025-06-30T06:23:37+00:00","breadcrumb":{"@id":"https:\/\/lazale.com\/nb\/angrerett\/#breadcrumb"},"inLanguage":"sv-SE","potentialAction":[{"@type":"ReadAction","target":["https:\/\/lazale.com\/nb\/angrerett\/"]}]},{"@type":"BreadcrumbList","@id":"https:\/\/lazale.com\/nb\/angrerett\/#breadcrumb","itemListElement":[{"@type":"ListItem","position":1,"name":"Home","item":"https:\/\/lazale.com\/"},{"@type":"ListItem","position":2,"name":"Widerrufsrecht"}]},{"@type":"WebSite","@id":"https:\/\/lazale.com\/pt\/#website","url":"https:\/\/lazale.com\/pt\/","name":"Lazale","description":"Kr\u00e4m mot Bristningar","publisher":{"@id":"https:\/\/lazale.com\/pt\/#organization"},"potentialAction":[{"@type":"SearchAction","target":{"@type":"EntryPoint","urlTemplate":"https:\/\/lazale.com\/pt\/?s={search_term_string}"},"query-input":{"@type":"PropertyValueSpecification","valueRequired":true,"valueName":"search_term_string"}}],"inLanguage":"sv-SE"},{"@type":"Organization","@id":"https:\/\/lazale.com\/pt\/#organization","name":"Lazale","url":"https:\/\/lazale.com\/pt\/","logo":{"@type":"ImageObject","inLanguage":"sv-SE","@id":"https:\/\/lazale.com\/pt\/#\/schema\/logo\/image\/","url":"https:\/\/lazale.com\/wp-content\/uploads\/2021\/09\/cropped-LAZALE-LOGO.png","contentUrl":"https:\/\/lazale.com\/wp-content\/uploads\/2021\/09\/cropped-LAZALE-LOGO.png","width":243,"height":78,"caption":"Lazale"},"image":{"@id":"https:\/\/lazale.com\/pt\/#\/schema\/logo\/image\/"}}]}},"uagb_featured_image_src":{"full":false,"thumbnail":false,"medium":false,"medium_large":false,"large":false,"1536x1536":false,"2048x2048":false,"trp-custom-language-flag":false,"woocommerce_thumbnail":false,"woocommerce_single":false,"woocommerce_gallery_thumbnail":false},"uagb_author_info":{"display_name":"Kerem085","author_link":"https:\/\/lazale.com\/sv\/author\/kerem085\/"},"uagb_comment_info":0,"uagb_excerpt":"Widerrufsrecht f\u00fcr Verbraucher Verbraucher ist jede nat\u00fcrliche Person, die ein Rechtsgesch\u00e4ft zu Zwecken abschlie\u00dft, die \u00fcberwiegend weder ihrer gewerblichen noch ihrer selbstst\u00e4ndigen beruflichen T\u00e4tigkeit zugerechnet werden kann. Widerrufsbelehrung Lazale Widerrufsrecht Sie haben das Recht, binnen vierzehn Tagen diesen Vertrag zu widerrufen. Die Widerrufsfrist betr\u00e4gt vierzehn Tage ab dem Tag, an dem Sie oder ein von&hellip;","coauthors":[],"author_meta":{"author_link":"https:\/\/lazale.com\/sv\/author\/kerem085\/","display_name":"Kerem085"},"relative_dates":{"created":"Publicerad 5 \u00e5r sedan","modified":"Uppdaterad 10 m\u00e5nader sedan"},"absolute_dates":{"created":"Publicerat den september 27, 2021","modified":"Uppdaterad den juni 30, 2025"},"absolute_dates_time":{"created":"Publicerat den september 27, 2021 5:24 f m","modified":"Uppdaterad den juni 30, 2025 8:23 f m"},"featured_img_caption":"","featured_img":false,"series_order":"","_links":{"self":[{"href":"https:\/\/lazale.com\/sv\/wp-json\/wp\/v2\/pages\/15","targetHints":{"allow":["GET"]}}],"collection":[{"href":"https:\/\/lazale.com\/sv\/wp-json\/wp\/v2\/pages"}],"about":[{"href":"https:\/\/lazale.com\/sv\/wp-json\/wp\/v2\/types\/page"}],"author":[{"embeddable":true,"href":"https:\/\/lazale.com\/sv\/wp-json\/wp\/v2\/users\/1"}],"replies":[{"embeddable":true,"href":"https:\/\/lazale.com\/sv\/wp-json\/wp\/v2\/comments?post=15"}],"version-history":[{"count":11,"href":"https:\/\/lazale.com\/sv\/wp-json\/wp\/v2\/pages\/15\/revisions"}],"predecessor-version":[{"id":3468,"href":"https:\/\/lazale.com\/sv\/wp-json\/wp\/v2\/pages\/15\/revisions\/3468"}],"wp:attachment":[{"href":"https:\/\/lazale.com\/sv\/wp-json\/wp\/v2\/media?parent=15"}],"curies":[{"name":"wp","href":"https:\/\/api.w.org\/{rel}","templated":true}]}}